{"id":1915,"date":"2022-07-27T15:17:28","date_gmt":"2022-07-27T13:17:28","guid":{"rendered":"https:\/\/fitelbergcompetition.com\/?page_id=1915"},"modified":"2022-07-27T15:32:18","modified_gmt":"2022-07-27T13:32:18","slug":"program","status":"publish","type":"page","link":"https:\/\/fitelbergcompetition.com\/pl\/konkurs\/program\/","title":{"rendered":"Program"},"content":{"rendered":"\t\t<div data-elementor-type=\"wp-page\" data-elementor-id=\"1915\" class=\"elementor elementor-1915\">\n\t\t\t\t\t\t\t\t\t<section class=\"elementor-section elementor-top-section elementor-element elementor-element-a37492a elementor-section-boxed elementor-section-height-default elementor-section-height-default\" data-id=\"a37492a\" data-element_type=\"section\" data-settings=\"{&quot;jet_parallax_layout_list&quot;:[]}\">\n\t\t\t\t\t\t<div class=\"elementor-container elementor-column-gap-default\">\n\t\t\t\t\t<div class=\"elementor-column elementor-col-100 elementor-top-column elementor-element elementor-element-f393742\" data-id=\"f393742\" data-element_type=\"column\">\n\t\t\t<div class=\"elementor-widget-wrap elementor-element-populated\">\n\t\t\t\t\t\t\t\t<div class=\"elementor-element elementor-element-981b699 elementor-widget elementor-widget-heading\" data-id=\"981b699\" data-element_type=\"widget\" data-widget_type=\"heading.default\">\n\t\t\t\t<div class=\"elementor-widget-container\">\n\t\t\t<style>\/*! elementor - v3.11.1 - 15-02-2023 *\/\n.elementor-heading-title{padding:0;margin:0;line-height:1}.elementor-widget-heading .elementor-heading-title[class*=elementor-size-]>a{color:inherit;font-size:inherit;line-height:inherit}.elementor-widget-heading .elementor-heading-title.elementor-size-small{font-size:15px}.elementor-widget-heading .elementor-heading-title.elementor-size-medium{font-size:19px}.elementor-widget-heading .elementor-heading-title.elementor-size-large{font-size:29px}.elementor-widget-heading .elementor-heading-title.elementor-size-xl{font-size:39px}.elementor-widget-heading .elementor-heading-title.elementor-size-xxl{font-size:59px}<\/style><h1 class=\"elementor-heading-title elementor-size-default\">Program<\/h1>\t\t<\/div>\n\t\t\t\t<\/div>\n\t\t\t\t<div class=\"elementor-element elementor-element-e4a2965 elementor-widget elementor-widget-text-editor\" data-id=\"e4a2965\" data-element_type=\"widget\" data-widget_type=\"text-editor.default\">\n\t\t\t\t<div class=\"elementor-widget-container\">\n\t\t\t<style>\/*! elementor - v3.11.1 - 15-02-2023 *\/\n.elementor-widget-text-editor.elementor-drop-cap-view-stacked .elementor-drop-cap{background-color:#818a91;color:#fff}.elementor-widget-text-editor.elementor-drop-cap-view-framed .elementor-drop-cap{color:#818a91;border:3px solid;background-color:transparent}.elementor-widget-text-editor:not(.elementor-drop-cap-view-default) .elementor-drop-cap{margin-top:8px}.elementor-widget-text-editor:not(.elementor-drop-cap-view-default) .elementor-drop-cap-letter{width:1em;height:1em}.elementor-widget-text-editor .elementor-drop-cap{float:left;text-align:center;line-height:1;font-size:50px}.elementor-widget-text-editor .elementor-drop-cap-letter{display:inline-block}<\/style>\t\t\t\t<h2><strong>Etap I<\/strong><\/h2><p>Z\u00a0podanego repertuaru Uczestnik Konkursu wybiera dwa utwory z\u00a0grupy A\u00a0i\u00a0dwa utwory z\u00a0grupy B, po\u00a0czym ze\u00a0wskazanych losuje po\u00a0jednym utworze z\u00a0ka\u017cdej grupy. Na\u00a0opracowanie z\u00a0orkiestr\u0105 wylosowanych utwor\u00f3w przeznacza si\u0119 nie\u00a0wi\u0119cej ni\u017c 30 minut. W\u00a0dzie\u0142ach cyklicznych i\u00a0wielocz\u0119\u015bciowych \u2013 w\u00a0wypadku rezygnacji Jury z\u00a0wyznaczenia okre\u015blonej cz\u0119\u015bci utworu \u2013 Uczestnik Konkursu dokonuje tego wyboru wed\u0142ug w\u0142asnego uznania.<\/p><p><strong>GRUPA A<\/strong><\/p><p>G. Rossini \u2013 Uwertura do\u00a0opery\u00a0<em>Sroka z\u0142odziejka<\/em>\u00a0(wyd. Luck\u2019s Music Library)<\/p><p>C.M. Weber \u2013 Uwertura do\u00a0opery\u00a0<em>Oberon<\/em><\/p><p>G. Verdi \u2013 Uwertura do\u00a0opery\u00a0<em>Nabucco<\/em><\/p><p>S. Moniuszko \u2013 Uwertura fantastyczna\u00a0<em>Bajka<\/em><\/p><p><strong>GRUPA B<\/strong><\/p><p>W.A. Mozart \u2013<em>\u00a0Symfonia D-dur\u00a0Haffnerowska\u00a0KV 385 (wyd. B\u00e4renreiter)<\/em><\/p><p>W.A. Mozart \u2013 Symfonia C-dur\u00a0<em>Linzka<\/em>\u00a0KV 425 (wyd. B\u00e4renreiter)<\/p><p>L. van Beethoven \u2013 V\u00a0Symfonia c-moll\u00a0op. 67 (wyd. B\u00e4renreiter)<\/p><p>L. van Beethoven \u2013 III Symfonia Es-dur op. 55\u00a0<em>Eroica<\/em><\/p><p><strong>\u00a0<\/strong><\/p><h2><strong>Etap II\u00a0<\/strong><\/h2><p>Z\u00a0podanego repertuaru Uczestnik Konkursu wybiera dwa utwory z\u00a0grupy A\u00a0i\u00a0dwa utwory z\u00a0grupy B\u00a0(w\u00a0tym obowi\u0105zkowo kompozycj\u0119 Karola Szymanowskiego albo\u00a0Henryka Miko\u0142aja G\u00f3reckiego), po\u00a0czym ze\u00a0wskazanych losuje po\u00a0jednym utworze z\u00a0ka\u017cdej grupy. Na\u00a0opracowanie z\u00a0orkiestr\u0105 wylosowanych utwor\u00f3w przeznacza si\u0119 nie\u00a0wi\u0119cej ni\u017c 45 minut. W\u00a0dzie\u0142ach cyklicznych i\u00a0wielocz\u0119\u015bciowych \u2013 w\u00a0wypadku rezygnacji Jury z\u00a0wyznaczenia okre\u015blonej cz\u0119\u015bci utworu \u2013 Uczestnik Konkursu dokonuje tego wyboru wed\u0142ug w\u0142asnego uznania.<\/p><p><strong>GRUPA A\u00a0<\/strong><\/p><p>E. Elgar \u2013 Wariacje Enigma op. 36<\/p><p>A. Dvo\u0159\u00e1k \u2013 IX Symfonia e-moll\u00a0<em>Z\u00a0Nowego \u015awiata<\/em>\u00a0op. 95<\/p><p>J. Brahms \u2013 IV Symfonia e-moll\u00a0\u00a0op. 98<\/p><p>M. Kar\u0142owicz \u2013 Symfonia e-moll\u00a0<em>Odrodzenie<\/em>\u00a0op. 7<\/p><p><strong>GRUPA B<\/strong><\/p><p>A. Dvo\u0159\u00e1k \u2013 Koncert wiolonczelowy h-moll op. 104<\/p><p>H.M. G\u00f3recki \u2013 Concerto-Cantata\u00a0op. 65<\/p><p>J. Sibelius \u2013 Koncert skrzypcowy\u00a0d-moll\u00a0op. 47<\/p><p>K. Szymanowski \u2013 II\u00a0Koncert skrzypcowy op.\u00a0\u00a061<\/p><p><strong>\u00a0<\/strong><\/p><h3><strong>Etap III<\/strong><\/h3><p>Z\u00a0podanego repertuaru Uczestnik Konkursu wybiera dwa utwory z\u00a0grupy A\u00a0i\u00a0dwa utwory z\u00a0grupy B, po\u00a0czym ze\u00a0wskazanych losuje po\u00a0jednym utworze z\u00a0grupy A\u00a0i\u00a0grupy B.\u00a0Na\u00a0opracowanie z\u00a0orkiestr\u0105 wylosowanych utwor\u00f3w przeznacza si\u0119 nie\u00a0wi\u0119cej ni\u017c 50 minut (nie\u00a0wi\u0119cej ni\u017c 25 minut na\u00a0ka\u017cdy z\u00a0wylosowanych utwor\u00f3w). W\u00a0dzie\u0142ach cyklicznych i\u00a0wielocz\u0119\u015bciowych \u2013 w\u00a0wypadku rezygnacji Jury z\u00a0wyznaczenia okre\u015blonej cz\u0119\u015bci utworu \u2013 Uczestnik Konkursu dokonuje tego wyboru wed\u0142ug w\u0142asnego uznania.<\/p><p><strong>GRUPA A<\/strong><\/p><p>C. Debussy \u2013\u00a0<em>Morze<\/em><\/p><p>S. Hindemith \u2013 Symfonia\u00a0<em>Mateusz Malarz<\/em><\/p><p>B.\u00a0Bart\u00f3k \u2013 Koncert na\u00a0orkiestr\u0119<\/p><p>W. Lutos\u0142awski \u2013 Koncert na\u00a0orkiestr\u0119<\/p><p><strong>GRUPA B<\/strong><\/p><p>K. Szymanowski \u2013 II\u00a0Symfonia B-dur op. 19<\/p><p>W. Lutos\u0142awski \u2013 IV Symfonia<\/p><p>H.M. G\u00f3recki \u2013\u00a0<em>Refren<\/em>\u00a0op. 21<\/p><p>K. Penderecki \u2013 II\u00a0Symfonia\u00a0<em>Bo\u017conarodzeniowa<\/em><\/p><p><em>\u00a0<\/em><\/p><p>Zmiany w zg\u0142oszonym przez Uczestnika do Konkursu programie ka\u017cdego etapu s\u0105 dozwolone, pod warunkiem, \u017ce zostan\u0105 zg\u0142oszone (w formie elektronicznej, za pomoc\u0105 formularza rejestracyjnego dost\u0119pnego na stronie internetowej<a href=\"http:\/\/www.fitelbergcompetition.com\/\"> fitelbergcompetition.com<\/a>) nie\u00a0p\u00f3\u017aniej ni\u017c do\u00a0dnia 29 wrze\u015bnia 2023 r.<\/p>\t\t\t\t\t\t<\/div>\n\t\t\t\t<\/div>\n\t\t\t\t\t<\/div>\n\t\t<\/div>\n\t\t\t\t\t\t\t<\/div>\n\t\t<\/section>\n\t\t\t\t\t\t\t<\/div>\n\t\t","protected":false},"excerpt":{"rendered":"<p>Program Etap I Z\u00a0podanego repertuaru Uczestnik Konkursu wybiera dwa utwory z\u00a0grupy A\u00a0i\u00a0dwa utwory z\u00a0grupy B, po\u00a0czym ze\u00a0wskazanych losuje po\u00a0jednym utworze z\u00a0ka\u017cdej grupy. Na\u00a0opracowanie z\u00a0orkiestr\u0105 wylosowanych utwor\u00f3w przeznacza si\u0119 nie\u00a0wi\u0119cej ni\u017c 30 minut. W\u00a0dzie\u0142ach cyklicznych i\u00a0wielocz\u0119\u015bciowych \u2013 w\u00a0wypadku rezygnacji Jury z\u00a0wyznaczenia okre\u015blonej cz\u0119\u015bci utworu \u2013 Uczestnik Konkursu dokonuje tego wyboru wed\u0142ug w\u0142asnego uznania. GRUPA A G. [&hellip;]<\/p>\n","protected":false},"author":3,"featured_media":0,"parent":406,"menu_order":1,"comment_status":"closed","ping_status":"closed","template":"","meta":{"footnotes":""},"class_list":["post-1915","page","type-page","status-publish","hentry"],"_links":{"self":[{"href":"https:\/\/fitelbergcompetition.com\/pl\/wp-json\/wp\/v2\/pages\/1915","targetHints":{"allow":["GET"]}}],"collection":[{"href":"https:\/\/fitelbergcompetition.com\/pl\/wp-json\/wp\/v2\/pages"}],"about":[{"href":"https:\/\/fitelbergcompetition.com\/pl\/wp-json\/wp\/v2\/types\/page"}],"author":[{"embeddable":true,"href":"https:\/\/fitelbergcompetition.com\/pl\/wp-json\/wp\/v2\/users\/3"}],"replies":[{"embeddable":true,"href":"https:\/\/fitelbergcompetition.com\/pl\/wp-json\/wp\/v2\/comments?post=1915"}],"version-history":[{"count":10,"href":"https:\/\/fitelbergcompetition.com\/pl\/wp-json\/wp\/v2\/pages\/1915\/revisions"}],"predecessor-version":[{"id":1938,"href":"https:\/\/fitelbergcompetition.com\/pl\/wp-json\/wp\/v2\/pages\/1915\/revisions\/1938"}],"up":[{"embeddable":true,"href":"https:\/\/fitelbergcompetition.com\/pl\/wp-json\/wp\/v2\/pages\/406"}],"wp:attachment":[{"href":"https:\/\/fitelbergcompetition.com\/pl\/wp-json\/wp\/v2\/media?parent=1915"}],"curies":[{"name":"wp","href":"https:\/\/api.w.org\/{rel}","templated":true}]}}