{"id":2127,"date":"2022-08-18T23:33:52","date_gmt":"2022-08-18T21:33:52","guid":{"rendered":"https:\/\/fitelbergcompetition.com\/?page_id=2127"},"modified":"2022-10-12T13:48:24","modified_gmt":"2022-10-12T11:48:24","slug":"uczestnicy","status":"publish","type":"page","link":"https:\/\/fitelbergcompetition.com\/pl\/masterclass\/uczestnicy\/","title":{"rendered":"Uczestnicy"},"content":{"rendered":"\t\t<div data-elementor-type=\"wp-page\" data-elementor-id=\"2127\" class=\"elementor elementor-2127 elementor-2122\">\n\t\t\t\t\t\t\t\t\t<section class=\"elementor-section elementor-top-section elementor-element elementor-element-c1a8c8d elementor-section-boxed elementor-section-height-default elementor-section-height-default\" data-id=\"c1a8c8d\" data-element_type=\"section\" data-settings=\"{&quot;jet_parallax_layout_list&quot;:[]}\">\n\t\t\t\t\t\t<div class=\"elementor-container elementor-column-gap-default\">\n\t\t\t\t\t<div class=\"elementor-column elementor-col-100 elementor-top-column elementor-element elementor-element-6338590\" data-id=\"6338590\" data-element_type=\"column\">\n\t\t\t<div class=\"elementor-widget-wrap elementor-element-populated\">\n\t\t\t\t\t\t\t\t<div class=\"elementor-element elementor-element-c0bbce8 elementor-widget elementor-widget-heading\" data-id=\"c0bbce8\" data-element_type=\"widget\" data-widget_type=\"heading.default\">\n\t\t\t\t<div class=\"elementor-widget-container\">\n\t\t\t<style>\/*! elementor - v3.11.1 - 15-02-2023 *\/\n.elementor-heading-title{padding:0;margin:0;line-height:1}.elementor-widget-heading .elementor-heading-title[class*=elementor-size-]>a{color:inherit;font-size:inherit;line-height:inherit}.elementor-widget-heading .elementor-heading-title.elementor-size-small{font-size:15px}.elementor-widget-heading .elementor-heading-title.elementor-size-medium{font-size:19px}.elementor-widget-heading .elementor-heading-title.elementor-size-large{font-size:29px}.elementor-widget-heading .elementor-heading-title.elementor-size-xl{font-size:39px}.elementor-widget-heading .elementor-heading-title.elementor-size-xxl{font-size:59px}<\/style><h1 class=\"elementor-heading-title elementor-size-default\">Uczestnicy<\/h1>\t\t<\/div>\n\t\t\t\t<\/div>\n\t\t\t\t<div class=\"elementor-element elementor-element-5446406 elementor-widget elementor-widget-heading\" data-id=\"5446406\" data-element_type=\"widget\" data-widget_type=\"heading.default\">\n\t\t\t\t<div class=\"elementor-widget-container\">\n\t\t\t<h2 class=\"elementor-heading-title elementor-size-default\">Mi\u0119dzynarodowy Kurs Dyrygencki im. Grzegorza Fitelberga Masterclass 2022<\/h2>\t\t<\/div>\n\t\t\t\t<\/div>\n\t\t\t\t<div class=\"elementor-element elementor-element-ab0abf3 elementor-widget elementor-widget-spacer\" data-id=\"ab0abf3\" data-element_type=\"widget\" data-widget_type=\"spacer.default\">\n\t\t\t\t<div class=\"elementor-widget-container\">\n\t\t\t<style>\/*! elementor - v3.11.1 - 15-02-2023 *\/\n.elementor-column .elementor-spacer-inner{height:var(--spacer-size)}.e-con{--container-widget-width:100%}.e-con-inner>.elementor-widget-spacer,.e-con>.elementor-widget-spacer{width:var(--container-widget-width,var(--spacer-size));--align-self:var(--container-widget-align-self,initial);--flex-shrink:0}.e-con-inner>.elementor-widget-spacer>.elementor-widget-container,.e-con-inner>.elementor-widget-spacer>.elementor-widget-container>.elementor-spacer,.e-con>.elementor-widget-spacer>.elementor-widget-container,.e-con>.elementor-widget-spacer>.elementor-widget-container>.elementor-spacer{height:100%}.e-con-inner>.elementor-widget-spacer>.elementor-widget-container>.elementor-spacer>.elementor-spacer-inner,.e-con>.elementor-widget-spacer>.elementor-widget-container>.elementor-spacer>.elementor-spacer-inner{height:var(--container-widget-height,var(--spacer-size))}<\/style>\t\t<div class=\"elementor-spacer\">\n\t\t\t<div class=\"elementor-spacer-inner\"><\/div>\n\t\t<\/div>\n\t\t\t\t<\/div>\n\t\t\t\t<\/div>\n\t\t\t\t<div class=\"elementor-element elementor-element-7da0f6c elementor-widget elementor-widget-text-editor\" data-id=\"7da0f6c\" data-element_type=\"widget\" data-widget_type=\"text-editor.default\">\n\t\t\t\t<div class=\"elementor-widget-container\">\n\t\t\t<style>\/*! elementor - v3.11.1 - 15-02-2023 *\/\n.elementor-widget-text-editor.elementor-drop-cap-view-stacked .elementor-drop-cap{background-color:#818a91;color:#fff}.elementor-widget-text-editor.elementor-drop-cap-view-framed .elementor-drop-cap{color:#818a91;border:3px solid;background-color:transparent}.elementor-widget-text-editor:not(.elementor-drop-cap-view-default) .elementor-drop-cap{margin-top:8px}.elementor-widget-text-editor:not(.elementor-drop-cap-view-default) .elementor-drop-cap-letter{width:1em;height:1em}.elementor-widget-text-editor .elementor-drop-cap{float:left;text-align:center;line-height:1;font-size:50px}.elementor-widget-text-editor .elementor-drop-cap-letter{display:inline-block}<\/style>\t\t\t\t<p><strong>AKTYWNI UCZESTNICY:<\/strong><\/p>\n<p>Gaetano Lo Coco \u2013 Hiszpania<\/p>\n<p>Federico Crisanaz &#8211; W\u0142ochy<\/p>\n<p>Gaddiel Dombrowner &#8211; Izrael<\/p>\n<p>Junyoung Kim &#8211; Korea Po\u0142udniowa (Niemcy)<\/p>\n<p>Maciej Koczur &#8211; Polska<\/p>\n<p>Yerry Park &#8211; Korea Po\u0142udniowa (Austria)<\/p>\n<p>Alexander Schmid &#8211; Niemcy<\/p>\n<p>Alicja Pacze\u015bniak-S\u0142ota &#8211;&nbsp; Polska<\/p>\n<p>Konstantins Petrenko &#8211; \u0141otwa<\/p>\n<p>Hitoshi Suzuki &#8211; Belgia<\/p>\n<p>YU-TE WU \u2013 Tajwan<\/p>\n<p>Andrej Vesel \u2013 Chorwacja (Austria)<\/p>\n<p><\/p>\n<p><strong>PASYWNI UCZESTNICY:<\/strong><\/p>\n<p><span style=\"background-color: var( --e-global-color-f84f525 ); color: var( --e-global-color-text );\">Hanna Derej &#8211; Polska<\/span><br><\/p>\n<p>Anastasiia Mudrakova &#8211; Polska<\/p>\n<p>Bartosz Staniszewski &#8211; Polska<\/p>\n<p>Marek Walczak &#8211; Polska<\/p>\n<p>Junichiro Watahiki &#8211; Niemcy<\/p>\n<p>Sabrina Stachel &#8211; Polska<\/p>\t\t\t\t\t\t<\/div>\n\t\t\t\t<\/div>\n\t\t\t\t\t<\/div>\n\t\t<\/div>\n\t\t\t\t\t\t\t<\/div>\n\t\t<\/section>\n\t\t\t\t\t\t\t<\/div>\n\t\t","protected":false},"excerpt":{"rendered":"<p>Uczestnicy Mi\u0119dzynarodowy Kurs Dyrygencki im. Grzegorza Fitelberga Masterclass 2022 AKTYWNI UCZESTNICY: Gaetano Lo Coco \u2013 Hiszpania Federico Crisanaz &#8211; W\u0142ochy Gaddiel Dombrowner &#8211; Izrael Junyoung Kim &#8211; Korea Po\u0142udniowa (Niemcy) Maciej Koczur &#8211; Polska Yerry Park &#8211; Korea Po\u0142udniowa (Austria) Alexander Schmid &#8211; Niemcy Alicja Pacze\u015bniak-S\u0142ota &#8211;&nbsp; Polska Konstantins Petrenko &#8211; \u0141otwa Hitoshi Suzuki &#8211; [&hellip;]<\/p>\n","protected":false},"author":3,"featured_media":0,"parent":431,"menu_order":0,"comment_status":"closed","ping_status":"closed","template":"","meta":{"footnotes":""},"class_list":["post-2127","page","type-page","status-publish","hentry"],"_links":{"self":[{"href":"https:\/\/fitelbergcompetition.com\/pl\/wp-json\/wp\/v2\/pages\/2127","targetHints":{"allow":["GET"]}}],"collection":[{"href":"https:\/\/fitelbergcompetition.com\/pl\/wp-json\/wp\/v2\/pages"}],"about":[{"href":"https:\/\/fitelbergcompetition.com\/pl\/wp-json\/wp\/v2\/types\/page"}],"author":[{"embeddable":true,"href":"https:\/\/fitelbergcompetition.com\/pl\/wp-json\/wp\/v2\/users\/3"}],"replies":[{"embeddable":true,"href":"https:\/\/fitelbergcompetition.com\/pl\/wp-json\/wp\/v2\/comments?post=2127"}],"version-history":[{"count":32,"href":"https:\/\/fitelbergcompetition.com\/pl\/wp-json\/wp\/v2\/pages\/2127\/revisions"}],"predecessor-version":[{"id":2581,"href":"https:\/\/fitelbergcompetition.com\/pl\/wp-json\/wp\/v2\/pages\/2127\/revisions\/2581"}],"up":[{"embeddable":true,"href":"https:\/\/fitelbergcompetition.com\/pl\/wp-json\/wp\/v2\/pages\/431"}],"wp:attachment":[{"href":"https:\/\/fitelbergcompetition.com\/pl\/wp-json\/wp\/v2\/media?parent=2127"}],"curies":[{"name":"wp","href":"https:\/\/api.w.org\/{rel}","templated":true}]}}