{"id":2836,"date":"2023-02-20T11:52:31","date_gmt":"2023-02-20T10:52:31","guid":{"rendered":"https:\/\/fitelbergcompetition.com\/?page_id=2836"},"modified":"2025-02-18T13:16:32","modified_gmt":"2025-02-18T12:16:32","slug":"lawrence-foster","status":"publish","type":"page","link":"https:\/\/fitelbergcompetition.com\/pl\/masterclass\/lawrence-foster\/","title":{"rendered":"Lawrence Foster"},"content":{"rendered":"\t\t<div data-elementor-type=\"wp-page\" data-elementor-id=\"2836\" class=\"elementor elementor-2836 elementor-2835\">\n\t\t\t\t\t\t\t\t\t<section class=\"elementor-section elementor-top-section elementor-element elementor-element-8c3373f elementor-section-boxed elementor-section-height-default elementor-section-height-default\" data-id=\"8c3373f\" data-element_type=\"section\" data-settings=\"{&quot;jet_parallax_layout_list&quot;:[]}\">\n\t\t\t\t\t\t<div class=\"elementor-container elementor-column-gap-default\">\n\t\t\t\t\t<div class=\"elementor-column elementor-col-100 elementor-top-column elementor-element elementor-element-9ead034\" data-id=\"9ead034\" data-element_type=\"column\">\n\t\t\t<div class=\"elementor-widget-wrap elementor-element-populated\">\n\t\t\t\t\t\t\t\t<div class=\"elementor-element elementor-element-07d5ca7 elementor-widget elementor-widget-heading\" data-id=\"07d5ca7\" data-element_type=\"widget\" data-widget_type=\"heading.default\">\n\t\t\t\t<div class=\"elementor-widget-container\">\n\t\t\t<style>\/*! elementor - v3.11.1 - 15-02-2023 *\/\n.elementor-heading-title{padding:0;margin:0;line-height:1}.elementor-widget-heading .elementor-heading-title[class*=elementor-size-]>a{color:inherit;font-size:inherit;line-height:inherit}.elementor-widget-heading .elementor-heading-title.elementor-size-small{font-size:15px}.elementor-widget-heading .elementor-heading-title.elementor-size-medium{font-size:19px}.elementor-widget-heading .elementor-heading-title.elementor-size-large{font-size:29px}.elementor-widget-heading .elementor-heading-title.elementor-size-xl{font-size:39px}.elementor-widget-heading .elementor-heading-title.elementor-size-xxl{font-size:59px}<\/style><h1 class=\"elementor-heading-title elementor-size-default\">Lawrence Foster<\/h1>\t\t<\/div>\n\t\t\t\t<\/div>\n\t\t\t\t\t<\/div>\n\t\t<\/div>\n\t\t\t\t\t\t\t<\/div>\n\t\t<\/section>\n\t\t\t\t<section class=\"elementor-section elementor-top-section elementor-element elementor-element-1676870 elementor-section-boxed elementor-section-height-default elementor-section-height-default\" data-id=\"1676870\" data-element_type=\"section\" data-settings=\"{&quot;jet_parallax_layout_list&quot;:[]}\">\n\t\t\t\t\t\t<div class=\"elementor-container elementor-column-gap-default\">\n\t\t\t\t\t<div class=\"elementor-column elementor-col-33 elementor-top-column elementor-element elementor-element-2fe7af4\" data-id=\"2fe7af4\" data-element_type=\"column\">\n\t\t\t<div class=\"elementor-widget-wrap elementor-element-populated\">\n\t\t\t\t\t\t\t\t<div class=\"elementor-element elementor-element-b676a2a elementor-widget elementor-widget-image\" data-id=\"b676a2a\" data-element_type=\"widget\" data-widget_type=\"image.default\">\n\t\t\t\t<div class=\"elementor-widget-container\">\n\t\t\t<style>\/*! elementor - v3.11.1 - 15-02-2023 *\/\n.elementor-widget-image{text-align:center}.elementor-widget-image a{display:inline-block}.elementor-widget-image a img[src$=\".svg\"]{width:48px}.elementor-widget-image img{vertical-align:middle;display:inline-block}<\/style>\t\t\t\t\t\t\t\t\t\t\t\t<img loading=\"lazy\" decoding=\"async\" width=\"800\" height=\"800\" src=\"https:\/\/fitelbergcompetition.com\/wp-content\/uploads\/2022\/08\/Lawrence-Foster-fot.-Marc-Ginot-1024x1024.jpg\" class=\"attachment-large size-large wp-image-1958\" alt=\"Lawrence Foster\" srcset=\"https:\/\/fitelbergcompetition.com\/wp-content\/uploads\/2022\/08\/Lawrence-Foster-fot.-Marc-Ginot-1024x1024.jpg 1024w, https:\/\/fitelbergcompetition.com\/wp-content\/uploads\/2022\/08\/Lawrence-Foster-fot.-Marc-Ginot-300x300.jpg 300w, https:\/\/fitelbergcompetition.com\/wp-content\/uploads\/2022\/08\/Lawrence-Foster-fot.-Marc-Ginot-150x150.jpg 150w, https:\/\/fitelbergcompetition.com\/wp-content\/uploads\/2022\/08\/Lawrence-Foster-fot.-Marc-Ginot-768x768.jpg 768w, https:\/\/fitelbergcompetition.com\/wp-content\/uploads\/2022\/08\/Lawrence-Foster-fot.-Marc-Ginot-1536x1536.jpg 1536w, https:\/\/fitelbergcompetition.com\/wp-content\/uploads\/2022\/08\/Lawrence-Foster-fot.-Marc-Ginot-2048x2048.jpg 2048w\" sizes=\"auto, (max-width: 800px) 100vw, 800px\" \/>\t\t\t\t\t\t\t\t\t\t\t\t\t\t\t<\/div>\n\t\t\t\t<\/div>\n\t\t\t\t\t<\/div>\n\t\t<\/div>\n\t\t\t\t<div class=\"elementor-column elementor-col-66 elementor-top-column elementor-element elementor-element-61c249c\" data-id=\"61c249c\" data-element_type=\"column\">\n\t\t\t<div class=\"elementor-widget-wrap elementor-element-populated\">\n\t\t\t\t\t\t\t\t<div class=\"elementor-element elementor-element-c8961da elementor-widget elementor-widget-text-editor\" data-id=\"c8961da\" data-element_type=\"widget\" data-widget_type=\"text-editor.default\">\n\t\t\t\t<div class=\"elementor-widget-container\">\n\t\t\t<style>\/*! elementor - v3.11.1 - 15-02-2023 *\/\n.elementor-widget-text-editor.elementor-drop-cap-view-stacked .elementor-drop-cap{background-color:#818a91;color:#fff}.elementor-widget-text-editor.elementor-drop-cap-view-framed .elementor-drop-cap{color:#818a91;border:3px solid;background-color:transparent}.elementor-widget-text-editor:not(.elementor-drop-cap-view-default) .elementor-drop-cap{margin-top:8px}.elementor-widget-text-editor:not(.elementor-drop-cap-view-default) .elementor-drop-cap-letter{width:1em;height:1em}.elementor-widget-text-editor .elementor-drop-cap{float:left;text-align:center;line-height:1;font-size:50px}.elementor-widget-text-editor .elementor-drop-cap-letter{display:inline-block}<\/style>\t\t\t\t<p><strong>Lawrence Foster znany jest ze swoich porywaj\u0105cych i ekspresyjnych wyst\u0119p\u00f3w w szerokiej gamie muzyki i cieszy si\u0119 znacz\u0105c\u0105 karier\u0105 obejmuj\u0105c\u0105 Stany Zjednoczone, Europ\u0119 i Azj\u0119. Jako mistrz muzyki Enescu, jego interpretacje s\u0142yn\u0105 z wierno\u015bci partyturze: \u201eLawrence Foster, jak si\u0119 wydaje, zosta\u0142 postawiony na tej planecie, aby dyrygowa\u0107 muzyk\u0105 Enescu. Jest wyra\u017anie prawdziwym wyznawc\u0105 i rozumie ka\u017cdy techniczny niuans i ka\u017cdy ekspresyjny zwrot akcji\u201d \u2013 The Telegraph.<\/strong><\/p><p>Po dziewi\u0119cioletniej kadencji jako Dyrektor Muzyczny Op\u00e9ra de Marseille oraz czteroletnim Artystycznym i G\u0142\u00f3wnym Dyrygentem Narodowej Orkiestry Symfonicznej Polskiego Radia, w tym sezonie 2023\/24 Lawrence Foster zosta\u0142 zaproszony do poprowadzenia ekscytuj\u0105cej r\u00f3\u017cnorodno\u015bci program\u00f3w. W dziedzinie operowej powr\u00f3ci na Festiwal Enescu na Peleasa i Melizand\u0119 Debussy&#8217;ego. Jego r\u00f3\u017cnorodne programy symfoniczne b\u0119d\u0105 obejmowa\u0107 wykonania utwor\u00f3w Brahmsa, Prokofiewa, Enescu, Coplanda, Korngolda, Kurta Weilla, Beethovena, Straussa, Czajkowskiego, Mozarta, Mahlera, Berga i Pendereckiego z orkiestrami takimi jak Royal Liverpool Philharmonic Orchestra, Bruckner Orchester Linz, W\u00fcrth Philharmonic Orchestra i Zagreb Philharmonic Orchestra, opr\u00f3cz regularnej wsp\u00f3\u0142pracy z Op\u00e9ra Marseille i Narodow\u0105 Orkiestr\u0105 Symfoniczn\u0105 Polskiego Radia.<\/p><p>Lawrence Foster jest d\u0142ugoletni\u0105 i ikoniczn\u0105 osobowo\u015bci\u0105 \u015bwiata muzyki klasycznej. Nagrodzony Nagrod\u0105 Koussevitzky&#8217;ego w Tanglewood w 1966 roku, zosta\u0142 asystentem dyrygenta Zubina Mehty w Los Angeles Philharmonic i g\u0142\u00f3wnym go\u015bcinnym dyrygentem Royal Philharmonic Orchestra w 1969 roku. Od tego czasu by\u0142 dyrektorem muzycznym Houston Symphony, Orchestre Philharmonique de Monte-Carlo, Orchestre de Chambre de Lausanne, Orquestra Simf\u00f2nica de Barcelona i Nacional de Catalunya, Gulbenkian Orchestra, Orchestre Philharmonique de Montpellier i Aspen Music Festival and School, w\u015br\u00f3d wielu innych stanowisk.<\/p><p>Foster jest szczeg\u00f3lnie ceniony jako interpretator dzie\u0142 George&#8217;a Enescu i dokona\u0142 kompleksowego przegl\u0105du komercyjnych nagra\u0144 muzyki Enescu. Pe\u0142ni\u0142 funkcj\u0119 dyrektora artystycznego George Enescu Festival od 1998 do 2001 roku. W 2003 roku Foster zosta\u0142 odznaczony przez prezydenta Rumunii za zas\u0142ugi dla muzyki rumu\u0144skiej.<\/p><p>Foster nagrywa\u0142 dla Pentatone w tym symfonie Schumanna, dzie\u0142a orkiestrowe Kod\u00e1lya, Bart\u00f3ka i Ligetiego, koncerty fortepianowe i skrzypcowe Brucha, Korngolda, Rachmaninowa, Griega i Chopina z r\u00f3\u017cnymi solistami, a tak\u017ce opery takie jak Otello, Madame Butterfly, Fledermaus i Dziewczyna ze Z\u0142otego Zachodu. Jego nagranie Edypa Enescu (EMI) zosta\u0142o nagrodzone Grand Prix du Disque od Acad\u00e9mie Charles Cros we Francji.<\/p>\t\t\t\t\t\t<\/div>\n\t\t\t\t<\/div>\n\t\t\t\t\t<\/div>\n\t\t<\/div>\n\t\t\t\t\t\t\t<\/div>\n\t\t<\/section>\n\t\t\t\t\t\t\t<\/div>\n\t\t","protected":false},"excerpt":{"rendered":"<p>Lawrence Foster znany jest ze swoich porywaj\u0105cych i ekspresyjnych wyst\u0119p\u00f3w w szerokiej gamie muzyki i cieszy si\u0119 znacz\u0105c\u0105 karier\u0105 obejmuj\u0105c\u0105 Stany Zjednoczone, Europ\u0119 i Azj\u0119. Jako mistrz muzyki Enescu, jego interpretacje s\u0142yn\u0105 z wierno\u015bci partyturze: \u201eLawrence Foster, jak si\u0119 wydaje, zosta\u0142 postawiony na tej planecie, aby dyrygowa\u0107 muzyk\u0105 Enescu. Jest wyra\u017anie prawdziwym wyznawc\u0105 i rozumie [&hellip;]<\/p>\n","protected":false},"author":3,"featured_media":935,"parent":431,"menu_order":2,"comment_status":"closed","ping_status":"closed","template":"","meta":{"footnotes":""},"class_list":["post-2836","page","type-page","status-publish","has-post-thumbnail","hentry"],"_links":{"self":[{"href":"https:\/\/fitelbergcompetition.com\/pl\/wp-json\/wp\/v2\/pages\/2836","targetHints":{"allow":["GET"]}}],"collection":[{"href":"https:\/\/fitelbergcompetition.com\/pl\/wp-json\/wp\/v2\/pages"}],"about":[{"href":"https:\/\/fitelbergcompetition.com\/pl\/wp-json\/wp\/v2\/types\/page"}],"author":[{"embeddable":true,"href":"https:\/\/fitelbergcompetition.com\/pl\/wp-json\/wp\/v2\/users\/3"}],"replies":[{"embeddable":true,"href":"https:\/\/fitelbergcompetition.com\/pl\/wp-json\/wp\/v2\/comments?post=2836"}],"version-history":[{"count":14,"href":"https:\/\/fitelbergcompetition.com\/pl\/wp-json\/wp\/v2\/pages\/2836\/revisions"}],"predecessor-version":[{"id":5286,"href":"https:\/\/fitelbergcompetition.com\/pl\/wp-json\/wp\/v2\/pages\/2836\/revisions\/5286"}],"up":[{"embeddable":true,"href":"https:\/\/fitelbergcompetition.com\/pl\/wp-json\/wp\/v2\/pages\/431"}],"wp:featuredmedia":[{"embeddable":true,"href":"https:\/\/fitelbergcompetition.com\/pl\/wp-json\/wp\/v2\/media\/935"}],"wp:attachment":[{"href":"https:\/\/fitelbergcompetition.com\/pl\/wp-json\/wp\/v2\/media?parent=2836"}],"curies":[{"name":"wp","href":"https:\/\/api.w.org\/{rel}","templated":true}]}}