{"id":3499,"date":"2023-07-31T10:17:43","date_gmt":"2023-07-31T08:17:43","guid":{"rendered":"https:\/\/fitelbergcompetition.com\/?page_id=3499"},"modified":"2023-08-02T09:55:36","modified_gmt":"2023-08-02T07:55:36","slug":"relacja-masterclass-2023","status":"publish","type":"page","link":"https:\/\/fitelbergcompetition.com\/pl\/masterclass\/relacja-masterclass-2023\/","title":{"rendered":"Relacja z Masterclass 2023"},"content":{"rendered":"\t\t<div data-elementor-type=\"wp-page\" data-elementor-id=\"3499\" class=\"elementor elementor-3499\">\n\t\t\t\t\t\t\t\t\t<section class=\"elementor-section elementor-top-section elementor-element elementor-element-fb8d5fe elementor-section-boxed elementor-section-height-default elementor-section-height-default\" data-id=\"fb8d5fe\" data-element_type=\"section\" data-settings=\"{&quot;jet_parallax_layout_list&quot;:[]}\">\n\t\t\t\t\t\t<div class=\"elementor-container elementor-column-gap-default\">\n\t\t\t\t\t<div class=\"elementor-column elementor-col-100 elementor-top-column elementor-element elementor-element-aac2b61\" data-id=\"aac2b61\" data-element_type=\"column\">\n\t\t\t<div class=\"elementor-widget-wrap elementor-element-populated\">\n\t\t\t\t\t\t\t\t<div class=\"elementor-element elementor-element-872fc4e elementor-widget elementor-widget-heading\" data-id=\"872fc4e\" data-element_type=\"widget\" data-widget_type=\"heading.default\">\n\t\t\t\t<div class=\"elementor-widget-container\">\n\t\t\t<style>\/*! elementor - v3.11.1 - 15-02-2023 *\/\n.elementor-heading-title{padding:0;margin:0;line-height:1}.elementor-widget-heading .elementor-heading-title[class*=elementor-size-]>a{color:inherit;font-size:inherit;line-height:inherit}.elementor-widget-heading .elementor-heading-title.elementor-size-small{font-size:15px}.elementor-widget-heading .elementor-heading-title.elementor-size-medium{font-size:19px}.elementor-widget-heading .elementor-heading-title.elementor-size-large{font-size:29px}.elementor-widget-heading .elementor-heading-title.elementor-size-xl{font-size:39px}.elementor-widget-heading .elementor-heading-title.elementor-size-xxl{font-size:59px}<\/style><h1 class=\"elementor-heading-title elementor-size-default\">Masterclass 2023<\/h1>\t\t<\/div>\n\t\t\t\t<\/div>\n\t\t\t\t<div class=\"elementor-element elementor-element-1616e8e elementor-widget elementor-widget-text-editor\" data-id=\"1616e8e\" data-element_type=\"widget\" data-widget_type=\"text-editor.default\">\n\t\t\t\t<div class=\"elementor-widget-container\">\n\t\t\t<style>\/*! elementor - v3.11.1 - 15-02-2023 *\/\n.elementor-widget-text-editor.elementor-drop-cap-view-stacked .elementor-drop-cap{background-color:#818a91;color:#fff}.elementor-widget-text-editor.elementor-drop-cap-view-framed .elementor-drop-cap{color:#818a91;border:3px solid;background-color:transparent}.elementor-widget-text-editor:not(.elementor-drop-cap-view-default) .elementor-drop-cap{margin-top:8px}.elementor-widget-text-editor:not(.elementor-drop-cap-view-default) .elementor-drop-cap-letter{width:1em;height:1em}.elementor-widget-text-editor .elementor-drop-cap{float:left;text-align:center;line-height:1;font-size:50px}.elementor-widget-text-editor .elementor-drop-cap-letter{display:inline-block}<\/style>\t\t\t\t\t\t\t\t\t\t<\/div>\n\t\t\t\t<\/div>\n\t\t\t\t\t<\/div>\n\t\t<\/div>\n\t\t\t\t\t\t\t<\/div>\n\t\t<\/section>\n\t\t\t\t<section class=\"elementor-section elementor-top-section elementor-element elementor-element-61e235b elementor-section-boxed elementor-section-height-default elementor-section-height-default\" data-id=\"61e235b\" data-element_type=\"section\" data-settings=\"{&quot;jet_parallax_layout_list&quot;:[]}\">\n\t\t\t\t\t\t<div class=\"elementor-container elementor-column-gap-default\">\n\t\t\t\t\t<div class=\"elementor-column elementor-col-100 elementor-top-column elementor-element elementor-element-b0975f3\" data-id=\"b0975f3\" data-element_type=\"column\">\n\t\t\t<div class=\"elementor-widget-wrap elementor-element-populated\">\n\t\t\t\t\t\t\t\t<div class=\"elementor-element elementor-element-c10992d elementor-widget elementor-widget-text-editor\" data-id=\"c10992d\" data-element_type=\"widget\" data-widget_type=\"text-editor.default\">\n\t\t\t\t<div class=\"elementor-widget-container\">\n\t\t\t\t\t\t\t<p>II Mi\u0119dzynarodowy Kurs Dyrygencki im. G. Fitelberga <i>Masterclass 2023<\/i> odby\u0142 si\u0119 w lipcu 2023 roku w Filharmonii \u015al\u0105skiej. Udzia\u0142 w nim wzi\u0119li m\u0142odzi dyrygenci i dyrygentki z ca\u0142ego \u015bwiata, z czego 12 z nich w formie czynnej (stacjonarne spotkania z Maestro i Orkiestr\u0105 Symfoniczn\u0105), a 8 w formie biernej (z mo\u017cliwo\u015bci\u0105 obserwacji pracy Maestro i czynnych uczestnik\u00f3w Masterclass 2023<i>).<\/i><\/p><p>\u00a0<\/p><p>Celem Kursu by\u0142a profesjonalizacja m\u0142odych dyrygent\u00f3w oraz wsparcie ich rozwoju w aspektach: artystycznym i praktycznym. Nad ich prac\u0105 czywa\u0142 Maestro &#8211; obserwuj\u0105c ich codzienn\u0105 prac\u0119, poddaj\u0105c analizie czynione post\u0119py oraz wskazuj\u0105c obszary do dalszego rozwoju.<\/p><p>\u00a0<\/p><p>Tegorocznym Mentorem przysz\u0142ych dyrygent\u00f3w by\u0142 znakomity <b>Lawrence Foster<\/b> &#8211; dyrektor muzyczny Opera de Marseille, dyrektor artystyczny i g\u0142\u00f3wny dyrygent Narodowej Orkiestry Symfonicznej Polskiego Radia oraz Juror XI Mi\u0119dzynarodowego Konkursu Dyrygent\u00f3w im. Grzegorza Fitelberga, kt\u00f3ry odb\u0119dzie si\u0119 ju\u017c w listopadzie.<\/p>\t\t\t\t\t\t<\/div>\n\t\t\t\t<\/div>\n\t\t\t\t\t<\/div>\n\t\t<\/div>\n\t\t\t\t\t\t\t<\/div>\n\t\t<\/section>\n\t\t\t\t<section class=\"elementor-section elementor-top-section elementor-element elementor-element-b828338 elementor-section-boxed elementor-section-height-default elementor-section-height-default\" data-id=\"b828338\" data-element_type=\"section\" data-settings=\"{&quot;jet_parallax_layout_list&quot;:[]}\">\n\t\t\t\t\t\t<div class=\"elementor-container elementor-column-gap-default\">\n\t\t\t\t\t<div class=\"elementor-column elementor-col-100 elementor-top-column elementor-element elementor-element-9fc85bd\" data-id=\"9fc85bd\" data-element_type=\"column\">\n\t\t\t<div class=\"elementor-widget-wrap elementor-element-populated\">\n\t\t\t\t\t\t\t\t<div class=\"elementor-element elementor-element-3cf4990 elementor-widget elementor-widget-gallery\" data-id=\"3cf4990\" data-element_type=\"widget\" data-settings=\"{&quot;lazyload&quot;:&quot;yes&quot;,&quot;gallery_layout&quot;:&quot;grid&quot;,&quot;columns&quot;:4,&quot;columns_tablet&quot;:2,&quot;columns_mobile&quot;:1,&quot;gap&quot;:{&quot;unit&quot;:&quot;px&quot;,&quot;size&quot;:10,&quot;sizes&quot;:[]},&quot;gap_tablet&quot;:{&quot;unit&quot;:&quot;px&quot;,&quot;size&quot;:10,&quot;sizes&quot;:[]},&quot;gap_mobile&quot;:{&quot;unit&quot;:&quot;px&quot;,&quot;size&quot;:10,&quot;sizes&quot;:[]},&quot;link_to&quot;:&quot;file&quot;,&quot;aspect_ratio&quot;:&quot;3:2&quot;,&quot;overlay_background&quot;:&quot;yes&quot;,&quot;content_hover_animation&quot;:&quot;fade-in&quot;}\" data-widget_type=\"gallery.default\">\n\t\t\t\t<div class=\"elementor-widget-container\">\n\t\t\t<style>\/*! elementor-pro - v3.11.1 - 15-02-2023 *\/\n.elementor-gallery__container{min-height:1px}.elementor-gallery-item{position:relative;overflow:hidden;display:block;text-decoration:none;border:solid var(--image-border-width) var(--image-border-color);border-radius:var(--image-border-radius)}.elementor-gallery-item__content,.elementor-gallery-item__overlay{height:100%;width:100%;position:absolute;top:0;left:0}.elementor-gallery-item__overlay{mix-blend-mode:var(--overlay-mix-blend-mode);transition-duration:var(--overlay-transition-duration);transition-property:mix-blend-mode,transform,opacity,background-color}.elementor-gallery-item__image.e-gallery-image{transition-duration:var(--image-transition-duration);transition-property:filter,transform}.elementor-gallery-item__content{display:flex;flex-direction:column;justify-content:var(--content-justify-content,center);align-items:center;text-align:var(--content-text-align);padding:var(--content-padding)}.elementor-gallery-item__content>div{transition-duration:var(--content-transition-duration)}.elementor-gallery-item__content.elementor-gallery--sequenced-animation>div:nth-child(2){transition-delay:calc(var(--content-transition-delay) \/ 3)}.elementor-gallery-item__content.elementor-gallery--sequenced-animation>div:nth-child(3){transition-delay:calc(var(--content-transition-delay) \/ 3 * 2)}.elementor-gallery-item__content.elementor-gallery--sequenced-animation>div:nth-child(4){transition-delay:calc(var(--content-transition-delay) \/ 3 * 3)}.elementor-gallery-item__description{color:var(--description-text-color,#fff);width:100%}.elementor-gallery-item__title{color:var(--title-text-color,#fff);font-weight:700;width:100%}.elementor-gallery__titles-container{display:flex;flex-wrap:wrap;justify-content:var(--titles-container-justify-content,center);margin-bottom:20px}.elementor-gallery__titles-container:not(.e--pointer-framed) .elementor-item:after,.elementor-gallery__titles-container:not(.e--pointer-framed) .elementor-item:before{background-color:var(--galleries-pointer-bg-color-hover)}.elementor-gallery__titles-container:not(.e--pointer-framed) .elementor-item.elementor-item-active:after,.elementor-gallery__titles-container:not(.e--pointer-framed) .elementor-item.elementor-item-active:before{background-color:var(--galleries-pointer-bg-color-active)}.elementor-gallery__titles-container.e--pointer-framed .elementor-item:before{border-color:var(--galleries-pointer-bg-color-hover);border-width:var(--galleries-pointer-border-width)}.elementor-gallery__titles-container.e--pointer-framed .elementor-item:after{border-color:var(--galleries-pointer-bg-color-hover)}.elementor-gallery__titles-container.e--pointer-framed .elementor-item.elementor-item-active:after,.elementor-gallery__titles-container.e--pointer-framed .elementor-item.elementor-item-active:before{border-color:var(--galleries-pointer-bg-color-active)}.elementor-gallery__titles-container.e--pointer-framed.e--animation-draw .elementor-item:before{border-left-width:var(--galleries-pointer-border-width);border-bottom-width:var(--galleries-pointer-border-width);border-right-width:0;border-top-width:0}.elementor-gallery__titles-container.e--pointer-framed.e--animation-draw .elementor-item:after{border-left-width:0;border-bottom-width:0;border-right-width:var(--galleries-pointer-border-width);border-top-width:var(--galleries-pointer-border-width)}.elementor-gallery__titles-container.e--pointer-framed.e--animation-corners .elementor-item:before{border-left-width:var(--galleries-pointer-border-width);border-bottom-width:0;border-right-width:0;border-top-width:var(--galleries-pointer-border-width)}.elementor-gallery__titles-container.e--pointer-framed.e--animation-corners .elementor-item:after{border-left-width:0;border-bottom-width:var(--galleries-pointer-border-width);border-right-width:var(--galleries-pointer-border-width);border-top-width:0}.elementor-gallery__titles-container .e--pointer-double-line .elementor-item:after,.elementor-gallery__titles-container .e--pointer-double-line .elementor-item:before,.elementor-gallery__titles-container .e--pointer-overline .elementor-item:before,.elementor-gallery__titles-container .e--pointer-underline .elementor-item:after{height:var(--galleries-pointer-border-width)}.elementor-gallery-title{--space-between:10px;cursor:pointer;color:#6d7882;font-weight:500;position:relative;padding:7px 14px;transition:all .3s}.elementor-gallery-title--active{color:#495157}.elementor-gallery-title:not(:last-child){margin-right:var(--space-between)}.elementor-gallery-item__title+.elementor-gallery-item__description{margin-top:var(--description-margin-top)}.e-gallery-item.elementor-gallery-item{transition-property:all}.e-gallery-item.elementor-animated-content .elementor-animated-item--enter-from-bottom,.e-gallery-item.elementor-animated-content .elementor-animated-item--enter-from-left,.e-gallery-item.elementor-animated-content .elementor-animated-item--enter-from-right,.e-gallery-item.elementor-animated-content .elementor-animated-item--enter-from-top,.e-gallery-item:hover .elementor-gallery__item-overlay-bg,.e-gallery-item:hover .elementor-gallery__item-overlay-content,.e-gallery-item:hover .elementor-gallery__item-overlay-content__description,.e-gallery-item:hover .elementor-gallery__item-overlay-content__title{opacity:1}a.elementor-item.elementor-gallery-title{color:var(--galleries-title-color-normal)}a.elementor-item.elementor-gallery-title.elementor-item-active,a.elementor-item.elementor-gallery-title.highlighted,a.elementor-item.elementor-gallery-title:focus,a.elementor-item.elementor-gallery-title:hover{color:var(--galleries-title-color-hover)}a.elementor-item.elementor-gallery-title.elementor-item-active{color:var(--gallery-title-color-active)}.e-con-inner>.elementor-widget-gallery,.e-con>.elementor-widget-gallery{width:var(--container-widget-width);--flex-grow:var(--container-widget-flex-grow)}<\/style>\t\t<div class=\"elementor-gallery__container\">\n\t\t\t\t\t\t\t<a class=\"e-gallery-item elementor-gallery-item elementor-animated-content\" href=\"https:\/\/fitelbergcompetition.com\/wp-content\/uploads\/2023\/08\/IMG_2917-scaled.jpg\" data-elementor-open-lightbox=\"yes\" data-elementor-lightbox-slideshow=\"all-3cf4990\" data-elementor-lightbox-title=\"IMG_2917\" data-e-action-hash=\"#elementor-action%3Aaction%3Dlightbox%26settings%3DeyJpZCI6MzU1OSwidXJsIjoiaHR0cHM6XC9cL2ZpdGVsYmVyZ2NvbXBldGl0aW9uLmNvbVwvd3AtY29udGVudFwvdXBsb2Fkc1wvMjAyM1wvMDhcL0lNR18yOTE3LXNjYWxlZC5qcGciLCJzbGlkZXNob3ciOiJhbGwtM2NmNDk5MCJ9\">\n\t\t\t\t\t<div class=\"e-gallery-image elementor-gallery-item__image\" data-thumbnail=\"https:\/\/fitelbergcompetition.com\/wp-content\/uploads\/2023\/08\/IMG_2917-300x198.jpg\" data-width=\"300\" data-height=\"198\" alt=\"\" ><\/div>\n\t\t\t\t\t\t\t\t\t\t\t<div class=\"elementor-gallery-item__overlay\"><\/div>\n\t\t\t\t\t\t\t\t\t\t\t\t\t\t<\/a>\n\t\t\t\t\t\t\t<a class=\"e-gallery-item elementor-gallery-item elementor-animated-content\" href=\"https:\/\/fitelbergcompetition.com\/wp-content\/uploads\/2023\/08\/IMG_3045-scaled.jpg\" data-elementor-open-lightbox=\"yes\" data-elementor-lightbox-slideshow=\"all-3cf4990\" data-elementor-lightbox-title=\"IMG_3045\" data-e-action-hash=\"#elementor-action%3Aaction%3Dlightbox%26settings%3DeyJpZCI6MzU2MSwidXJsIjoiaHR0cHM6XC9cL2ZpdGVsYmVyZ2NvbXBldGl0aW9uLmNvbVwvd3AtY29udGVudFwvdXBsb2Fkc1wvMjAyM1wvMDhcL0lNR18zMDQ1LXNjYWxlZC5qcGciLCJzbGlkZXNob3ciOiJhbGwtM2NmNDk5MCJ9\">\n\t\t\t\t\t<div class=\"e-gallery-image elementor-gallery-item__image\" data-thumbnail=\"https:\/\/fitelbergcompetition.com\/wp-content\/uploads\/2023\/08\/IMG_3045-300x198.jpg\" data-width=\"300\" data-height=\"198\" alt=\"\" ><\/div>\n\t\t\t\t\t\t\t\t\t\t\t<div class=\"elementor-gallery-item__overlay\"><\/div>\n\t\t\t\t\t\t\t\t\t\t\t\t\t\t<\/a>\n\t\t\t\t\t\t\t<a class=\"e-gallery-item elementor-gallery-item elementor-animated-content\" href=\"https:\/\/fitelbergcompetition.com\/wp-content\/uploads\/2023\/08\/IMG_3214-scaled.jpg\" data-elementor-open-lightbox=\"yes\" data-elementor-lightbox-slideshow=\"all-3cf4990\" data-elementor-lightbox-title=\"IMG_3214\" data-e-action-hash=\"#elementor-action%3Aaction%3Dlightbox%26settings%3DeyJpZCI6MzU2MywidXJsIjoiaHR0cHM6XC9cL2ZpdGVsYmVyZ2NvbXBldGl0aW9uLmNvbVwvd3AtY29udGVudFwvdXBsb2Fkc1wvMjAyM1wvMDhcL0lNR18zMjE0LXNjYWxlZC5qcGciLCJzbGlkZXNob3ciOiJhbGwtM2NmNDk5MCJ9\">\n\t\t\t\t\t<div class=\"e-gallery-image elementor-gallery-item__image\" data-thumbnail=\"https:\/\/fitelbergcompetition.com\/wp-content\/uploads\/2023\/08\/IMG_3214-300x198.jpg\" data-width=\"300\" data-height=\"198\" alt=\"\" ><\/div>\n\t\t\t\t\t\t\t\t\t\t\t<div class=\"elementor-gallery-item__overlay\"><\/div>\n\t\t\t\t\t\t\t\t\t\t\t\t\t\t<\/a>\n\t\t\t\t\t\t\t<a class=\"e-gallery-item elementor-gallery-item elementor-animated-content\" href=\"https:\/\/fitelbergcompetition.com\/wp-content\/uploads\/2023\/08\/IMG_3260-scaled.jpg\" data-elementor-open-lightbox=\"yes\" data-elementor-lightbox-slideshow=\"all-3cf4990\" data-elementor-lightbox-title=\"IMG_3260\" data-e-action-hash=\"#elementor-action%3Aaction%3Dlightbox%26settings%3DeyJpZCI6MzU2NSwidXJsIjoiaHR0cHM6XC9cL2ZpdGVsYmVyZ2NvbXBldGl0aW9uLmNvbVwvd3AtY29udGVudFwvdXBsb2Fkc1wvMjAyM1wvMDhcL0lNR18zMjYwLXNjYWxlZC5qcGciLCJzbGlkZXNob3ciOiJhbGwtM2NmNDk5MCJ9\">\n\t\t\t\t\t<div class=\"e-gallery-image elementor-gallery-item__image\" data-thumbnail=\"https:\/\/fitelbergcompetition.com\/wp-content\/uploads\/2023\/08\/IMG_3260-300x198.jpg\" data-width=\"300\" data-height=\"198\" alt=\"\" ><\/div>\n\t\t\t\t\t\t\t\t\t\t\t<div class=\"elementor-gallery-item__overlay\"><\/div>\n\t\t\t\t\t\t\t\t\t\t\t\t\t\t<\/a>\n\t\t\t\t\t\t\t<a class=\"e-gallery-item elementor-gallery-item elementor-animated-content\" href=\"https:\/\/fitelbergcompetition.com\/wp-content\/uploads\/2023\/08\/IMG_3321-scaled.jpg\" data-elementor-open-lightbox=\"yes\" data-elementor-lightbox-slideshow=\"all-3cf4990\" data-elementor-lightbox-title=\"IMG_3321\" data-e-action-hash=\"#elementor-action%3Aaction%3Dlightbox%26settings%3DeyJpZCI6MzU2NywidXJsIjoiaHR0cHM6XC9cL2ZpdGVsYmVyZ2NvbXBldGl0aW9uLmNvbVwvd3AtY29udGVudFwvdXBsb2Fkc1wvMjAyM1wvMDhcL0lNR18zMzIxLXNjYWxlZC5qcGciLCJzbGlkZXNob3ciOiJhbGwtM2NmNDk5MCJ9\">\n\t\t\t\t\t<div class=\"e-gallery-image elementor-gallery-item__image\" data-thumbnail=\"https:\/\/fitelbergcompetition.com\/wp-content\/uploads\/2023\/08\/IMG_3321-300x198.jpg\" data-width=\"300\" data-height=\"198\" alt=\"\" ><\/div>\n\t\t\t\t\t\t\t\t\t\t\t<div class=\"elementor-gallery-item__overlay\"><\/div>\n\t\t\t\t\t\t\t\t\t\t\t\t\t\t<\/a>\n\t\t\t\t\t\t\t<a class=\"e-gallery-item elementor-gallery-item elementor-animated-content\" href=\"https:\/\/fitelbergcompetition.com\/wp-content\/uploads\/2023\/08\/IMG_3422-scaled.jpg\" data-elementor-open-lightbox=\"yes\" data-elementor-lightbox-slideshow=\"all-3cf4990\" data-elementor-lightbox-title=\"IMG_3422\" data-e-action-hash=\"#elementor-action%3Aaction%3Dlightbox%26settings%3DeyJpZCI6MzU2OSwidXJsIjoiaHR0cHM6XC9cL2ZpdGVsYmVyZ2NvbXBldGl0aW9uLmNvbVwvd3AtY29udGVudFwvdXBsb2Fkc1wvMjAyM1wvMDhcL0lNR18zNDIyLXNjYWxlZC5qcGciLCJzbGlkZXNob3ciOiJhbGwtM2NmNDk5MCJ9\">\n\t\t\t\t\t<div class=\"e-gallery-image elementor-gallery-item__image\" data-thumbnail=\"https:\/\/fitelbergcompetition.com\/wp-content\/uploads\/2023\/08\/IMG_3422-300x198.jpg\" data-width=\"300\" data-height=\"198\" alt=\"\" ><\/div>\n\t\t\t\t\t\t\t\t\t\t\t<div class=\"elementor-gallery-item__overlay\"><\/div>\n\t\t\t\t\t\t\t\t\t\t\t\t\t\t<\/a>\n\t\t\t\t\t\t\t<a class=\"e-gallery-item elementor-gallery-item elementor-animated-content\" href=\"https:\/\/fitelbergcompetition.com\/wp-content\/uploads\/2023\/08\/IMG_3606-scaled.jpg\" data-elementor-open-lightbox=\"yes\" data-elementor-lightbox-slideshow=\"all-3cf4990\" data-elementor-lightbox-title=\"IMG_3606\" data-e-action-hash=\"#elementor-action%3Aaction%3Dlightbox%26settings%3DeyJpZCI6MzU3MywidXJsIjoiaHR0cHM6XC9cL2ZpdGVsYmVyZ2NvbXBldGl0aW9uLmNvbVwvd3AtY29udGVudFwvdXBsb2Fkc1wvMjAyM1wvMDhcL0lNR18zNjA2LXNjYWxlZC5qcGciLCJzbGlkZXNob3ciOiJhbGwtM2NmNDk5MCJ9\">\n\t\t\t\t\t<div class=\"e-gallery-image elementor-gallery-item__image\" data-thumbnail=\"https:\/\/fitelbergcompetition.com\/wp-content\/uploads\/2023\/08\/IMG_3606-300x198.jpg\" data-width=\"300\" data-height=\"198\" alt=\"\" ><\/div>\n\t\t\t\t\t\t\t\t\t\t\t<div class=\"elementor-gallery-item__overlay\"><\/div>\n\t\t\t\t\t\t\t\t\t\t\t\t\t\t<\/a>\n\t\t\t\t\t\t\t<a class=\"e-gallery-item elementor-gallery-item elementor-animated-content\" href=\"https:\/\/fitelbergcompetition.com\/wp-content\/uploads\/2023\/08\/IMG_3800-scaled.jpg\" data-elementor-open-lightbox=\"yes\" data-elementor-lightbox-slideshow=\"all-3cf4990\" data-elementor-lightbox-title=\"IMG_3800\" data-e-action-hash=\"#elementor-action%3Aaction%3Dlightbox%26settings%3DeyJpZCI6MzU3NSwidXJsIjoiaHR0cHM6XC9cL2ZpdGVsYmVyZ2NvbXBldGl0aW9uLmNvbVwvd3AtY29udGVudFwvdXBsb2Fkc1wvMjAyM1wvMDhcL0lNR18zODAwLXNjYWxlZC5qcGciLCJzbGlkZXNob3ciOiJhbGwtM2NmNDk5MCJ9\">\n\t\t\t\t\t<div class=\"e-gallery-image elementor-gallery-item__image\" data-thumbnail=\"https:\/\/fitelbergcompetition.com\/wp-content\/uploads\/2023\/08\/IMG_3800-300x198.jpg\" data-width=\"300\" data-height=\"198\" alt=\"\" ><\/div>\n\t\t\t\t\t\t\t\t\t\t\t<div class=\"elementor-gallery-item__overlay\"><\/div>\n\t\t\t\t\t\t\t\t\t\t\t\t\t\t<\/a>\n\t\t\t\t\t\t\t<a class=\"e-gallery-item elementor-gallery-item elementor-animated-content\" href=\"https:\/\/fitelbergcompetition.com\/wp-content\/uploads\/2023\/08\/IMG_3983-scaled.jpg\" data-elementor-open-lightbox=\"yes\" data-elementor-lightbox-slideshow=\"all-3cf4990\" data-elementor-lightbox-title=\"IMG_3983\" data-e-action-hash=\"#elementor-action%3Aaction%3Dlightbox%26settings%3DeyJpZCI6MzU3NywidXJsIjoiaHR0cHM6XC9cL2ZpdGVsYmVyZ2NvbXBldGl0aW9uLmNvbVwvd3AtY29udGVudFwvdXBsb2Fkc1wvMjAyM1wvMDhcL0lNR18zOTgzLXNjYWxlZC5qcGciLCJzbGlkZXNob3ciOiJhbGwtM2NmNDk5MCJ9\">\n\t\t\t\t\t<div class=\"e-gallery-image elementor-gallery-item__image\" data-thumbnail=\"https:\/\/fitelbergcompetition.com\/wp-content\/uploads\/2023\/08\/IMG_3983-300x198.jpg\" data-width=\"300\" data-height=\"198\" alt=\"\" ><\/div>\n\t\t\t\t\t\t\t\t\t\t\t<div class=\"elementor-gallery-item__overlay\"><\/div>\n\t\t\t\t\t\t\t\t\t\t\t\t\t\t<\/a>\n\t\t\t\t\t\t\t<a class=\"e-gallery-item elementor-gallery-item elementor-animated-content\" href=\"https:\/\/fitelbergcompetition.com\/wp-content\/uploads\/2023\/08\/IMG_4075-scaled.jpg\" data-elementor-open-lightbox=\"yes\" data-elementor-lightbox-slideshow=\"all-3cf4990\" data-elementor-lightbox-title=\"IMG_4075\" data-e-action-hash=\"#elementor-action%3Aaction%3Dlightbox%26settings%3DeyJpZCI6MzU3OSwidXJsIjoiaHR0cHM6XC9cL2ZpdGVsYmVyZ2NvbXBldGl0aW9uLmNvbVwvd3AtY29udGVudFwvdXBsb2Fkc1wvMjAyM1wvMDhcL0lNR180MDc1LXNjYWxlZC5qcGciLCJzbGlkZXNob3ciOiJhbGwtM2NmNDk5MCJ9\">\n\t\t\t\t\t<div class=\"e-gallery-image elementor-gallery-item__image\" data-thumbnail=\"https:\/\/fitelbergcompetition.com\/wp-content\/uploads\/2023\/08\/IMG_4075-300x198.jpg\" data-width=\"300\" data-height=\"198\" alt=\"\" ><\/div>\n\t\t\t\t\t\t\t\t\t\t\t<div class=\"elementor-gallery-item__overlay\"><\/div>\n\t\t\t\t\t\t\t\t\t\t\t\t\t\t<\/a>\n\t\t\t\t\t<\/div>\n\t\t\t<\/div>\n\t\t\t\t<\/div>\n\t\t\t\t\t<\/div>\n\t\t<\/div>\n\t\t\t\t\t\t\t<\/div>\n\t\t<\/section>\n\t\t\t\t<section class=\"elementor-section elementor-top-section elementor-element elementor-element-020cdd0 elementor-section-boxed elementor-section-height-default elementor-section-height-default\" data-id=\"020cdd0\" data-element_type=\"section\" data-settings=\"{&quot;jet_parallax_layout_list&quot;:[]}\">\n\t\t\t\t\t\t<div class=\"elementor-container elementor-column-gap-default\">\n\t\t\t\t\t<div class=\"elementor-column elementor-col-100 elementor-top-column elementor-element elementor-element-4e56cb7\" data-id=\"4e56cb7\" data-element_type=\"column\">\n\t\t\t<div class=\"elementor-widget-wrap\">\n\t\t\t\t\t\t\t\t\t<\/div>\n\t\t<\/div>\n\t\t\t\t\t\t\t<\/div>\n\t\t<\/section>\n\t\t\t\t\t\t\t<\/div>\n\t\t","protected":false},"excerpt":{"rendered":"<p>Masterclass 2023 II Mi\u0119dzynarodowy Kurs Dyrygencki im. G. Fitelberga Masterclass 2023 odby\u0142 si\u0119 w lipcu 2023 roku w Filharmonii \u015al\u0105skiej. Udzia\u0142 w nim wzi\u0119li m\u0142odzi dyrygenci i dyrygentki z ca\u0142ego \u015bwiata, z czego 12 z nich w formie czynnej (stacjonarne spotkania z Maestro i Orkiestr\u0105 Symfoniczn\u0105), a 8 w formie biernej (z mo\u017cliwo\u015bci\u0105 obserwacji pracy [&hellip;]<\/p>\n","protected":false},"author":9,"featured_media":0,"parent":431,"menu_order":0,"comment_status":"closed","ping_status":"closed","template":"","meta":{"footnotes":""},"class_list":["post-3499","page","type-page","status-publish","hentry"],"_links":{"self":[{"href":"https:\/\/fitelbergcompetition.com\/pl\/wp-json\/wp\/v2\/pages\/3499","targetHints":{"allow":["GET"]}}],"collection":[{"href":"https:\/\/fitelbergcompetition.com\/pl\/wp-json\/wp\/v2\/pages"}],"about":[{"href":"https:\/\/fitelbergcompetition.com\/pl\/wp-json\/wp\/v2\/types\/page"}],"author":[{"embeddable":true,"href":"https:\/\/fitelbergcompetition.com\/pl\/wp-json\/wp\/v2\/users\/9"}],"replies":[{"embeddable":true,"href":"https:\/\/fitelbergcompetition.com\/pl\/wp-json\/wp\/v2\/comments?post=3499"}],"version-history":[{"count":29,"href":"https:\/\/fitelbergcompetition.com\/pl\/wp-json\/wp\/v2\/pages\/3499\/revisions"}],"predecessor-version":[{"id":3609,"href":"https:\/\/fitelbergcompetition.com\/pl\/wp-json\/wp\/v2\/pages\/3499\/revisions\/3609"}],"up":[{"embeddable":true,"href":"https:\/\/fitelbergcompetition.com\/pl\/wp-json\/wp\/v2\/pages\/431"}],"wp:attachment":[{"href":"https:\/\/fitelbergcompetition.com\/pl\/wp-json\/wp\/v2\/media?parent=3499"}],"curies":[{"name":"wp","href":"https:\/\/api.w.org\/{rel}","templated":true}]}}