{"id":3509,"date":"2023-07-31T10:18:37","date_gmt":"2023-07-31T08:18:37","guid":{"rendered":"https:\/\/fitelbergcompetition.com\/?page_id=3509"},"modified":"2023-08-16T14:27:38","modified_gmt":"2023-08-16T12:27:38","slug":"lista-uczestnikow","status":"publish","type":"page","link":"https:\/\/fitelbergcompetition.com\/pl\/konkurs\/lista-uczestnikow\/","title":{"rendered":"Lista uczestnik\u00f3w XI Mi\u0119dzynarodowego Konkursu Dyrygent\u00f3w im. Grzegorza Fitelberga"},"content":{"rendered":"\t\t<div data-elementor-type=\"wp-page\" data-elementor-id=\"3509\" class=\"elementor elementor-3509\">\n\t\t\t\t\t\t\t\t\t<section class=\"elementor-section elementor-top-section elementor-element elementor-element-fb8d5fe elementor-section-boxed elementor-section-height-default elementor-section-height-default\" data-id=\"fb8d5fe\" data-element_type=\"section\" data-settings=\"{&quot;jet_parallax_layout_list&quot;:[]}\">\n\t\t\t\t\t\t<div class=\"elementor-container elementor-column-gap-default\">\n\t\t\t\t\t<div class=\"elementor-column elementor-col-100 elementor-top-column elementor-element elementor-element-aac2b61\" data-id=\"aac2b61\" data-element_type=\"column\">\n\t\t\t<div class=\"elementor-widget-wrap elementor-element-populated\">\n\t\t\t\t\t\t\t\t<div class=\"elementor-element elementor-element-872fc4e elementor-widget elementor-widget-heading\" data-id=\"872fc4e\" data-element_type=\"widget\" data-widget_type=\"heading.default\">\n\t\t\t\t<div class=\"elementor-widget-container\">\n\t\t\t<style>\/*! elementor - v3.11.1 - 15-02-2023 *\/\n.elementor-heading-title{padding:0;margin:0;line-height:1}.elementor-widget-heading .elementor-heading-title[class*=elementor-size-]>a{color:inherit;font-size:inherit;line-height:inherit}.elementor-widget-heading .elementor-heading-title.elementor-size-small{font-size:15px}.elementor-widget-heading .elementor-heading-title.elementor-size-medium{font-size:19px}.elementor-widget-heading .elementor-heading-title.elementor-size-large{font-size:29px}.elementor-widget-heading .elementor-heading-title.elementor-size-xl{font-size:39px}.elementor-widget-heading .elementor-heading-title.elementor-size-xxl{font-size:59px}<\/style><h1 class=\"elementor-heading-title elementor-size-default\">Lista uczestnik\u00f3w XI Mi\u0119dzynarodowego Konkursu Dyrygent\u00f3w im. Grzegorza Fitelberga<\/h1>\t\t<\/div>\n\t\t\t\t<\/div>\n\t\t\t\t<div class=\"elementor-element elementor-element-1616e8e elementor-widget elementor-widget-text-editor\" data-id=\"1616e8e\" data-element_type=\"widget\" data-widget_type=\"text-editor.default\">\n\t\t\t\t<div class=\"elementor-widget-container\">\n\t\t\t<style>\/*! elementor - v3.11.1 - 15-02-2023 *\/\n.elementor-widget-text-editor.elementor-drop-cap-view-stacked .elementor-drop-cap{background-color:#818a91;color:#fff}.elementor-widget-text-editor.elementor-drop-cap-view-framed .elementor-drop-cap{color:#818a91;border:3px solid;background-color:transparent}.elementor-widget-text-editor:not(.elementor-drop-cap-view-default) .elementor-drop-cap{margin-top:8px}.elementor-widget-text-editor:not(.elementor-drop-cap-view-default) .elementor-drop-cap-letter{width:1em;height:1em}.elementor-widget-text-editor .elementor-drop-cap{float:left;text-align:center;line-height:1;font-size:50px}.elementor-widget-text-editor .elementor-drop-cap-letter{display:inline-block}<\/style>\t\t\t\t\t\t\t\t\t\t<\/div>\n\t\t\t\t<\/div>\n\t\t\t\t\t<\/div>\n\t\t<\/div>\n\t\t\t\t\t\t\t<\/div>\n\t\t<\/section>\n\t\t\t\t<section class=\"elementor-section elementor-top-section elementor-element elementor-element-ad42b56 elementor-section-boxed elementor-section-height-default elementor-section-height-default\" data-id=\"ad42b56\" data-element_type=\"section\" data-settings=\"{&quot;jet_parallax_layout_list&quot;:[]}\">\n\t\t\t\t\t\t<div class=\"elementor-container elementor-column-gap-default\">\n\t\t\t\t\t<div class=\"elementor-column elementor-col-100 elementor-top-column elementor-element elementor-element-cc551b9\" data-id=\"cc551b9\" data-element_type=\"column\">\n\t\t\t<div class=\"elementor-widget-wrap elementor-element-populated\">\n\t\t\t\t\t\t\t\t<div class=\"elementor-element elementor-element-4e6edad elementor-widget elementor-widget-text-editor\" data-id=\"4e6edad\" data-element_type=\"widget\" data-widget_type=\"text-editor.default\">\n\t\t\t\t<div class=\"elementor-widget-container\">\n\t\t\t\t\t\t\t<p>Alexander Sinan Binder, Niemcy<\/p><p>Joseph Bozich, Stany Zjednoczone<\/p><p>Jacek Brzoznowski, Polska<\/p><p>David Bui, Kanada<\/p><p>Francesco Cagnasso, Szwajcaria<\/p><p>Matteo Dal Maso, W\u0142ochy<\/p><p>Jacobus De Jager, Republika Po\u0142udniowej Afryki<\/p><p>Daichi Deguchi, Japonia<\/p><p>Rados\u0142aw Dro\u0144, Polska<\/p><p>Antoine Dutaillis, Francja<\/p><p>Simon Edelmann, Niemcy<\/p><p>Nathaniel Efthimiou, Stany Zjednoczone<\/p><p>Samuel Emanuel, Stany Zjednoczone<\/p><p>David Fern\u00e1ndez Caravaca, Hiszpania<\/p><p>Kyrian Friedenberg, Stany Zjednoczone<\/p><p>Maria Fuller, Kanada<\/p><p>Philip Hildebrand, Niemcy<\/p><p>Annalena H\u00f6sel, Niemcy<\/p><p>David Jang, Stany Zjednoczone<\/p><p>Piotr Jaworski, Polska<\/p><p>Sukjong Kim, Korea Po\u0142udniowa<\/p><p>Yuwon Kim, Korea Po\u0142udniowa<\/p><p>Zofia Kiniorska, Polska\u00a0<\/p><p>Roman Kreslenko, Ukraina<\/p><p>\u0141ukasz Ksobiraj, Polska\u00a0<\/p><p>Fl\u00e1vio Lago Perucci, Brazylia\u00a0<\/p><p>William Lai, Hong Kong<\/p><p>Gyuseong Lee, Korea Po\u0142udniowa\u00a0<\/p><p>Haoran Li, Chiny\u00a0<\/p><p>John Lidfors, Stany Zjednoczone\u00a0<\/p><p>Cl\u00e9ment Lonca, Francja\u00a0<\/p><p>Abuzar Manafzade, Azerbejd\u017can\u00a0<\/p><p>Mauro Mariani, W\u0142ochy<\/p><p>Aleksandra Melaniuk, Polska\u00a0<\/p><p>Mikhail Mering, Izrael\u00a0<\/p><p>Eu Lee Nam, Korea Po\u0142udniowa\u00a0<\/p><p>Deniz Oliveira Erdin\u00e7, Brazylia\u00a0<\/p><p>Joonas Pitk\u00e4nen, Finlandia\u00a0<\/p><p>Alexander Prior, Wielka Brytania\u00a0<\/p><p>Andris Rasmanis, \u0141otwa<\/p><p>Joseph Sieber, Szwajcaria<\/p><p>Eric Staiger, Niemcy\u00a0<\/p><p>Joanna Natalia \u015alusarczyk, Polska<\/p><p>Kornel Thomas, Stany Zjednoczone\u00a0<\/p><p>Andrej Vesel, Chorwacja<\/p><p>Anastasiia Vrublevska, Ukraina\u00a0<\/p><p>Drummado Wijnhamer, Holandia\u00a0<\/p><p>CJ Wu, Tajwan<\/p><p>Jong-Jie Yin, Chiny<\/p><p>Fanye Yuan, Chiny<\/p>\t\t\t\t\t\t<\/div>\n\t\t\t\t<\/div>\n\t\t\t\t\t<\/div>\n\t\t<\/div>\n\t\t\t\t\t\t\t<\/div>\n\t\t<\/section>\n\t\t\t\t<section class=\"elementor-section elementor-top-section elementor-element elementor-element-c942a1c elementor-section-boxed elementor-section-height-default elementor-section-height-default\" data-id=\"c942a1c\" data-element_type=\"section\" data-settings=\"{&quot;jet_parallax_layout_list&quot;:[]}\">\n\t\t\t\t\t\t<div class=\"elementor-container elementor-column-gap-default\">\n\t\t\t\t\t<div class=\"elementor-column elementor-col-100 elementor-top-column elementor-element elementor-element-451f85d\" data-id=\"451f85d\" data-element_type=\"column\">\n\t\t\t<div class=\"elementor-widget-wrap elementor-element-populated\">\n\t\t\t\t\t\t\t\t<div class=\"elementor-element elementor-element-eecd122 elementor-widget elementor-widget-text-editor\" data-id=\"eecd122\" data-element_type=\"widget\" data-widget_type=\"text-editor.default\">\n\t\t\t\t<div class=\"elementor-widget-container\">\n\t\t\t\t\t\t\t<p><strong>Lista rezerwowa:<\/strong><\/p><p>Raimonds\u00a0 Gulbis,\u00a0 \u0141otwa<\/p><p>Moritz\u00a0 Laurer,\u00a0 Austria<\/p><p>Xiao\u00a0 Zhuo,\u00a0 Chiny<\/p><p>Sergey\u00a0 Simakov,\u00a0 Niemcy<\/p><p>Tatsuma\u00a0 Takahashi,\u00a0 Japonia<\/p><p>Szymon\u00a0 Na\u015bciszewski,\u00a0 Polska<\/p><p>Margaryta\u00a0 Grynyvetska,\u00a0 Ukraina<\/p><p>Simone\u00a0 Gubbiotti,\u00a0 W\u0142ochy<\/p><p>Joshua\u00a0 Hong,\u00a0 Stany Zjednoczone<\/p><p>Daniel\u00a0 Ros Hern\u00e1ndez,\u00a0 Hiszpania<\/p><p>Orest\u00a0 Tkachuk,\u00a0 Ukraina<\/p>\t\t\t\t\t\t<\/div>\n\t\t\t\t<\/div>\n\t\t\t\t\t<\/div>\n\t\t<\/div>\n\t\t\t\t\t\t\t<\/div>\n\t\t<\/section>\n\t\t\t\t\t\t\t<\/div>\n\t\t","protected":false},"excerpt":{"rendered":"<p>Lista uczestnik\u00f3w XI Mi\u0119dzynarodowego Konkursu Dyrygent\u00f3w im. Grzegorza Fitelberga Alexander Sinan Binder, Niemcy Joseph Bozich, Stany Zjednoczone Jacek Brzoznowski, Polska David Bui, Kanada Francesco Cagnasso, Szwajcaria Matteo Dal Maso, W\u0142ochy Jacobus De Jager, Republika Po\u0142udniowej Afryki Daichi Deguchi, Japonia Rados\u0142aw Dro\u0144, Polska Antoine Dutaillis, Francja Simon Edelmann, Niemcy Nathaniel Efthimiou, Stany Zjednoczone Samuel Emanuel, Stany [&hellip;]<\/p>\n","protected":false},"author":9,"featured_media":0,"parent":406,"menu_order":0,"comment_status":"closed","ping_status":"closed","template":"","meta":{"footnotes":""},"class_list":["post-3509","page","type-page","status-publish","hentry"],"_links":{"self":[{"href":"https:\/\/fitelbergcompetition.com\/pl\/wp-json\/wp\/v2\/pages\/3509","targetHints":{"allow":["GET"]}}],"collection":[{"href":"https:\/\/fitelbergcompetition.com\/pl\/wp-json\/wp\/v2\/pages"}],"about":[{"href":"https:\/\/fitelbergcompetition.com\/pl\/wp-json\/wp\/v2\/types\/page"}],"author":[{"embeddable":true,"href":"https:\/\/fitelbergcompetition.com\/pl\/wp-json\/wp\/v2\/users\/9"}],"replies":[{"embeddable":true,"href":"https:\/\/fitelbergcompetition.com\/pl\/wp-json\/wp\/v2\/comments?post=3509"}],"version-history":[{"count":11,"href":"https:\/\/fitelbergcompetition.com\/pl\/wp-json\/wp\/v2\/pages\/3509\/revisions"}],"predecessor-version":[{"id":3627,"href":"https:\/\/fitelbergcompetition.com\/pl\/wp-json\/wp\/v2\/pages\/3509\/revisions\/3627"}],"up":[{"embeddable":true,"href":"https:\/\/fitelbergcompetition.com\/pl\/wp-json\/wp\/v2\/pages\/406"}],"wp:attachment":[{"href":"https:\/\/fitelbergcompetition.com\/pl\/wp-json\/wp\/v2\/media?parent=3509"}],"curies":[{"name":"wp","href":"https:\/\/api.w.org\/{rel}","templated":true}]}}