{"id":400,"date":"2022-02-18T12:52:44","date_gmt":"2022-02-18T11:52:44","guid":{"rendered":"http:\/\/testowa.fitelbergcompetition.com\/jury\/"},"modified":"2022-05-25T12:31:24","modified_gmt":"2022-05-25T10:31:24","slug":"jury","status":"publish","type":"page","link":"https:\/\/fitelbergcompetition.com\/pl\/masterclass\/jury\/","title":{"rendered":"Daniel Oren"},"content":{"rendered":"\t\t<div data-elementor-type=\"wp-page\" data-elementor-id=\"400\" class=\"elementor elementor-400 elementor-300\">\n\t\t\t\t\t\t\t\t\t<section class=\"elementor-section elementor-top-section elementor-element elementor-element-8c3373f elementor-section-boxed elementor-section-height-default elementor-section-height-default\" data-id=\"8c3373f\" data-element_type=\"section\" data-settings=\"{&quot;jet_parallax_layout_list&quot;:[]}\">\n\t\t\t\t\t\t<div class=\"elementor-container elementor-column-gap-default\">\n\t\t\t\t\t<div class=\"elementor-column elementor-col-100 elementor-top-column elementor-element elementor-element-9ead034\" data-id=\"9ead034\" data-element_type=\"column\">\n\t\t\t<div class=\"elementor-widget-wrap elementor-element-populated\">\n\t\t\t\t\t\t\t\t<div class=\"elementor-element elementor-element-07d5ca7 elementor-widget elementor-widget-heading\" data-id=\"07d5ca7\" data-element_type=\"widget\" data-widget_type=\"heading.default\">\n\t\t\t\t<div class=\"elementor-widget-container\">\n\t\t\t<style>\/*! elementor - v3.11.1 - 15-02-2023 *\/\n.elementor-heading-title{padding:0;margin:0;line-height:1}.elementor-widget-heading .elementor-heading-title[class*=elementor-size-]>a{color:inherit;font-size:inherit;line-height:inherit}.elementor-widget-heading .elementor-heading-title.elementor-size-small{font-size:15px}.elementor-widget-heading .elementor-heading-title.elementor-size-medium{font-size:19px}.elementor-widget-heading .elementor-heading-title.elementor-size-large{font-size:29px}.elementor-widget-heading .elementor-heading-title.elementor-size-xl{font-size:39px}.elementor-widget-heading .elementor-heading-title.elementor-size-xxl{font-size:59px}<\/style><h1 class=\"elementor-heading-title elementor-size-default\">Daniel Oren<\/h1>\t\t<\/div>\n\t\t\t\t<\/div>\n\t\t\t\t\t<\/div>\n\t\t<\/div>\n\t\t\t\t\t\t\t<\/div>\n\t\t<\/section>\n\t\t\t\t<section class=\"elementor-section elementor-top-section elementor-element elementor-element-1676870 elementor-section-boxed elementor-section-height-default elementor-section-height-default\" data-id=\"1676870\" data-element_type=\"section\" data-settings=\"{&quot;jet_parallax_layout_list&quot;:[]}\">\n\t\t\t\t\t\t<div class=\"elementor-container elementor-column-gap-default\">\n\t\t\t\t\t<div class=\"elementor-column elementor-col-33 elementor-top-column elementor-element elementor-element-2fe7af4\" data-id=\"2fe7af4\" data-element_type=\"column\">\n\t\t\t<div class=\"elementor-widget-wrap elementor-element-populated\">\n\t\t\t\t\t\t\t\t<div class=\"elementor-element elementor-element-b676a2a elementor-widget elementor-widget-image\" data-id=\"b676a2a\" data-element_type=\"widget\" data-widget_type=\"image.default\">\n\t\t\t\t<div class=\"elementor-widget-container\">\n\t\t\t<style>\/*! elementor - v3.11.1 - 15-02-2023 *\/\n.elementor-widget-image{text-align:center}.elementor-widget-image a{display:inline-block}.elementor-widget-image a img[src$=\".svg\"]{width:48px}.elementor-widget-image img{vertical-align:middle;display:inline-block}<\/style>\t\t\t\t\t\t\t\t\t\t\t\t<img loading=\"lazy\" decoding=\"async\" width=\"683\" height=\"1024\" src=\"https:\/\/fitelbergcompetition.com\/wp-content\/uploads\/2022\/05\/Daniel-Oren-683x1024.jpg\" class=\"attachment-large size-large wp-image-935\" alt=\"Daniel Oren\" srcset=\"https:\/\/fitelbergcompetition.com\/wp-content\/uploads\/2022\/05\/Daniel-Oren-683x1024.jpg 683w, https:\/\/fitelbergcompetition.com\/wp-content\/uploads\/2022\/05\/Daniel-Oren-200x300.jpg 200w, https:\/\/fitelbergcompetition.com\/wp-content\/uploads\/2022\/05\/Daniel-Oren-768x1152.jpg 768w, https:\/\/fitelbergcompetition.com\/wp-content\/uploads\/2022\/05\/Daniel-Oren-1024x1536.jpg 1024w, https:\/\/fitelbergcompetition.com\/wp-content\/uploads\/2022\/05\/Daniel-Oren-1365x2048.jpg 1365w, https:\/\/fitelbergcompetition.com\/wp-content\/uploads\/2022\/05\/Daniel-Oren-scaled.jpg 1707w\" sizes=\"auto, (max-width: 683px) 100vw, 683px\" \/>\t\t\t\t\t\t\t\t\t\t\t\t\t\t\t<\/div>\n\t\t\t\t<\/div>\n\t\t\t\t\t<\/div>\n\t\t<\/div>\n\t\t\t\t<div class=\"elementor-column elementor-col-66 elementor-top-column elementor-element elementor-element-61c249c\" data-id=\"61c249c\" data-element_type=\"column\">\n\t\t\t<div class=\"elementor-widget-wrap elementor-element-populated\">\n\t\t\t\t\t\t\t\t<div class=\"elementor-element elementor-element-c8961da elementor-widget elementor-widget-text-editor\" data-id=\"c8961da\" data-element_type=\"widget\" data-widget_type=\"text-editor.default\">\n\t\t\t\t<div class=\"elementor-widget-container\">\n\t\t\t<style>\/*! elementor - v3.11.1 - 15-02-2023 *\/\n.elementor-widget-text-editor.elementor-drop-cap-view-stacked .elementor-drop-cap{background-color:#818a91;color:#fff}.elementor-widget-text-editor.elementor-drop-cap-view-framed .elementor-drop-cap{color:#818a91;border:3px solid;background-color:transparent}.elementor-widget-text-editor:not(.elementor-drop-cap-view-default) .elementor-drop-cap{margin-top:8px}.elementor-widget-text-editor:not(.elementor-drop-cap-view-default) .elementor-drop-cap-letter{width:1em;height:1em}.elementor-widget-text-editor .elementor-drop-cap{float:left;text-align:center;line-height:1;font-size:50px}.elementor-widget-text-editor .elementor-drop-cap-letter{display:inline-block}<\/style>\t\t\t\t<p><strong>Urodzony w Tel Awiwie w Izraelu, od dziecka uczy\u0142 si\u0119 \u015bpiewu, gry na fortepianie i wiolonczeli. Jako 13-letni ch\u0142opiec przyci\u0105gn\u0105\u0142 mi\u0119dzynarodow\u0105 uwag\u0119, kiedy to w roku 1968 Leonard Bernstein wybra\u0142 go do wykonania partii solowej na g\u0142os ch\u0142opi\u0119cy w transmisji koncertu utworu Chichester Psalms w telewizji izraelskiej.<\/strong><\/p><p>Jako siedemnastolatek Daniel Oren rozpocz\u0105\u0142 studia dyrygenckie w Hochschule w Berlinie, gdzie w 1975 roku zdoby\u0142 I nagrod\u0119 na I Mi\u0119dzynarodowym Konkursie Dyrygenckim Herberta Von Karajana, b\u0119d\u0105c wybranym przez Karajana we w\u0142asnej osobie.<\/p><p>Nied\u0142ugo potem rozpocz\u0105\u0142 karier\u0119 w Stanach Zjednoczonych na Festiwalu Dw\u00f3ch \u015awiat\u00f3w, jednocze\u015bnie prowadz\u0105c aktywn\u0105 dzia\u0142alno\u015b\u0107 we W\u0142oszech. Ju\u017c w 1978 zosta\u0142 mianowany dyrektorem muzycznym Teatro Dell&#8217;Opera w Rzymie, a nast\u0119pnie takie stanowisko obj\u0105\u0142 r\u00f3wnie\u017c w Teatro Verdi w Trie\u015bcie, Teatro Carlo Felice w Genui oraz Teatro San Carlo w Neapolu.<\/p><p>Daniel Oren jest go\u015bcinnym dyrygentem licznych orkiestr w Europie, Azji i Ameryce. Mi\u0119dzy innymi pe\u0142ni on t\u0119 funkcj\u0119 w takich instytucjach, jak: Teatro alla Scala, Metropolitan Opera w Nowym Jorku, Covent Garden w Londynie, Vienna State Opera, Munchner Staatsoper, Dresden Philarmonie, San Francisco Opera House, Houston Opera House, Buenos Aires, Pary\u017c, Tel Awiw, Tokio, Berliner Philarmoniker, Filharmonia Izraelska, Filharmonia Radia Monachijskiego, Accademia nazionale di Santa Cecilia. Nagrywa\u0142 dla kilku firm fonograficznych, m.in. Naxos, Erato, Pentatone, Opus Arte, Bel Air Classiques, czy Accentus Music.<\/p><p>Daniel Oren jest doceniany przez publiczno\u015b\u0107 na ca\u0142ym \u015bwiecie, zw\u0142aszcza za swoje wyj\u0105tkowe interpretacje arcydzie\u0142 Verdiego i Pucciniego.<\/p><p>Od 2007 roku pe\u0142ni funkcj\u0119 dyrektora artystycznego Teatro Municipale Giuseppe Verdi w Salerno i wraz z tamtejsz\u0105 orkiestr\u0105 wyst\u0105pi\u0142 w 2015 roku w Watykanie podczas koncertu w obecno\u015bci papie\u017ca Franciszka. W 2019 roku z kolei zosta\u0142 dyrektorem muzycznym festiwalu operowego Arena di Verona. Prowadz\u0105c ponad 500 spektakli, sta\u0142 si\u0119 dyrygentem z najwi\u0119ksz\u0105 liczb\u0105 wyst\u0119p\u00f3w od 1913 roku, kiedy powsta\u0142 Festiwal.<\/p>\t\t\t\t\t\t<\/div>\n\t\t\t\t<\/div>\n\t\t\t\t<div class=\"elementor-element elementor-element-871402d elementor-widget elementor-widget-heading\" data-id=\"871402d\" data-element_type=\"widget\" data-widget_type=\"heading.default\">\n\t\t\t\t<div class=\"elementor-widget-container\">\n\t\t\t<h4 class=\"elementor-heading-title elementor-size-default\">Partner<\/h4>\t\t<\/div>\n\t\t\t\t<\/div>\n\t\t\t\t<div class=\"elementor-element elementor-element-149f3ab elementor-widget elementor-widget-image\" data-id=\"149f3ab\" data-element_type=\"widget\" data-widget_type=\"image.default\">\n\t\t\t\t<div class=\"elementor-widget-container\">\n\t\t\t\t\t\t\t\t\t\t\t\t\t\t\t<img loading=\"lazy\" decoding=\"async\" width=\"300\" height=\"68\" src=\"https:\/\/fitelbergcompetition.com\/wp-content\/uploads\/2022\/05\/Monteverdi-Circle-300x68.png\" class=\"attachment-medium size-medium wp-image-1432\" alt=\"Monteverdi Circle logo\" srcset=\"https:\/\/fitelbergcompetition.com\/wp-content\/uploads\/2022\/05\/Monteverdi-Circle-300x68.png 300w, https:\/\/fitelbergcompetition.com\/wp-content\/uploads\/2022\/05\/Monteverdi-Circle-1024x231.png 1024w, https:\/\/fitelbergcompetition.com\/wp-content\/uploads\/2022\/05\/Monteverdi-Circle-768x173.png 768w, https:\/\/fitelbergcompetition.com\/wp-content\/uploads\/2022\/05\/Monteverdi-Circle.png 1372w\" sizes=\"auto, (max-width: 300px) 100vw, 300px\" \/>\t\t\t\t\t\t\t\t\t\t\t\t\t\t\t<\/div>\n\t\t\t\t<\/div>\n\t\t\t\t\t<\/div>\n\t\t<\/div>\n\t\t\t\t\t\t\t<\/div>\n\t\t<\/section>\n\t\t\t\t\t\t\t<\/div>\n\t\t","protected":false},"excerpt":{"rendered":"<p>Urodzony w Tel Awiwie w Izraelu, od dziecka uczy\u0142 si\u0119 \u015bpiewu, gry na fortepianie i wiolonczeli. Jako 13-letni ch\u0142opiec przyci\u0105gn\u0105\u0142 mi\u0119dzynarodow\u0105 uwag\u0119, kiedy to w roku 1968 Leonard Bernstein wybra\u0142 go do wykonania partii solowej na g\u0142os ch\u0142opi\u0119cy w transmisji koncertu utworu Chichester Psalms w telewizji izraelskiej. Jako siedemnastolatek Daniel Oren rozpocz\u0105\u0142 studia dyrygenckie w [&hellip;]<\/p>\n","protected":false},"author":1,"featured_media":935,"parent":431,"menu_order":2,"comment_status":"closed","ping_status":"closed","template":"","meta":{"footnotes":""},"class_list":["post-400","page","type-page","status-publish","has-post-thumbnail","hentry"],"_links":{"self":[{"href":"https:\/\/fitelbergcompetition.com\/pl\/wp-json\/wp\/v2\/pages\/400","targetHints":{"allow":["GET"]}}],"collection":[{"href":"https:\/\/fitelbergcompetition.com\/pl\/wp-json\/wp\/v2\/pages"}],"about":[{"href":"https:\/\/fitelbergcompetition.com\/pl\/wp-json\/wp\/v2\/types\/page"}],"author":[{"embeddable":true,"href":"https:\/\/fitelbergcompetition.com\/pl\/wp-json\/wp\/v2\/users\/1"}],"replies":[{"embeddable":true,"href":"https:\/\/fitelbergcompetition.com\/pl\/wp-json\/wp\/v2\/comments?post=400"}],"version-history":[{"count":14,"href":"https:\/\/fitelbergcompetition.com\/pl\/wp-json\/wp\/v2\/pages\/400\/revisions"}],"predecessor-version":[{"id":1453,"href":"https:\/\/fitelbergcompetition.com\/pl\/wp-json\/wp\/v2\/pages\/400\/revisions\/1453"}],"up":[{"embeddable":true,"href":"https:\/\/fitelbergcompetition.com\/pl\/wp-json\/wp\/v2\/pages\/431"}],"wp:featuredmedia":[{"embeddable":true,"href":"https:\/\/fitelbergcompetition.com\/pl\/wp-json\/wp\/v2\/media\/935"}],"wp:attachment":[{"href":"https:\/\/fitelbergcompetition.com\/pl\/wp-json\/wp\/v2\/media?parent=400"}],"curies":[{"name":"wp","href":"https:\/\/api.w.org\/{rel}","templated":true}]}}