{"id":4379,"date":"2024-03-08T08:33:15","date_gmt":"2024-03-08T07:33:15","guid":{"rendered":"https:\/\/fitelbergcompetition.com\/?page_id=4379"},"modified":"2024-03-08T08:39:26","modified_gmt":"2024-03-08T07:39:26","slug":"patrick-fournillier","status":"publish","type":"page","link":"https:\/\/fitelbergcompetition.com\/pl\/masterclass\/patrick-fournillier\/","title":{"rendered":"Patrick Fournillier"},"content":{"rendered":"\t\t<div data-elementor-type=\"wp-page\" data-elementor-id=\"4379\" class=\"elementor elementor-4379 elementor-4378\">\n\t\t\t\t\t\t\t\t\t<section class=\"elementor-section elementor-top-section elementor-element elementor-element-8c3373f elementor-section-boxed elementor-section-height-default elementor-section-height-default\" data-id=\"8c3373f\" data-element_type=\"section\" data-settings=\"{&quot;jet_parallax_layout_list&quot;:[]}\">\n\t\t\t\t\t\t<div class=\"elementor-container elementor-column-gap-default\">\n\t\t\t\t\t<div class=\"elementor-column elementor-col-100 elementor-top-column elementor-element elementor-element-9ead034\" data-id=\"9ead034\" data-element_type=\"column\">\n\t\t\t<div class=\"elementor-widget-wrap elementor-element-populated\">\n\t\t\t\t\t\t\t\t<div class=\"elementor-element elementor-element-07d5ca7 elementor-widget elementor-widget-heading\" data-id=\"07d5ca7\" data-element_type=\"widget\" data-widget_type=\"heading.default\">\n\t\t\t\t<div class=\"elementor-widget-container\">\n\t\t\t<style>\/*! elementor - v3.11.1 - 15-02-2023 *\/\n.elementor-heading-title{padding:0;margin:0;line-height:1}.elementor-widget-heading .elementor-heading-title[class*=elementor-size-]>a{color:inherit;font-size:inherit;line-height:inherit}.elementor-widget-heading .elementor-heading-title.elementor-size-small{font-size:15px}.elementor-widget-heading .elementor-heading-title.elementor-size-medium{font-size:19px}.elementor-widget-heading .elementor-heading-title.elementor-size-large{font-size:29px}.elementor-widget-heading .elementor-heading-title.elementor-size-xl{font-size:39px}.elementor-widget-heading .elementor-heading-title.elementor-size-xxl{font-size:59px}<\/style><h1 class=\"elementor-heading-title elementor-size-default\">Patrick Fournillier<\/h1>\t\t<\/div>\n\t\t\t\t<\/div>\n\t\t\t\t\t<\/div>\n\t\t<\/div>\n\t\t\t\t\t\t\t<\/div>\n\t\t<\/section>\n\t\t\t\t<section class=\"elementor-section elementor-top-section elementor-element elementor-element-1676870 elementor-section-boxed elementor-section-height-default elementor-section-height-default\" data-id=\"1676870\" data-element_type=\"section\" data-settings=\"{&quot;jet_parallax_layout_list&quot;:[]}\">\n\t\t\t\t\t\t<div class=\"elementor-container elementor-column-gap-default\">\n\t\t\t\t\t<div class=\"elementor-column elementor-col-33 elementor-top-column elementor-element elementor-element-2fe7af4\" data-id=\"2fe7af4\" data-element_type=\"column\">\n\t\t\t<div class=\"elementor-widget-wrap elementor-element-populated\">\n\t\t\t\t\t\t\t\t<div class=\"elementor-element elementor-element-b676a2a elementor-widget elementor-widget-image\" data-id=\"b676a2a\" data-element_type=\"widget\" data-widget_type=\"image.default\">\n\t\t\t\t<div class=\"elementor-widget-container\">\n\t\t\t<style>\/*! elementor - v3.11.1 - 15-02-2023 *\/\n.elementor-widget-image{text-align:center}.elementor-widget-image a{display:inline-block}.elementor-widget-image a img[src$=\".svg\"]{width:48px}.elementor-widget-image img{vertical-align:middle;display:inline-block}<\/style>\t\t\t\t\t\t\t\t\t\t\t\t<img loading=\"lazy\" decoding=\"async\" width=\"677\" height=\"1024\" src=\"https:\/\/fitelbergcompetition.com\/wp-content\/uploads\/2024\/03\/7W4A6720-677x1024.jpg\" class=\"attachment-large size-large wp-image-4383\" alt=\"\" srcset=\"https:\/\/fitelbergcompetition.com\/wp-content\/uploads\/2024\/03\/7W4A6720-677x1024.jpg 677w, https:\/\/fitelbergcompetition.com\/wp-content\/uploads\/2024\/03\/7W4A6720-198x300.jpg 198w, https:\/\/fitelbergcompetition.com\/wp-content\/uploads\/2024\/03\/7W4A6720-768x1162.jpg 768w, https:\/\/fitelbergcompetition.com\/wp-content\/uploads\/2024\/03\/7W4A6720-1015x1536.jpg 1015w, https:\/\/fitelbergcompetition.com\/wp-content\/uploads\/2024\/03\/7W4A6720-1353x2048.jpg 1353w, https:\/\/fitelbergcompetition.com\/wp-content\/uploads\/2024\/03\/7W4A6720-scaled.jpg 1692w\" sizes=\"auto, (max-width: 677px) 100vw, 677px\" \/>\t\t\t\t\t\t\t\t\t\t\t\t\t\t\t<\/div>\n\t\t\t\t<\/div>\n\t\t\t\t\t<\/div>\n\t\t<\/div>\n\t\t\t\t<div class=\"elementor-column elementor-col-66 elementor-top-column elementor-element elementor-element-61c249c\" data-id=\"61c249c\" data-element_type=\"column\">\n\t\t\t<div class=\"elementor-widget-wrap elementor-element-populated\">\n\t\t\t\t\t\t\t\t<div class=\"elementor-element elementor-element-c8961da elementor-widget elementor-widget-text-editor\" data-id=\"c8961da\" data-element_type=\"widget\" data-widget_type=\"text-editor.default\">\n\t\t\t\t<div class=\"elementor-widget-container\">\n\t\t\t<style>\/*! elementor - v3.11.1 - 15-02-2023 *\/\n.elementor-widget-text-editor.elementor-drop-cap-view-stacked .elementor-drop-cap{background-color:#818a91;color:#fff}.elementor-widget-text-editor.elementor-drop-cap-view-framed .elementor-drop-cap{color:#818a91;border:3px solid;background-color:transparent}.elementor-widget-text-editor:not(.elementor-drop-cap-view-default) .elementor-drop-cap{margin-top:8px}.elementor-widget-text-editor:not(.elementor-drop-cap-view-default) .elementor-drop-cap-letter{width:1em;height:1em}.elementor-widget-text-editor .elementor-drop-cap{float:left;text-align:center;line-height:1;font-size:50px}.elementor-widget-text-editor .elementor-drop-cap-letter{display:inline-block}<\/style>\t\t\t\t<p><strong>Patrick Fournillier jest ceniony za swoje interpretacje w\u0142oskich i francuskich oper, jego kariera zabra\u0142a go do niekt\u00f3rych z najbardziej presti\u017cowych oper na \u015bwiecie, w tym do Metropolitan Opera w Nowym Jorku, Teatro alla Scala w Mediolanie, Bayerische Staatsoper w Monachium, Opery w Zurychu, La Fenice w Wenecji i Semperoper w Dre\u017anie. Obecnie jest dyrektorem muzycznym Teatru Wielkiego \u2013 Opery Narodowej w Warszawie.<\/strong><\/p><p>W\u015br\u00f3d najwa\u017cniejszych wydarze\u0144 w karierze Fournilliera nale\u017cy <em>Cyrano de Bergerac<\/em> Alfano w Teatro alla Scala z Pl\u00e1cido Domingo, <em>Opowie\u015bci Hoffmanna<\/em> w Metropolitan Opera, <em>Don Giovanni<\/em> i <em>Wygnanie z S\u0105du <\/em>w Dre\u017anie, <em>Faust<\/em> w Operze w Zurychu, <em>Don Carlos<\/em> w Staatsoper w Berlinie, <em>Werter<\/em> i <em>\u0141ucja z Lammermoor<\/em> w Bayerische Staatsoper w Monachium, <em>Werter<\/em> i <em>\u0141ucja z Lammermoor<\/em> w Chicago,\u00a0 <em>Wesele<\/em> <em>Figara<\/em> i <em>Hamlet<\/em> w Waszyngtonie,<em> Samson i Dalila<\/em> w Sztokholmie, <em>Manon, Iphig\u00e9nie en Tauride<\/em> i <em>Tha\u00efs<\/em> z Pl\u00e1cido Domingo w Walencji, <em>Cyrano de Bergerac<\/em> w Paris-Ch\u00e2telet, <em>\u0141ucja z Lammermoor<\/em> i <em>Carmen<\/em>\u00a0 w Stuttgarcie, <em>Rigoletto<\/em> i<em> La traviata<\/em> w Regio di Torino, <em>Hamlet <\/em>w Strasburgu, <em>La traviata<\/em>, <em>Carmen<\/em>, <em>Pell\u00e9as &amp; M\u00e9lisande<\/em>, <em>Rigoletto<\/em>, <em>Tosca<\/em>, <em>Turandot<\/em> w Warszawie, <em>Carmen<\/em> w inauguracyjnym przedstawieniu Opery Kr\u00f3lewskiej w Maskacie w Omanie, <em>Manon<\/em> w Nicejskiej Operze<em>, La traviata<\/em> na Festiwalu Ravenna, <em>Turandot <\/em>w Antwerpii, <em>Werter<\/em> w Sydney Opera, <em>Manon<\/em> w San Francisco Opera, <em>Il trovatore,<\/em> <em>Tosca<\/em> i <em>Opowie\u015bci Hoffmanna<\/em> w Helsinkach, <em>Tha\u00efs<\/em> z Pl\u00e0cido Domingo w NCPA w Pekinie i Madrycie oraz <em>La voix humaine<\/em> i <em>Suor Angelica<\/em> w Seattle. Od wrze\u015bnia 2017 roku Fournillier jest tak\u017ce Sta\u0142ym Go\u015bcinnym Dyrygentem Narodowej Opery Finlandii oraz za\u0142o\u017cycielem i dyrektorem muzycznym Festiwalu Massenet w Saint-\u00c9tienne, miejscu urodzenia Masseneta.<\/p><p>Jako dyrygent symfoniczny, Fournillier prowadzi\u0142 wiele z najbardziej znanych orkiestr \u015bwiata w Londynie, Oslo, Mediolanie, Zurychu, Pradze, Amsterdamie, Lipsku, Dre\u017anie, Berlinie, Wiedniu, Waszyngtonie, Los Angeles, Filadelfii, Moskwie i Petersburgu. Obecnie jest G\u0142\u00f3wnym Dyrygentem Go\u015bcinnym Orkiestry Symfonicznej Giuseppe Verdi di Milano, a wcze\u015bniej pe\u0142ni\u0142 funkcj\u0119 Dyrektora Muzycznego Orkiestry Symfonicznej Arturo Toscanini w Parmie przez sze\u015b\u0107 lat, \u0142\u0105cz\u0105c swoje nazwisko z obchodami setnych urodzin Verdiego w 2001 roku. Jest tak\u017ce laureatem Grand Prix du Disque za nagranie arii francuskich oper z Natalie Dessay i Orkiestr\u0105 Filharmonii Monte Carlo.<\/p>\t\t\t\t\t\t<\/div>\n\t\t\t\t<\/div>\n\t\t\t\t\t<\/div>\n\t\t<\/div>\n\t\t\t\t\t\t\t<\/div>\n\t\t<\/section>\n\t\t\t\t\t\t\t<\/div>\n\t\t","protected":false},"excerpt":{"rendered":"<p>Patrick Fournillier jest ceniony za swoje interpretacje w\u0142oskich i francuskich oper, jego kariera zabra\u0142a go do niekt\u00f3rych z najbardziej presti\u017cowych oper na \u015bwiecie, w tym do Metropolitan Opera w Nowym Jorku, Teatro alla Scala w Mediolanie, Bayerische Staatsoper w Monachium, Opery w Zurychu, La Fenice w Wenecji i Semperoper w Dre\u017anie. Obecnie jest dyrektorem muzycznym [&hellip;]<\/p>\n","protected":false},"author":10,"featured_media":1961,"parent":431,"menu_order":2,"comment_status":"closed","ping_status":"closed","template":"","meta":{"footnotes":""},"class_list":["post-4379","page","type-page","status-publish","has-post-thumbnail","hentry"],"_links":{"self":[{"href":"https:\/\/fitelbergcompetition.com\/pl\/wp-json\/wp\/v2\/pages\/4379","targetHints":{"allow":["GET"]}}],"collection":[{"href":"https:\/\/fitelbergcompetition.com\/pl\/wp-json\/wp\/v2\/pages"}],"about":[{"href":"https:\/\/fitelbergcompetition.com\/pl\/wp-json\/wp\/v2\/types\/page"}],"author":[{"embeddable":true,"href":"https:\/\/fitelbergcompetition.com\/pl\/wp-json\/wp\/v2\/users\/10"}],"replies":[{"embeddable":true,"href":"https:\/\/fitelbergcompetition.com\/pl\/wp-json\/wp\/v2\/comments?post=4379"}],"version-history":[{"count":5,"href":"https:\/\/fitelbergcompetition.com\/pl\/wp-json\/wp\/v2\/pages\/4379\/revisions"}],"predecessor-version":[{"id":4391,"href":"https:\/\/fitelbergcompetition.com\/pl\/wp-json\/wp\/v2\/pages\/4379\/revisions\/4391"}],"up":[{"embeddable":true,"href":"https:\/\/fitelbergcompetition.com\/pl\/wp-json\/wp\/v2\/pages\/431"}],"wp:featuredmedia":[{"embeddable":true,"href":"https:\/\/fitelbergcompetition.com\/pl\/wp-json\/wp\/v2\/media\/1961"}],"wp:attachment":[{"href":"https:\/\/fitelbergcompetition.com\/pl\/wp-json\/wp\/v2\/media?parent=4379"}],"curies":[{"name":"wp","href":"https:\/\/api.w.org\/{rel}","templated":true}]}}