{"id":4693,"date":"2024-03-11T10:53:56","date_gmt":"2024-03-11T09:53:56","guid":{"rendered":"https:\/\/fitelbergcompetition.com\/?page_id=4693"},"modified":"2024-03-11T10:59:33","modified_gmt":"2024-03-11T09:59:33","slug":"przesluchania-konkursowe","status":"publish","type":"page","link":"https:\/\/fitelbergcompetition.com\/pl\/przesluchania-konkursowe\/","title":{"rendered":"Przes\u0142uchania konkursowe"},"content":{"rendered":"\t\t<div data-elementor-type=\"wp-page\" data-elementor-id=\"4693\" class=\"elementor elementor-4693\">\n\t\t\t\t\t\t\t\t\t<section class=\"elementor-section elementor-top-section elementor-element elementor-element-1e94bac elementor-section-boxed elementor-section-height-default elementor-section-height-default\" data-id=\"1e94bac\" data-element_type=\"section\" data-settings=\"{&quot;jet_parallax_layout_list&quot;:[]}\">\n\t\t\t\t\t\t<div class=\"elementor-container elementor-column-gap-default\">\n\t\t\t\t\t<div class=\"elementor-column elementor-col-100 elementor-top-column elementor-element elementor-element-24e505b\" data-id=\"24e505b\" data-element_type=\"column\">\n\t\t\t<div class=\"elementor-widget-wrap elementor-element-populated\">\n\t\t\t\t\t\t\t\t<div class=\"elementor-element elementor-element-9f8cfd6 elementor-widget elementor-widget-heading\" data-id=\"9f8cfd6\" data-element_type=\"widget\" data-widget_type=\"heading.default\">\n\t\t\t\t<div class=\"elementor-widget-container\">\n\t\t\t<style>\/*! elementor - v3.11.1 - 15-02-2023 *\/\n.elementor-heading-title{padding:0;margin:0;line-height:1}.elementor-widget-heading .elementor-heading-title[class*=elementor-size-]>a{color:inherit;font-size:inherit;line-height:inherit}.elementor-widget-heading .elementor-heading-title.elementor-size-small{font-size:15px}.elementor-widget-heading .elementor-heading-title.elementor-size-medium{font-size:19px}.elementor-widget-heading .elementor-heading-title.elementor-size-large{font-size:29px}.elementor-widget-heading .elementor-heading-title.elementor-size-xl{font-size:39px}.elementor-widget-heading .elementor-heading-title.elementor-size-xxl{font-size:59px}<\/style><h2 class=\"elementor-heading-title elementor-size-default\">Przes\u0142uchania konkursowe<\/h2>\t\t<\/div>\n\t\t\t\t<\/div>\n\t\t\t\t\t<\/div>\n\t\t<\/div>\n\t\t\t\t\t\t\t<\/div>\n\t\t<\/section>\n\t\t\t\t<section class=\"elementor-section elementor-top-section elementor-element elementor-element-776f391 elementor-section-boxed elementor-section-height-default elementor-section-height-default\" data-id=\"776f391\" data-element_type=\"section\" data-settings=\"{&quot;jet_parallax_layout_list&quot;:[]}\">\n\t\t\t\t\t\t<div class=\"elementor-container elementor-column-gap-default\">\n\t\t\t\t\t<div class=\"elementor-column elementor-col-100 elementor-top-column elementor-element elementor-element-2ffa413\" data-id=\"2ffa413\" data-element_type=\"column\">\n\t\t\t<div class=\"elementor-widget-wrap elementor-element-populated\">\n\t\t\t\t\t\t\t\t<div class=\"elementor-element elementor-element-5b6ccbe elementor-widget elementor-widget-spacer\" data-id=\"5b6ccbe\" data-element_type=\"widget\" data-widget_type=\"spacer.default\">\n\t\t\t\t<div class=\"elementor-widget-container\">\n\t\t\t<style>\/*! elementor - v3.11.1 - 15-02-2023 *\/\n.elementor-column .elementor-spacer-inner{height:var(--spacer-size)}.e-con{--container-widget-width:100%}.e-con-inner>.elementor-widget-spacer,.e-con>.elementor-widget-spacer{width:var(--container-widget-width,var(--spacer-size));--align-self:var(--container-widget-align-self,initial);--flex-shrink:0}.e-con-inner>.elementor-widget-spacer>.elementor-widget-container,.e-con-inner>.elementor-widget-spacer>.elementor-widget-container>.elementor-spacer,.e-con>.elementor-widget-spacer>.elementor-widget-container,.e-con>.elementor-widget-spacer>.elementor-widget-container>.elementor-spacer{height:100%}.e-con-inner>.elementor-widget-spacer>.elementor-widget-container>.elementor-spacer>.elementor-spacer-inner,.e-con>.elementor-widget-spacer>.elementor-widget-container>.elementor-spacer>.elementor-spacer-inner{height:var(--container-widget-height,var(--spacer-size))}<\/style>\t\t<div class=\"elementor-spacer\">\n\t\t\t<div class=\"elementor-spacer-inner\"><\/div>\n\t\t<\/div>\n\t\t\t\t<\/div>\n\t\t\t\t<\/div>\n\t\t\t\t\t<\/div>\n\t\t<\/div>\n\t\t\t\t\t\t\t<\/div>\n\t\t<\/section>\n\t\t\t\t<section class=\"elementor-section elementor-top-section elementor-element elementor-element-db2aa80 elementor-section-boxed elementor-section-height-default elementor-section-height-default\" data-id=\"db2aa80\" data-element_type=\"section\" data-settings=\"{&quot;jet_parallax_layout_list&quot;:[]}\">\n\t\t\t\t\t\t<div class=\"elementor-container elementor-column-gap-default\">\n\t\t\t\t\t<div class=\"elementor-column elementor-col-100 elementor-top-column elementor-element elementor-element-d4331aa\" data-id=\"d4331aa\" data-element_type=\"column\">\n\t\t\t<div class=\"elementor-widget-wrap elementor-element-populated\">\n\t\t\t\t\t\t\t\t<div class=\"elementor-element elementor-element-5b2fb31 elementor-widget elementor-widget-text-editor\" data-id=\"5b2fb31\" data-element_type=\"widget\" data-widget_type=\"text-editor.default\">\n\t\t\t\t<div class=\"elementor-widget-container\">\n\t\t\t<style>\/*! elementor - v3.11.1 - 15-02-2023 *\/\n.elementor-widget-text-editor.elementor-drop-cap-view-stacked .elementor-drop-cap{background-color:#818a91;color:#fff}.elementor-widget-text-editor.elementor-drop-cap-view-framed .elementor-drop-cap{color:#818a91;border:3px solid;background-color:transparent}.elementor-widget-text-editor:not(.elementor-drop-cap-view-default) .elementor-drop-cap{margin-top:8px}.elementor-widget-text-editor:not(.elementor-drop-cap-view-default) .elementor-drop-cap-letter{width:1em;height:1em}.elementor-widget-text-editor .elementor-drop-cap{float:left;text-align:center;line-height:1;font-size:50px}.elementor-widget-text-editor .elementor-drop-cap-letter{display:inline-block}<\/style>\t\t\t\t<p>18 listopada odby\u0142y si\u0119 pierwsze przes\u0142uchania konkursowe pierwszego etapu.&nbsp;<span style=\"color: var( --e-global-color-text );\">Udzia\u0142 w nim wzi\u0119\u0142o czterdziestu czterech uczestnik\u00f3w.&nbsp;<\/span><span style=\"color: var( --e-global-color-text );\">M\u0142odzi dyrygenci losowali po jednym spo\u015br\u00f3d dw\u00f3ch wybranych przez siebie utwor\u00f3w z ka\u017cdej grup. W pierwszym etapie do wyboru by\u0142y:<\/span><\/p>\n<p>GRUPA A<\/p>\n<p><ul><li><span style=\"background-color: transparent; color: var( --e-global-color-text );\">G. Rossini \u2013 Uwertura do opery Sroka z\u0142odziejka&nbsp;<\/span><\/li><li>C.M. Weber \u2013 Uwertura do opery Oberon<\/li><li><span style=\"background-color: transparent; color: var( --e-global-color-text );\">G. Verdi \u2013 Uwertura do opery Nabucco<\/span><\/li><li><span style=\"background-color: transparent; color: var( --e-global-color-text );\">S.&nbsp;<\/span><span style=\"background-color: transparent; color: var( --e-global-color-text );\">Moniuszko \u2013 Uwertura fantastyczna Bajka<\/span><\/li><\/ul><\/p>\n\n\n\n<p>GRUPA B<\/p>\n<p><ul><li>W.A. Mozart \u2013 Symfonia D-dur Haffnerowska KV 385&nbsp;<\/li><li>W.A. Mozart \u2013 Symfonia C-dur Linzka KV 425&nbsp;<\/li><li><span style=\"background-color: transparent; color: var( --e-global-color-text );\">L. van Beethoven \u2013 V Symfonia c-moll op. 67&nbsp;<\/span><\/li><li><span style=\"background-color: transparent; color: var( --e-global-color-text );\">L. van Beethoven \u2013 III Symfonia Es-dur op. 55 Eroica<\/span><\/li><\/ul><\/p>\n\n\n\n<p><span style=\"background-color: transparent; color: var( --e-global-color-text );\">&nbsp;<\/span><span style=\"color: var( --e-global-color-text );\">Ka\u017cdemu z uczestnik\u00f3w w przes\u0142uchaniach towarzyszy\u0142a wspania\u0142a Orkiestra Symfoniczna Filharmonii \u015al\u0105skiej.<\/span><\/p>\n<p>W pierwszym etapie zagrany by\u0142 a\u017c siedemna\u015bcie razy utw\u00f3r V Symfonia c-moll op. 67 L. van Beethovena. Natomiast najcz\u0119\u015bciej wykonywanym utworem z grupy A by\u0142a Uwertura do opery Oberon, nasi uczestniczy wykonali j\u0105 pi\u0119tna\u015bcie razy.<\/p><p><br><\/p>\n<p>22 listopada rozpocz\u0119\u0142y si\u0119 przes\u0142uchania drugiego etapu do, kt\u00f3rego zakwalifikowa\u0142o si\u0119 dwunastu uczestnik\u00f3w. W tym gronie znalaz\u0142a si\u0119 jedna reprezentantka Polski &#8211; Joanna Natalia \u015alusarczyk. &nbsp;<\/p>\n<p>W drugim etapie uczestnicy konkursu wybierali z podanego repertuaru dwa utwory z grupy A i dwa utwory z grupy B (w tym obowi\u0105zkowo kompozycj\u0119 Karola Szymanowskiego albo Henryka Miko\u0142aja G\u00f3reckiego), po czym ze wskazanych losowali po jednym utworze z ka\u017cdej grupy. Na opracowanie z orkiestr\u0105 wylosowanych utwor\u00f3w przeznaczone by\u0142o nie wi\u0119cej ni\u017c 45 minut.<\/p>\n<p>GRUPA A<\/p>\n<p><ul><li><span style=\"background-color: transparent; color: var( --e-global-color-text );\">E. Elgar \u2013 Wariacje Enigma op. 36<\/span><\/li><li><span style=\"background-color: transparent; color: var( --e-global-color-text );\">A. Dvo\u0159\u00e1k \u2013 IX Symfonia e-moll Z Nowego \u015awiata op. 95<\/span><\/li><li><span style=\"background-color: transparent; color: var( --e-global-color-text );\">J. Brahms \u2013 IV Symfonia e-moll op. 98<\/span><\/li><li><span style=\"background-color: transparent; color: var( --e-global-color-text );\">M. Kar\u0142owicz \u2013 Symfonia e-moll Odrodzenie op. 7<\/span><\/li><\/ul><\/p>\n\n\n\n<p>GRUPA B<\/p>\n<p><ul><li><span style=\"background-color: transparent; color: var( --e-global-color-text );\">A. Dvo\u0159\u00e1k \u2013 Koncert wiolonczelowy h-moll op. 104<\/span><\/li><li>H.M. G\u00f3recki \u2013 Concerto-Cantata op. 65<\/li><li><span style=\"background-color: transparent; color: var( --e-global-color-text );\">J. Sibelius \u2013 Koncert skrzypcowy d-moll op. 47<\/span><\/li><li><span style=\"background-color: transparent; color: var( --e-global-color-text );\">K. Szymanowski \u2013 II Koncert skrzypcowy op. 61<\/span><\/li><\/ul><\/p>\n\n\n\n<p>W drugim etapie zagrana by\u0142a pi\u0119\u0107 razy IX Symfonia e-moll Z Nowego \u015awiata op. 95 \u2013 A. Dvo\u0159\u00e1ka oraz II Koncert skrzypcowy op. 61 \u2013 K. Szymanowskiego.<\/p><p><br><\/p>\n<p>Do fina\u0142owego etapu zakwalifikowa\u0142o si\u0119 sze\u015bciu uczestnik\u00f3w. W trzecim etapie uczestnicy konkursu wybierali dwa utwory z grupy A i dwa utwory z grupy B, po czym ze wskazanych losowali po jednym utworze z grupy A i grupy B. Na opracowanie z orkiestr\u0105 wylosowanych utwor\u00f3w przeznaczone by\u0142o nie wi\u0119cej ni\u017c 50 minut (nie wi\u0119cej ni\u017c 25 minut na ka\u017cdy z wylosowanych utwor\u00f3w).<\/p>\n<p>GRUPA A<\/p>\n<p><ul><li><span style=\"background-color: transparent; color: var( --e-global-color-text );\">C. Debussy \u2013 Morze<\/span><\/li><li><span style=\"background-color: transparent; color: var( --e-global-color-text );\">P. Hindemith \u2013 Symfonia Mateusz Malarz<\/span><\/li><li><span style=\"background-color: transparent; color: var( --e-global-color-text );\">B. Bart\u00f3k \u2013 Koncert na orkiestr\u0119<\/span><\/li><li><span style=\"background-color: transparent; color: var( --e-global-color-text );\">W. Lutos\u0142awski \u2013 Koncert na orkiestr\u0119<\/span><\/li><\/ul><\/p>\n\n\n\n<p>GRUPA B<\/p>\n<p><ul><li><span style=\"background-color: transparent; color: var( --e-global-color-text );\">K. Szymanowski \u2013 II Symfonia B-dur op. 19<\/span><\/li><li><span style=\"background-color: transparent; color: var( --e-global-color-text );\">W. Lutos\u0142awski \u2013 IV Symfonia<\/span><\/li><li>H.M. G\u00f3recki \u2013 Refren op. 21<\/li><li><span style=\"background-color: transparent; color: var( --e-global-color-text );\">K. Penderecki \u2013 II Symfonia Bo\u017conarodzeniowa<\/span><\/li><\/ul><\/p>\n\n\n\n<p>W finale po trzy raz wykonana by\u0142a przez naszych uczestnik\u00f3w II Symfonia B-dur op. 19 \u2013 K. Szymanowskiego oraz Morze \u2013 C. Debuss\u2019ego.<\/p><p><br><\/p>\n<p>Wyniki konkursu poznali\u015bmy na podsumowuj\u0105cej konferencji prasowej.<\/p>\n<p>Trzeci\u0105 nagrod\u0119 czyli 6000 euro i Br\u0105zow\u0105 Batut\u0119 otrzyma\u0142 Mikhail Mering, drugie miejsce zaj\u0105\u0142 Sergey Simakov, kt\u00f3ry otrzyma\u0142 nagrod\u0119 10 000 euro i Srebrn\u0105 Batut\u0119. Zwyci\u0119zc\u0105 zosta\u0142 reprezentant Chin Jong-Jie Yin, a za swoje zwyci\u0119stwo otrzyma\u0142 20 000 euro i Z\u0142ot\u0105 Batut\u0119. &nbsp;&nbsp;<\/p>\t\t\t\t\t\t<\/div>\n\t\t\t\t<\/div>\n\t\t\t\t\t<\/div>\n\t\t<\/div>\n\t\t\t\t\t\t\t<\/div>\n\t\t<\/section>\n\t\t\t\t\t\t\t<\/div>\n\t\t","protected":false},"excerpt":{"rendered":"<p>Przes\u0142uchania konkursowe 18 listopada odby\u0142y si\u0119 pierwsze przes\u0142uchania konkursowe pierwszego etapu.&nbsp;Udzia\u0142 w nim wzi\u0119\u0142o czterdziestu czterech uczestnik\u00f3w.&nbsp;M\u0142odzi dyrygenci losowali po jednym spo\u015br\u00f3d dw\u00f3ch wybranych przez siebie utwor\u00f3w z ka\u017cdej grup. W pierwszym etapie do wyboru by\u0142y: GRUPA A G. Rossini \u2013 Uwertura do opery Sroka z\u0142odziejka&nbsp; C.M. Weber \u2013 Uwertura do opery Oberon G. Verdi [&hellip;]<\/p>\n","protected":false},"author":10,"featured_media":0,"parent":0,"menu_order":0,"comment_status":"closed","ping_status":"closed","template":"","meta":{"footnotes":""},"class_list":["post-4693","page","type-page","status-publish","hentry"],"_links":{"self":[{"href":"https:\/\/fitelbergcompetition.com\/pl\/wp-json\/wp\/v2\/pages\/4693","targetHints":{"allow":["GET"]}}],"collection":[{"href":"https:\/\/fitelbergcompetition.com\/pl\/wp-json\/wp\/v2\/pages"}],"about":[{"href":"https:\/\/fitelbergcompetition.com\/pl\/wp-json\/wp\/v2\/types\/page"}],"author":[{"embeddable":true,"href":"https:\/\/fitelbergcompetition.com\/pl\/wp-json\/wp\/v2\/users\/10"}],"replies":[{"embeddable":true,"href":"https:\/\/fitelbergcompetition.com\/pl\/wp-json\/wp\/v2\/comments?post=4693"}],"version-history":[{"count":4,"href":"https:\/\/fitelbergcompetition.com\/pl\/wp-json\/wp\/v2\/pages\/4693\/revisions"}],"predecessor-version":[{"id":4697,"href":"https:\/\/fitelbergcompetition.com\/pl\/wp-json\/wp\/v2\/pages\/4693\/revisions\/4697"}],"wp:attachment":[{"href":"https:\/\/fitelbergcompetition.com\/pl\/wp-json\/wp\/v2\/media?parent=4693"}],"curies":[{"name":"wp","href":"https:\/\/api.w.org\/{rel}","templated":true}]}}