{"id":4949,"date":"2024-03-12T12:49:38","date_gmt":"2024-03-12T11:49:38","guid":{"rendered":"https:\/\/fitelbergcompetition.com\/?page_id=4949"},"modified":"2024-03-12T12:52:30","modified_gmt":"2024-03-12T11:52:30","slug":"23-listopada","status":"publish","type":"page","link":"https:\/\/fitelbergcompetition.com\/pl\/23-listopada\/","title":{"rendered":"23 listopada"},"content":{"rendered":"\t\t<div data-elementor-type=\"wp-page\" data-elementor-id=\"4949\" class=\"elementor elementor-4949\">\n\t\t\t\t\t\t\t\t\t<section class=\"elementor-section elementor-top-section elementor-element elementor-element-318bc5c elementor-section-boxed elementor-section-height-default elementor-section-height-default\" data-id=\"318bc5c\" data-element_type=\"section\" data-settings=\"{&quot;jet_parallax_layout_list&quot;:[]}\">\n\t\t\t\t\t\t<div class=\"elementor-container elementor-column-gap-default\">\n\t\t\t\t\t<div class=\"elementor-column elementor-col-100 elementor-top-column elementor-element elementor-element-499927f\" data-id=\"499927f\" data-element_type=\"column\">\n\t\t\t<div class=\"elementor-widget-wrap elementor-element-populated\">\n\t\t\t\t\t\t\t\t<div class=\"elementor-element elementor-element-94270c9 elementor-widget elementor-widget-heading\" data-id=\"94270c9\" data-element_type=\"widget\" data-widget_type=\"heading.default\">\n\t\t\t\t<div class=\"elementor-widget-container\">\n\t\t\t<style>\/*! elementor - v3.11.1 - 15-02-2023 *\/\n.elementor-heading-title{padding:0;margin:0;line-height:1}.elementor-widget-heading .elementor-heading-title[class*=elementor-size-]>a{color:inherit;font-size:inherit;line-height:inherit}.elementor-widget-heading .elementor-heading-title.elementor-size-small{font-size:15px}.elementor-widget-heading .elementor-heading-title.elementor-size-medium{font-size:19px}.elementor-widget-heading .elementor-heading-title.elementor-size-large{font-size:29px}.elementor-widget-heading .elementor-heading-title.elementor-size-xl{font-size:39px}.elementor-widget-heading .elementor-heading-title.elementor-size-xxl{font-size:59px}<\/style><h2 class=\"elementor-heading-title elementor-size-default\">23 listopada - konferencja podsumowuj\u0105ca II etap<\/h2>\t\t<\/div>\n\t\t\t\t<\/div>\n\t\t\t\t\t<\/div>\n\t\t<\/div>\n\t\t\t\t\t\t\t<\/div>\n\t\t<\/section>\n\t\t\t\t<section class=\"elementor-section elementor-top-section elementor-element elementor-element-5d2e30b elementor-section-boxed elementor-section-height-default elementor-section-height-default\" data-id=\"5d2e30b\" data-element_type=\"section\" data-settings=\"{&quot;jet_parallax_layout_list&quot;:[]}\">\n\t\t\t\t\t\t<div class=\"elementor-container elementor-column-gap-default\">\n\t\t\t\t\t<div class=\"elementor-column elementor-col-100 elementor-top-column elementor-element elementor-element-0321c99\" data-id=\"0321c99\" data-element_type=\"column\">\n\t\t\t<div class=\"elementor-widget-wrap elementor-element-populated\">\n\t\t\t\t\t\t\t\t<div class=\"elementor-element elementor-element-92f1f25 elementor-widget elementor-widget-spacer\" data-id=\"92f1f25\" data-element_type=\"widget\" data-widget_type=\"spacer.default\">\n\t\t\t\t<div class=\"elementor-widget-container\">\n\t\t\t<style>\/*! elementor - v3.11.1 - 15-02-2023 *\/\n.elementor-column .elementor-spacer-inner{height:var(--spacer-size)}.e-con{--container-widget-width:100%}.e-con-inner>.elementor-widget-spacer,.e-con>.elementor-widget-spacer{width:var(--container-widget-width,var(--spacer-size));--align-self:var(--container-widget-align-self,initial);--flex-shrink:0}.e-con-inner>.elementor-widget-spacer>.elementor-widget-container,.e-con-inner>.elementor-widget-spacer>.elementor-widget-container>.elementor-spacer,.e-con>.elementor-widget-spacer>.elementor-widget-container,.e-con>.elementor-widget-spacer>.elementor-widget-container>.elementor-spacer{height:100%}.e-con-inner>.elementor-widget-spacer>.elementor-widget-container>.elementor-spacer>.elementor-spacer-inner,.e-con>.elementor-widget-spacer>.elementor-widget-container>.elementor-spacer>.elementor-spacer-inner{height:var(--container-widget-height,var(--spacer-size))}<\/style>\t\t<div class=\"elementor-spacer\">\n\t\t\t<div class=\"elementor-spacer-inner\"><\/div>\n\t\t<\/div>\n\t\t\t\t<\/div>\n\t\t\t\t<\/div>\n\t\t\t\t\t<\/div>\n\t\t<\/div>\n\t\t\t\t\t\t\t<\/div>\n\t\t<\/section>\n\t\t\t\t<section class=\"elementor-section elementor-top-section elementor-element elementor-element-bee8603 elementor-section-boxed elementor-section-height-default elementor-section-height-default\" data-id=\"bee8603\" data-element_type=\"section\" data-settings=\"{&quot;jet_parallax_layout_list&quot;:[]}\">\n\t\t\t\t\t\t<div class=\"elementor-container elementor-column-gap-default\">\n\t\t\t\t\t<div class=\"elementor-column elementor-col-100 elementor-top-column elementor-element elementor-element-bc09e32\" data-id=\"bc09e32\" data-element_type=\"column\">\n\t\t\t<div class=\"elementor-widget-wrap elementor-element-populated\">\n\t\t\t\t\t\t\t\t<div class=\"elementor-element elementor-element-9602911 elementor-widget elementor-widget-text-editor\" data-id=\"9602911\" data-element_type=\"widget\" data-widget_type=\"text-editor.default\">\n\t\t\t\t<div class=\"elementor-widget-container\">\n\t\t\t<style>\/*! elementor - v3.11.1 - 15-02-2023 *\/\n.elementor-widget-text-editor.elementor-drop-cap-view-stacked .elementor-drop-cap{background-color:#818a91;color:#fff}.elementor-widget-text-editor.elementor-drop-cap-view-framed .elementor-drop-cap{color:#818a91;border:3px solid;background-color:transparent}.elementor-widget-text-editor:not(.elementor-drop-cap-view-default) .elementor-drop-cap{margin-top:8px}.elementor-widget-text-editor:not(.elementor-drop-cap-view-default) .elementor-drop-cap-letter{width:1em;height:1em}.elementor-widget-text-editor .elementor-drop-cap{float:left;text-align:center;line-height:1;font-size:50px}.elementor-widget-text-editor .elementor-drop-cap-letter{display:inline-block}<\/style>\t\t\t\t<p>23 listopada 2023 roku odby\u0142a si\u0119 kolejna konferencja prasowa, podsumowuj\u0105ca drugi etap konkursu. Studio konkursowe prowadzili Agnieszka Nowok-Zych, redaktor Polskiego Radia Katowice oraz Adam Rozlach, dziennikarz muzyczny Programu I Polskiego Radia. Go\u015bciem studia konkursowego by\u0142 Krzysztof Stefa\u0144ski, zast\u0119pca redaktora naczelnego Ruchu Muzycznego. Eksperci byli zgodni, \u017ce do drugiego etapu konkursu dosta\u0142a si\u0119 grupa naprawd\u0119 do\u015bwiadczonych i \u015bwiadomych swoich umiej\u0119tno\u015bci dyrygent\u00f3w. Szczeg\u00f3\u0142owo omawiane by\u0142y r\u00f3wnie\u017c wyst\u0105pienia uczestnik\u00f3w, kt\u00f3rzy na tym etapie wsp\u00f3\u0142pracowali r\u00f3wnie\u017c z solistami.&nbsp; Po rozmowach w studio konkursowym, przyszed\u0142 czas na d\u0142ugo wyczekiwan\u0105 konferencj\u0119 prasow\u0105, na kt\u00f3rej poznali\u015bmy finalist\u00f3w konkursu. Wyniki przedstawi\u0142 przewodnicz\u0105cy jury Patrick Fournillier.&nbsp;<\/p><p><span style=\"color: var( --e-global-color-text );\">Finali\u015bci XI Mi\u0119dzynarodowego Konkursu Dyrygent\u00f3w im. Grzegorz Fitelberga to:<\/span><\/p>\n<p><ul><li>Maria Fuller (Kanada)<\/li><li>Sukjong Kim (Korea Po\u0142udniowa)<\/li><li>Mikhail Mering (Izrael)<\/li><li>Joonas Pitk\u00e4nen (Finlandia)<\/li><li>Sergey Simakov (Niemcy)<\/li><li>Jong-Jie Yin (Chiny)<\/li><\/ul><\/p>\t\t\t\t\t\t<\/div>\n\t\t\t\t<\/div>\n\t\t\t\t\t<\/div>\n\t\t<\/div>\n\t\t\t\t\t\t\t<\/div>\n\t\t<\/section>\n\t\t\t\t<section class=\"elementor-section elementor-top-section elementor-element elementor-element-a86864b elementor-section-boxed elementor-section-height-default elementor-section-height-default\" data-id=\"a86864b\" data-element_type=\"section\" data-settings=\"{&quot;jet_parallax_layout_list&quot;:[]}\">\n\t\t\t\t\t\t<div class=\"elementor-container elementor-column-gap-default\">\n\t\t\t\t\t<div class=\"elementor-column elementor-col-100 elementor-top-column elementor-element elementor-element-66892cb\" data-id=\"66892cb\" data-element_type=\"column\">\n\t\t\t<div class=\"elementor-widget-wrap elementor-element-populated\">\n\t\t\t\t\t\t\t\t<div class=\"elementor-element elementor-element-1a1350f elementor-widget elementor-widget-spacer\" data-id=\"1a1350f\" data-element_type=\"widget\" data-widget_type=\"spacer.default\">\n\t\t\t\t<div class=\"elementor-widget-container\">\n\t\t\t\t\t<div class=\"elementor-spacer\">\n\t\t\t<div class=\"elementor-spacer-inner\"><\/div>\n\t\t<\/div>\n\t\t\t\t<\/div>\n\t\t\t\t<\/div>\n\t\t\t\t\t<\/div>\n\t\t<\/div>\n\t\t\t\t\t\t\t<\/div>\n\t\t<\/section>\n\t\t\t\t\t\t\t<\/div>\n\t\t","protected":false},"excerpt":{"rendered":"<p>23 listopada &#8211; konferencja podsumowuj\u0105ca II etap 23 listopada 2023 roku odby\u0142a si\u0119 kolejna konferencja prasowa, podsumowuj\u0105ca drugi etap konkursu. Studio konkursowe prowadzili Agnieszka Nowok-Zych, redaktor Polskiego Radia Katowice oraz Adam Rozlach, dziennikarz muzyczny Programu I Polskiego Radia. Go\u015bciem studia konkursowego by\u0142 Krzysztof Stefa\u0144ski, zast\u0119pca redaktora naczelnego Ruchu Muzycznego. Eksperci byli zgodni, \u017ce do drugiego [&hellip;]<\/p>\n","protected":false},"author":10,"featured_media":0,"parent":0,"menu_order":0,"comment_status":"closed","ping_status":"closed","template":"","meta":{"footnotes":""},"class_list":["post-4949","page","type-page","status-publish","hentry"],"_links":{"self":[{"href":"https:\/\/fitelbergcompetition.com\/pl\/wp-json\/wp\/v2\/pages\/4949","targetHints":{"allow":["GET"]}}],"collection":[{"href":"https:\/\/fitelbergcompetition.com\/pl\/wp-json\/wp\/v2\/pages"}],"about":[{"href":"https:\/\/fitelbergcompetition.com\/pl\/wp-json\/wp\/v2\/types\/page"}],"author":[{"embeddable":true,"href":"https:\/\/fitelbergcompetition.com\/pl\/wp-json\/wp\/v2\/users\/10"}],"replies":[{"embeddable":true,"href":"https:\/\/fitelbergcompetition.com\/pl\/wp-json\/wp\/v2\/comments?post=4949"}],"version-history":[{"count":4,"href":"https:\/\/fitelbergcompetition.com\/pl\/wp-json\/wp\/v2\/pages\/4949\/revisions"}],"predecessor-version":[{"id":4953,"href":"https:\/\/fitelbergcompetition.com\/pl\/wp-json\/wp\/v2\/pages\/4949\/revisions\/4953"}],"wp:attachment":[{"href":"https:\/\/fitelbergcompetition.com\/pl\/wp-json\/wp\/v2\/media?parent=4949"}],"curies":[{"name":"wp","href":"https:\/\/api.w.org\/{rel}","templated":true}]}}