{"id":5442,"date":"2026-04-15T07:36:25","date_gmt":"2026-04-15T05:36:25","guid":{"rendered":"https:\/\/fitelbergcompetition.com\/?page_id=5442"},"modified":"2026-04-15T08:19:03","modified_gmt":"2026-04-15T06:19:03","slug":"iii-ogolnopolski-konkurs-dyrygentow-im-grzegorza-fitelberga","status":"publish","type":"page","link":"https:\/\/fitelbergcompetition.com\/pl\/iii-ogolnopolski-konkurs-dyrygentow-im-grzegorza-fitelberga\/","title":{"rendered":"Og\u00f3lnopolski Konkurs Dyrygent\u00f3w"},"content":{"rendered":"\t\t<div data-elementor-type=\"wp-page\" data-elementor-id=\"5442\" class=\"elementor elementor-5442\">\n\t\t\t\t\t\t\t\t\t<section class=\"elementor-section elementor-top-section elementor-element elementor-element-506d22d elementor-section-boxed elementor-section-height-default elementor-section-height-default\" data-id=\"506d22d\" data-element_type=\"section\" data-settings=\"{&quot;jet_parallax_layout_list&quot;:[]}\">\n\t\t\t\t\t\t<div class=\"elementor-container elementor-column-gap-default\">\n\t\t\t\t\t<div class=\"elementor-column elementor-col-100 elementor-top-column elementor-element elementor-element-cf20235\" data-id=\"cf20235\" data-element_type=\"column\">\n\t\t\t<div class=\"elementor-widget-wrap elementor-element-populated\">\n\t\t\t\t\t\t\t\t<div class=\"elementor-element elementor-element-7a93837 elementor-widget elementor-widget-heading\" data-id=\"7a93837\" data-element_type=\"widget\" data-widget_type=\"heading.default\">\n\t\t\t\t<div class=\"elementor-widget-container\">\n\t\t\t<style>\/*! elementor - v3.11.1 - 15-02-2023 *\/\n.elementor-heading-title{padding:0;margin:0;line-height:1}.elementor-widget-heading .elementor-heading-title[class*=elementor-size-]>a{color:inherit;font-size:inherit;line-height:inherit}.elementor-widget-heading .elementor-heading-title.elementor-size-small{font-size:15px}.elementor-widget-heading .elementor-heading-title.elementor-size-medium{font-size:19px}.elementor-widget-heading .elementor-heading-title.elementor-size-large{font-size:29px}.elementor-widget-heading .elementor-heading-title.elementor-size-xl{font-size:39px}.elementor-widget-heading .elementor-heading-title.elementor-size-xxl{font-size:59px}<\/style><h1 class=\"elementor-heading-title elementor-size-default\"><p>III Og\u00f3lnopolski Konkurs Dyrygent\u00f3w im. Grzegorza Fitelberga<span style=\"font-family: inherit;\"><\/span><\/p><\/h1>\t\t<\/div>\n\t\t\t\t<\/div>\n\t\t\t\t\t<\/div>\n\t\t<\/div>\n\t\t\t\t\t\t\t<\/div>\n\t\t<\/section>\n\t\t\t\t<section class=\"elementor-section elementor-top-section elementor-element elementor-element-97e7afc elementor-section-boxed elementor-section-height-default elementor-section-height-default\" data-id=\"97e7afc\" data-element_type=\"section\" data-settings=\"{&quot;jet_parallax_layout_list&quot;:[]}\">\n\t\t\t\t\t\t<div class=\"elementor-container elementor-column-gap-default\">\n\t\t\t\t\t<div class=\"elementor-column elementor-col-100 elementor-top-column elementor-element elementor-element-b44183d\" data-id=\"b44183d\" data-element_type=\"column\">\n\t\t\t<div class=\"elementor-widget-wrap elementor-element-populated\">\n\t\t\t\t\t\t\t\t<div class=\"elementor-element elementor-element-f5bbfd3 elementor-widget elementor-widget-text-editor\" data-id=\"f5bbfd3\" data-element_type=\"widget\" data-widget_type=\"text-editor.default\">\n\t\t\t\t<div class=\"elementor-widget-container\">\n\t\t\t<style>\/*! elementor - v3.11.1 - 15-02-2023 *\/\n.elementor-widget-text-editor.elementor-drop-cap-view-stacked .elementor-drop-cap{background-color:#818a91;color:#fff}.elementor-widget-text-editor.elementor-drop-cap-view-framed .elementor-drop-cap{color:#818a91;border:3px solid;background-color:transparent}.elementor-widget-text-editor:not(.elementor-drop-cap-view-default) .elementor-drop-cap{margin-top:8px}.elementor-widget-text-editor:not(.elementor-drop-cap-view-default) .elementor-drop-cap-letter{width:1em;height:1em}.elementor-widget-text-editor .elementor-drop-cap{float:left;text-align:center;line-height:1;font-size:50px}.elementor-widget-text-editor .elementor-drop-cap-letter{display:inline-block}<\/style>\t\t\t\t<p><strong>III Og\u00f3lnopolski Konkurs Dyrygent\u00f3w im. Grzegorza Fitelberga organizowany jest przez Filharmoni\u0119 \u015al\u0105sk\u0105 im. Henryka Miko\u0142aja G\u00f3reckiego. <\/strong><strong>Odb\u0119dzie si\u0119 od 28 czerwca 2027 roku do 2 lipca 2027 roku. <\/strong><strong>Przeznaczony jest wy\u0142\u0105cznie dla dyrygentek i dyrygent\u00f3w posiadaj\u0105cych polskie obywatelstwo, kt\u00f3rzy nie uko\u0144czyli 35. roku \u017cycia.<\/strong><\/p><p><strong>Termin zg\u0142osze\u0144 \u2013 2 kwietnia 2027 roku.<\/strong><\/p>\t\t\t\t\t\t<\/div>\n\t\t\t\t<\/div>\n\t\t\t\t<div class=\"elementor-element elementor-element-ff0f4c5 elementor-widget-divider--view-line elementor-widget elementor-widget-divider\" data-id=\"ff0f4c5\" data-element_type=\"widget\" data-widget_type=\"divider.default\">\n\t\t\t\t<div class=\"elementor-widget-container\">\n\t\t\t<style>\/*! elementor - v3.11.1 - 15-02-2023 *\/\n.elementor-widget-divider{--divider-border-style:none;--divider-border-width:1px;--divider-color:#2c2c2c;--divider-icon-size:20px;--divider-element-spacing:10px;--divider-pattern-height:24px;--divider-pattern-size:20px;--divider-pattern-url:none;--divider-pattern-repeat:repeat-x}.elementor-widget-divider .elementor-divider{display:flex}.elementor-widget-divider .elementor-divider__text{font-size:15px;line-height:1;max-width:95%}.elementor-widget-divider .elementor-divider__element{margin:0 var(--divider-element-spacing);flex-shrink:0}.elementor-widget-divider .elementor-icon{font-size:var(--divider-icon-size)}.elementor-widget-divider .elementor-divider-separator{display:flex;margin:0;direction:ltr}.elementor-widget-divider--view-line_icon .elementor-divider-separator,.elementor-widget-divider--view-line_text .elementor-divider-separator{align-items:center}.elementor-widget-divider--view-line_icon .elementor-divider-separator:after,.elementor-widget-divider--view-line_icon .elementor-divider-separator:before,.elementor-widget-divider--view-line_text .elementor-divider-separator:after,.elementor-widget-divider--view-line_text .elementor-divider-separator:before{display:block;content:\"\";border-bottom:0;flex-grow:1;border-top:var(--divider-border-width) var(--divider-border-style) var(--divider-color)}.elementor-widget-divider--element-align-left .elementor-divider .elementor-divider-separator>.elementor-divider__svg:first-of-type{flex-grow:0;flex-shrink:100}.elementor-widget-divider--element-align-left .elementor-divider-separator:before{content:none}.elementor-widget-divider--element-align-left .elementor-divider__element{margin-left:0}.elementor-widget-divider--element-align-right .elementor-divider .elementor-divider-separator>.elementor-divider__svg:last-of-type{flex-grow:0;flex-shrink:100}.elementor-widget-divider--element-align-right .elementor-divider-separator:after{content:none}.elementor-widget-divider--element-align-right .elementor-divider__element{margin-right:0}.elementor-widget-divider:not(.elementor-widget-divider--view-line_text):not(.elementor-widget-divider--view-line_icon) .elementor-divider-separator{border-top:var(--divider-border-width) var(--divider-border-style) var(--divider-color)}.elementor-widget-divider--separator-type-pattern{--divider-border-style:none}.elementor-widget-divider--separator-type-pattern.elementor-widget-divider--view-line .elementor-divider-separator,.elementor-widget-divider--separator-type-pattern:not(.elementor-widget-divider--view-line) .elementor-divider-separator:after,.elementor-widget-divider--separator-type-pattern:not(.elementor-widget-divider--view-line) .elementor-divider-separator:before,.elementor-widget-divider--separator-type-pattern:not([class*=elementor-widget-divider--view]) .elementor-divider-separator{width:100%;min-height:var(--divider-pattern-height);-webkit-mask-size:var(--divider-pattern-size) 100%;mask-size:var(--divider-pattern-size) 100%;-webkit-mask-repeat:var(--divider-pattern-repeat);mask-repeat:var(--divider-pattern-repeat);background-color:var(--divider-color);-webkit-mask-image:var(--divider-pattern-url);mask-image:var(--divider-pattern-url)}.elementor-widget-divider--no-spacing{--divider-pattern-size:auto}.elementor-widget-divider--bg-round{--divider-pattern-repeat:round}.rtl .elementor-widget-divider .elementor-divider__text{direction:rtl}.e-con-inner>.elementor-widget-divider,.e-con>.elementor-widget-divider{width:var(--container-widget-width,100%);--flex-grow:var(--container-widget-flex-grow)}<\/style>\t\t<div class=\"elementor-divider\">\n\t\t\t<span class=\"elementor-divider-separator\">\n\t\t\t\t\t\t<\/span>\n\t\t<\/div>\n\t\t\t\t<\/div>\n\t\t\t\t<\/div>\n\t\t\t\t<div class=\"elementor-element elementor-element-d7549cc elementor-widget elementor-widget-text-editor\" data-id=\"d7549cc\" data-element_type=\"widget\" data-widget_type=\"text-editor.default\">\n\t\t\t\t<div class=\"elementor-widget-container\">\n\t\t\t\t\t\t\t<p><strong>PRZES\u0141UCHANIA<\/strong><\/p><p>Przes\u0142uchania do III Og\u00f3lnopolskiego Konkursu Dyrygent\u00f3w im. Grzegorza Fitelberga b\u0119d\u0105 odbywa\u0107 si\u0119 publicznie i sk\u0142ada\u0107 z\u00a0 trzech etap\u00f3w:<\/p><ul><li><strong>Etap I<\/strong> \u2013 w dniach 28-29 czerwca 2027 r. \u2013 praca z fortepianami<\/li><li><strong>Etap II<\/strong> \u2013 w dniu 30 czerwca 2027 r. \u2013 praca ze \u015al\u0105sk\u0105 Orkiestr\u0105 Kameraln\u0105<\/li><li><strong>Etap III<\/strong> \u2013 w dniu 1 lipca 2027 r. \u2013 praca z Orkiestr\u0105 Symfoniczn\u0105 Filharmonii \u015al\u0105skiej<\/li><\/ul><p>\u00a0<\/p><p><strong>Koncert laureat\u00f3w<\/strong> odb\u0119dzie si\u0119 2 lipca 2027 roku w Filharmonii \u015al\u0105skiej.<\/p><p>\u00a0<\/p><p><strong>JURY<\/strong><\/p><p>W jury zasi\u0105d\u0105 wybitne osobowo\u015bci polskiej sceny dyrygenckiej:<\/p><ul><li>Antoni Wit<\/li><li>Jerzy Maksymiuk<\/li><li>Agnieszka Duczmal<\/li><li>\u0141ukasz Borowicz<\/li><li>Yaroslav Shemet<\/li><\/ul><p>\u00a0<\/p><p><strong>NAGRODY<\/strong><\/p><ul><li><strong>I nagroda<\/strong> \u2013 15 000 z\u0142otych oraz udzia\u0142 w XII Mi\u0119dzynarodowym Konkursie Dyrygent\u00f3w im. Grzegorza Fitelberga<\/li><li><strong>II nagroda<\/strong> \u2013 10 000 z\u0142otych oraz udzia\u0142 w XII Mi\u0119dzynarodowym Konkursie Dyrygent\u00f3w im. Grzegorza Fitelberga<\/li><li><strong>III nagroda<\/strong> \u2013 5 000 z\u0142otych oraz udzia\u0142 w XII Mi\u0119dzynarodowym Konkursie Dyrygent\u00f3w im. Grzegorza Fitelberga<\/li><\/ul><p>\u00a0<\/p><p>\u00a0<\/p><p><strong>KOSZT UCZESTNICTWA<\/strong><\/p><p>Op\u0142ata rejestracyjna \u2013 0 z\u0142<\/p><p>Op\u0142ata konkursowa \u2013 400 z\u0142<\/p><p>\u00a0<\/p><p><strong>PROGRAM<\/strong><\/p><p><strong>Etap I<\/strong><\/p><p>Z podanego repertuaru Uczestnik Konkursu wybiera dwie symfonie, po czym ze wskazanych losuje jedn\u0105. Uwertura fantastyczna <em>Bajka<\/em> jest utworem obowi\u0105zkowym.<\/p><ul><li>Stanis\u0142aw Moniuszko \u2013 Uwertura fantastyczna <em>Bajka<\/em> \u2013 utw\u00f3r obowi\u0105zkowy<\/li><li>Wolfgang Amadeus Mozart \u2013 Symfonia D-dur <em>Haffnerowska<\/em> KV 385<\/li><li>Wolfgang Amadeus Mozart \u2013 Symfonia C-dur <em>Linzka<\/em> KV 425<\/li><li>Ludwig van Beethoven \u2013 V Symfonia c-moll op. 67<\/li><li>Ludwig van Beethoven \u2013 III Symfonia Es-dur op. 55 <em>Eroica<\/em><\/li><\/ul><p>\u00a0<\/p><p><strong>Etap II<\/strong><\/p><p>Z podanego repertuaru Uczestnik Konkursu wybiera jedn\u0105 suit\u0119 oraz jedn\u0105 serenad\u0119.<\/p><ul><li>Ignacy Jan Paderewski \u2013 Suita G-dur na orkiestr\u0119 smyczkow\u0105<\/li><li>Edvard Grieg \u2013 Suita w dawnych stylu <em>Z czas\u00f3w Holberga<\/em><\/li><li>Mieczys\u0142aw Kar\u0142owicz \u2013 Serenada op. 2 na orkiestr\u0119 smyczkow\u0105<\/li><li>Edward Elgar \u2013 Serenada na orkiestr\u0119 smyczkow\u0105 e- moll op. 20<\/li><\/ul><p>\u00a0<\/p><p><strong>Etap III<\/strong><\/p><p>Wszystkie utwory z podanego repertuaru s\u0105 obowi\u0105zkowe.<\/p><ul><li>Grzegorz Fitelberg \u2013 Poemat symfoniczny\u00a0<em>Pie\u015b\u0144 o sokole<\/em>\u00a0op. 18<\/li><li>Anton\u00edn Dvo\u0159\u00e1k \u2013 IX Symfonia e-moll <em>Z Nowego \u015awiata<\/em> op. 95<\/li><li>Mieczys\u0142aw Kar\u0142owicz \u2013 <em>Odwieczne pie\u015bni<\/em> op. 10<\/li><\/ul>\t\t\t\t\t\t<\/div>\n\t\t\t\t<\/div>\n\t\t\t\t\t<\/div>\n\t\t<\/div>\n\t\t\t\t\t\t\t<\/div>\n\t\t<\/section>\n\t\t\t\t<section class=\"elementor-section elementor-top-section elementor-element elementor-element-35e02cd elementor-section-boxed elementor-section-height-default elementor-section-height-default\" data-id=\"35e02cd\" data-element_type=\"section\" data-settings=\"{&quot;jet_parallax_layout_list&quot;:[]}\">\n\t\t\t\t\t\t<div class=\"elementor-container elementor-column-gap-default\">\n\t\t\t\t\t<div class=\"elementor-column elementor-col-100 elementor-top-column elementor-element elementor-element-a9dc75f\" data-id=\"a9dc75f\" data-element_type=\"column\">\n\t\t\t<div class=\"elementor-widget-wrap elementor-element-populated\">\n\t\t\t\t\t\t\t\t<div class=\"elementor-element elementor-element-c88b3df elementor-widget elementor-widget-text-editor\" data-id=\"c88b3df\" data-element_type=\"widget\" data-widget_type=\"text-editor.default\">\n\t\t\t\t<div class=\"elementor-widget-container\">\n\t\t\t\t\t\t\t\t\t\t\t\t\t<\/div>\n\t\t\t\t<\/div>\n\t\t\t\t<div class=\"elementor-element elementor-element-c6b2f81 elementor-widget elementor-widget-spacer\" data-id=\"c6b2f81\" data-element_type=\"widget\" data-widget_type=\"spacer.default\">\n\t\t\t\t<div class=\"elementor-widget-container\">\n\t\t\t<style>\/*! elementor - v3.11.1 - 15-02-2023 *\/\n.elementor-column .elementor-spacer-inner{height:var(--spacer-size)}.e-con{--container-widget-width:100%}.e-con-inner>.elementor-widget-spacer,.e-con>.elementor-widget-spacer{width:var(--container-widget-width,var(--spacer-size));--align-self:var(--container-widget-align-self,initial);--flex-shrink:0}.e-con-inner>.elementor-widget-spacer>.elementor-widget-container,.e-con-inner>.elementor-widget-spacer>.elementor-widget-container>.elementor-spacer,.e-con>.elementor-widget-spacer>.elementor-widget-container,.e-con>.elementor-widget-spacer>.elementor-widget-container>.elementor-spacer{height:100%}.e-con-inner>.elementor-widget-spacer>.elementor-widget-container>.elementor-spacer>.elementor-spacer-inner,.e-con>.elementor-widget-spacer>.elementor-widget-container>.elementor-spacer>.elementor-spacer-inner{height:var(--container-widget-height,var(--spacer-size))}<\/style>\t\t<div class=\"elementor-spacer\">\n\t\t\t<div class=\"elementor-spacer-inner\"><\/div>\n\t\t<\/div>\n\t\t\t\t<\/div>\n\t\t\t\t<\/div>\n\t\t\t\t\t<\/div>\n\t\t<\/div>\n\t\t\t\t\t\t\t<\/div>\n\t\t<\/section>\n\t\t\t\t<section class=\"elementor-section elementor-top-section elementor-element elementor-element-ec7c85c elementor-section-boxed elementor-section-height-default elementor-section-height-default\" data-id=\"ec7c85c\" data-element_type=\"section\" data-settings=\"{&quot;jet_parallax_layout_list&quot;:[]}\">\n\t\t\t\t\t\t<div class=\"elementor-container elementor-column-gap-default\">\n\t\t\t\t\t<div class=\"elementor-column elementor-col-100 elementor-top-column elementor-element elementor-element-2069241\" data-id=\"2069241\" data-element_type=\"column\">\n\t\t\t<div class=\"elementor-widget-wrap elementor-element-populated\">\n\t\t\t\t\t\t\t\t<div class=\"elementor-element elementor-element-2d2a058 elementor-widget elementor-widget-image\" data-id=\"2d2a058\" data-element_type=\"widget\" data-widget_type=\"image.default\">\n\t\t\t\t<div class=\"elementor-widget-container\">\n\t\t\t<style>\/*! elementor - v3.11.1 - 15-02-2023 *\/\n.elementor-widget-image{text-align:center}.elementor-widget-image a{display:inline-block}.elementor-widget-image a img[src$=\".svg\"]{width:48px}.elementor-widget-image img{vertical-align:middle;display:inline-block}<\/style>\t\t\t\t\t\t\t\t\t\t\t\t<img loading=\"lazy\" decoding=\"async\" width=\"1920\" height=\"378\" src=\"https:\/\/fitelbergcompetition.com\/wp-content\/uploads\/2026\/04\/Dofinansowano-ze-srodkow-Ministra-Kultury-i-Dziedzictwa-Narodowego-pochodzacych-z-Funduszu-Promocji-Kultury-w-ramach-programu-Muzyka-realizowanego-przez-Narodowy-Instytut-Muzyki-i-Ta-2.png\" class=\"attachment-full size-full wp-image-5506\" alt=\"\" srcset=\"https:\/\/fitelbergcompetition.com\/wp-content\/uploads\/2026\/04\/Dofinansowano-ze-srodkow-Ministra-Kultury-i-Dziedzictwa-Narodowego-pochodzacych-z-Funduszu-Promocji-Kultury-w-ramach-programu-Muzyka-realizowanego-przez-Narodowy-Instytut-Muzyki-i-Ta-2.png 1920w, https:\/\/fitelbergcompetition.com\/wp-content\/uploads\/2026\/04\/Dofinansowano-ze-srodkow-Ministra-Kultury-i-Dziedzictwa-Narodowego-pochodzacych-z-Funduszu-Promocji-Kultury-w-ramach-programu-Muzyka-realizowanego-przez-Narodowy-Instytut-Muzyki-i-Ta-2-300x59.png 300w, https:\/\/fitelbergcompetition.com\/wp-content\/uploads\/2026\/04\/Dofinansowano-ze-srodkow-Ministra-Kultury-i-Dziedzictwa-Narodowego-pochodzacych-z-Funduszu-Promocji-Kultury-w-ramach-programu-Muzyka-realizowanego-przez-Narodowy-Instytut-Muzyki-i-Ta-2-1024x202.png 1024w, https:\/\/fitelbergcompetition.com\/wp-content\/uploads\/2026\/04\/Dofinansowano-ze-srodkow-Ministra-Kultury-i-Dziedzictwa-Narodowego-pochodzacych-z-Funduszu-Promocji-Kultury-w-ramach-programu-Muzyka-realizowanego-przez-Narodowy-Instytut-Muzyki-i-Ta-2-768x151.png 768w, https:\/\/fitelbergcompetition.com\/wp-content\/uploads\/2026\/04\/Dofinansowano-ze-srodkow-Ministra-Kultury-i-Dziedzictwa-Narodowego-pochodzacych-z-Funduszu-Promocji-Kultury-w-ramach-programu-Muzyka-realizowanego-przez-Narodowy-Instytut-Muzyki-i-Ta-2-1536x302.png 1536w\" sizes=\"auto, (max-width: 1920px) 100vw, 1920px\" \/>\t\t\t\t\t\t\t\t\t\t\t\t\t\t\t<\/div>\n\t\t\t\t<\/div>\n\t\t\t\t<div class=\"elementor-element elementor-element-c6be72e elementor-widget-divider--view-line elementor-widget elementor-widget-divider\" data-id=\"c6be72e\" data-element_type=\"widget\" data-widget_type=\"divider.default\">\n\t\t\t\t<div class=\"elementor-widget-container\">\n\t\t\t\t\t<div class=\"elementor-divider\">\n\t\t\t<span class=\"elementor-divider-separator\">\n\t\t\t\t\t\t<\/span>\n\t\t<\/div>\n\t\t\t\t<\/div>\n\t\t\t\t<\/div>\n\t\t\t\t<div class=\"elementor-element elementor-element-c4d3c7d elementor-widget elementor-widget-image\" data-id=\"c4d3c7d\" data-element_type=\"widget\" data-widget_type=\"image.default\">\n\t\t\t\t<div class=\"elementor-widget-container\">\n\t\t\t\t\t\t\t\t\t\t\t\t\t\t\t<img loading=\"lazy\" decoding=\"async\" width=\"2560\" height=\"427\" src=\"https:\/\/fitelbergcompetition.com\/wp-content\/uploads\/2026\/04\/www-Fit-PL3-scaled.png\" class=\"attachment-full size-full wp-image-5484\" alt=\"\" srcset=\"https:\/\/fitelbergcompetition.com\/wp-content\/uploads\/2026\/04\/www-Fit-PL3-scaled.png 2560w, https:\/\/fitelbergcompetition.com\/wp-content\/uploads\/2026\/04\/www-Fit-PL3-300x50.png 300w, https:\/\/fitelbergcompetition.com\/wp-content\/uploads\/2026\/04\/www-Fit-PL3-1024x171.png 1024w, https:\/\/fitelbergcompetition.com\/wp-content\/uploads\/2026\/04\/www-Fit-PL3-768x128.png 768w, https:\/\/fitelbergcompetition.com\/wp-content\/uploads\/2026\/04\/www-Fit-PL3-1536x256.png 1536w, https:\/\/fitelbergcompetition.com\/wp-content\/uploads\/2026\/04\/www-Fit-PL3-2048x342.png 2048w\" sizes=\"auto, (max-width: 2560px) 100vw, 2560px\" \/>\t\t\t\t\t\t\t\t\t\t\t\t\t\t\t<\/div>\n\t\t\t\t<\/div>\n\t\t\t\t\t<\/div>\n\t\t<\/div>\n\t\t\t\t\t\t\t<\/div>\n\t\t<\/section>\n\t\t\t\t<section class=\"elementor-section elementor-top-section elementor-element elementor-element-97c07ca elementor-section-boxed elementor-section-height-default elementor-section-height-default\" data-id=\"97c07ca\" data-element_type=\"section\" data-settings=\"{&quot;jet_parallax_layout_list&quot;:[]}\">\n\t\t\t\t\t\t<div class=\"elementor-container elementor-column-gap-default\">\n\t\t\t\t\t<div class=\"elementor-column elementor-col-100 elementor-top-column elementor-element elementor-element-5e24f3e\" data-id=\"5e24f3e\" data-element_type=\"column\">\n\t\t\t<div class=\"elementor-widget-wrap\">\n\t\t\t\t\t\t\t\t\t<\/div>\n\t\t<\/div>\n\t\t\t\t\t\t\t<\/div>\n\t\t<\/section>\n\t\t\t\t\t\t\t<\/div>\n\t\t","protected":false},"excerpt":{"rendered":"<p>III Og\u00f3lnopolski Konkurs Dyrygent\u00f3w im. Grzegorza Fitelberga III Og\u00f3lnopolski Konkurs Dyrygent\u00f3w im. Grzegorza Fitelberga organizowany jest przez Filharmoni\u0119 \u015al\u0105sk\u0105 im. Henryka Miko\u0142aja G\u00f3reckiego. Odb\u0119dzie si\u0119 od 28 czerwca 2027 roku do 2 lipca 2027 roku. Przeznaczony jest wy\u0142\u0105cznie dla dyrygentek i dyrygent\u00f3w posiadaj\u0105cych polskie obywatelstwo, kt\u00f3rzy nie uko\u0144czyli 35. roku \u017cycia. Termin zg\u0142osze\u0144 \u2013 2 [&hellip;]<\/p>\n","protected":false},"author":10,"featured_media":1252,"parent":0,"menu_order":1,"comment_status":"closed","ping_status":"closed","template":"","meta":{"footnotes":""},"class_list":["post-5442","page","type-page","status-publish","has-post-thumbnail","hentry"],"_links":{"self":[{"href":"https:\/\/fitelbergcompetition.com\/pl\/wp-json\/wp\/v2\/pages\/5442","targetHints":{"allow":["GET"]}}],"collection":[{"href":"https:\/\/fitelbergcompetition.com\/pl\/wp-json\/wp\/v2\/pages"}],"about":[{"href":"https:\/\/fitelbergcompetition.com\/pl\/wp-json\/wp\/v2\/types\/page"}],"author":[{"embeddable":true,"href":"https:\/\/fitelbergcompetition.com\/pl\/wp-json\/wp\/v2\/users\/10"}],"replies":[{"embeddable":true,"href":"https:\/\/fitelbergcompetition.com\/pl\/wp-json\/wp\/v2\/comments?post=5442"}],"version-history":[{"count":41,"href":"https:\/\/fitelbergcompetition.com\/pl\/wp-json\/wp\/v2\/pages\/5442\/revisions"}],"predecessor-version":[{"id":5510,"href":"https:\/\/fitelbergcompetition.com\/pl\/wp-json\/wp\/v2\/pages\/5442\/revisions\/5510"}],"wp:featuredmedia":[{"embeddable":true,"href":"https:\/\/fitelbergcompetition.com\/pl\/wp-json\/wp\/v2\/media\/1252"}],"wp:attachment":[{"href":"https:\/\/fitelbergcompetition.com\/pl\/wp-json\/wp\/v2\/media?parent=5442"}],"curies":[{"name":"wp","href":"https:\/\/api.w.org\/{rel}","templated":true}]}}