{"id":5549,"date":"2026-04-19T20:14:28","date_gmt":"2026-04-19T18:14:28","guid":{"rendered":"https:\/\/fitelbergcompetition.com\/?page_id=5549"},"modified":"2026-04-22T08:27:31","modified_gmt":"2026-04-22T06:27:31","slug":"masterclass-3","status":"publish","type":"page","link":"https:\/\/fitelbergcompetition.com\/pl\/masterclass-3\/","title":{"rendered":"Masterclass"},"content":{"rendered":"\t\t<div data-elementor-type=\"wp-page\" data-elementor-id=\"5549\" class=\"elementor elementor-5549\">\n\t\t\t\t\t\t\t\t\t<section class=\"elementor-section elementor-top-section elementor-element elementor-element-5198342 elementor-section-boxed elementor-section-height-default elementor-section-height-default\" data-id=\"5198342\" data-element_type=\"section\" data-settings=\"{&quot;jet_parallax_layout_list&quot;:[]}\">\n\t\t\t\t\t\t<div class=\"elementor-container elementor-column-gap-default\">\n\t\t\t\t\t<div class=\"elementor-column elementor-col-100 elementor-top-column elementor-element elementor-element-d73f4ed\" data-id=\"d73f4ed\" data-element_type=\"column\">\n\t\t\t<div class=\"elementor-widget-wrap elementor-element-populated\">\n\t\t\t\t\t\t\t\t<div class=\"elementor-element elementor-element-0a51f61 elementor-widget elementor-widget-heading\" data-id=\"0a51f61\" data-element_type=\"widget\" data-widget_type=\"heading.default\">\n\t\t\t\t<div class=\"elementor-widget-container\">\n\t\t\t<style>\/*! elementor - v3.11.1 - 15-02-2023 *\/\n.elementor-heading-title{padding:0;margin:0;line-height:1}.elementor-widget-heading .elementor-heading-title[class*=elementor-size-]>a{color:inherit;font-size:inherit;line-height:inherit}.elementor-widget-heading .elementor-heading-title.elementor-size-small{font-size:15px}.elementor-widget-heading .elementor-heading-title.elementor-size-medium{font-size:19px}.elementor-widget-heading .elementor-heading-title.elementor-size-large{font-size:29px}.elementor-widget-heading .elementor-heading-title.elementor-size-xl{font-size:39px}.elementor-widget-heading .elementor-heading-title.elementor-size-xxl{font-size:59px}<\/style><h1 class=\"elementor-heading-title elementor-size-default\"><b>International Conducting Masterclass <\/b><\/h1>\t\t<\/div>\n\t\t\t\t<\/div>\n\t\t\t\t\t<\/div>\n\t\t<\/div>\n\t\t\t\t\t\t\t<\/div>\n\t\t<\/section>\n\t\t\t\t<section class=\"elementor-section elementor-top-section elementor-element elementor-element-1e2c29b elementor-section-boxed elementor-section-height-default elementor-section-height-default\" data-id=\"1e2c29b\" data-element_type=\"section\" data-settings=\"{&quot;jet_parallax_layout_list&quot;:[]}\">\n\t\t\t\t\t\t<div class=\"elementor-container elementor-column-gap-default\">\n\t\t\t\t\t<div class=\"elementor-column elementor-col-100 elementor-top-column elementor-element elementor-element-458d216\" data-id=\"458d216\" data-element_type=\"column\">\n\t\t\t<div class=\"elementor-widget-wrap elementor-element-populated\">\n\t\t\t\t\t\t\t\t<div class=\"elementor-element elementor-element-da92c0d elementor-widget elementor-widget-text-editor\" data-id=\"da92c0d\" data-element_type=\"widget\" data-widget_type=\"text-editor.default\">\n\t\t\t\t<div class=\"elementor-widget-container\">\n\t\t\t<style>\/*! elementor - v3.11.1 - 15-02-2023 *\/\n.elementor-widget-text-editor.elementor-drop-cap-view-stacked .elementor-drop-cap{background-color:#818a91;color:#fff}.elementor-widget-text-editor.elementor-drop-cap-view-framed .elementor-drop-cap{color:#818a91;border:3px solid;background-color:transparent}.elementor-widget-text-editor:not(.elementor-drop-cap-view-default) .elementor-drop-cap{margin-top:8px}.elementor-widget-text-editor:not(.elementor-drop-cap-view-default) .elementor-drop-cap-letter{width:1em;height:1em}.elementor-widget-text-editor .elementor-drop-cap{float:left;text-align:center;line-height:1;font-size:50px}.elementor-widget-text-editor .elementor-drop-cap-letter{display:inline-block}<\/style>\t\t\t\t<p data-start=\"0\" data-end=\"116\"><strong data-start=\"0\" data-end=\"116\">Christopher Warren-Green poprowadzi V Mi\u0119dzynarodowy Kurs Dyrygencki im. Grzegorza Fitelberga \u2013 Masterclass 2026<\/strong><\/p><p data-start=\"118\" data-end=\"673\">Maestro Christopher Warren-Green, \u015bwiatowej s\u0142awy dyrygent, poprowadzi pi\u0105t\u0105 edycj\u0119 Mi\u0119dzynarodowego Kursu Dyrygenckiego im. Grzegorza Fitelberga \u2013 Masterclass 2026 w Filharmonii \u015al\u0105skiej. W sierpniu 2026 roku najzdolniejsi m\u0142odzi dyrygenci b\u0119d\u0105 mieli wyj\u0105tkow\u0105 okazj\u0119 pracowa\u0107 z tym wybitnym artyst\u0105, znanym z mistrzowskich interpretacji zar\u00f3wno repertuaru symfonicznego, jak i operowego. Masterclass 2026 zapewni jednemu z uczestnik\u00f3w bezpo\u015bredni\u0105 kwalifikacj\u0119 do I etapu XII Mi\u0119dzynarodowego Konkursu Dyrygenckiego im. Grzegorza Fitelberga w 2028 roku.<\/p><p data-start=\"675\" data-end=\"1926\">Brytyjski dyrygent Christopher Warren-Green jest g\u0142\u00f3wnym dyrygentem i dyrektorem muzycznym London Chamber Orchestra w Wielkiej Brytanii, a tak\u017ce dyrygentem laureatem Charlotte Symphony Orchestra w Karolinie P\u00f3\u0142nocnej, po dwunastoletniej kadencji na stanowisku jej dyrektora muzycznego. Pe\u0142ni funkcj\u0119 przewodnicz\u0105cego Foundation for Young Musicians, a w 2022 roku \u015bwi\u0119towa\u0142 50-lecie dzia\u0142alno\u015bci artystycznej. Wsp\u00f3\u0142pracowa\u0142 z czo\u0142owymi orkiestrami na ca\u0142ym \u015bwiecie, w tym z The Philadelphia Orchestra, Minnesota Orchestra, Macao Orchestra oraz orkiestrami symfonicznymi z Detroit, Houston, St. Louis, Toronto, Milwaukee, Seattle i Vancouver, a tak\u017ce z National Symphony Orchestra w Waszyngtonie. W Wielkiej Brytanii dyrygowa\u0142 m.in. Philharmonia Orchestra, London Philharmonic Orchestra, Royal Liverpool Philharmonic Orchestra oraz Royal Scottish National Orchestra. W Europie prowadzi\u0142 takie zespo\u0142y jak Orchestre National de Belgique, Beethoven Orchestra Bonn, Orchestre National de Montpellier, Z\u00fcrcher Kammerorchester, RT\u00c9 Symphony Orchestra czy Iceland Symphony Orchestra, a w Azji wsp\u00f3\u0142pracowa\u0142 z Hong Kong Philharmonic Orchestra, NHK Symphony Orchestra, Yomiuri Nippon Symphony Orchestra oraz orkiestrami symfonicznymi z Singapuru, Sapporo i KBS.<\/p><p data-start=\"1928\" data-end=\"2138\" data-is-last-node=\"\" data-is-only-node=\"\"><strong>V Mi\u0119dzynarodowy Kurs Dyrygencki im. Grzegorza Fitelberga \u2013 Masterclass 2026 odb\u0119dzie si\u0119 w dniach 24\u201328 sierpnia 2026 roku w Filharmonii \u015al\u0105skiej w Katowicach i b\u0119dzie prowadzony w ca\u0142o\u015bci w j\u0119zyku angielskim.<\/strong><\/p><p data-start=\"1336\" data-end=\"1574\"><br \/>Kurs obejmuje\u00a0<strong data-start=\"1544\" data-end=\"1571\">dwie formy uczestnictwa<\/strong>:<\/p><ul><li data-start=\"1576\" data-end=\"1913\"><strong data-start=\"1579\" data-end=\"1607\">Forma czynna (12 miejsc)<\/strong> \u2013 uczestnicy wezm\u0105 udzia\u0142 w:<ul><li data-start=\"1576\" data-end=\"1913\">czterech dniach warsztat\u00f3w dyrygenckich z Orkiestr\u0105 Symfoniczn\u0105 Filharmonii \u015al\u0105skiej,<\/li><li data-start=\"1576\" data-end=\"1913\">rejestrowanych sesjach audio-wideo,<\/li><li data-start=\"1576\" data-end=\"1913\">konsultacjach dotycz\u0105cych nagra\u0144,<\/li><li data-start=\"1576\" data-end=\"1913\">pr\u00f3bie generalnej i koncercie fina\u0142owym 28 sierpnia 2026 r.,<\/li><li data-start=\"1576\" data-end=\"1913\">otrzymaj\u0105 certyfikat uko\u0144czenia kursu.<\/li><\/ul><\/li><li data-start=\"1915\" data-end=\"2081\"><strong data-start=\"1918\" data-end=\"1946\">Forma bierna (20 miejsc)<\/strong> \u2013 uczestnicy b\u0119d\u0105 mogli obserwowa\u0107 warsztaty dyrygenckie, pr\u00f3b\u0119 generaln\u0105 oraz\u00a0koncert fina\u0142owy, otrzymuj\u0105c certyfikat uczestnictwa.<\/li><\/ul><p><strong><br \/>Program Masterclass 2026:<\/strong><\/p><ul><li style=\"list-style-type: none;\"><ul><li>Gioacchino Rossini \u2013 Uwertura do opery <em>Jedwabna drabinka<\/em><\/li><li>Wolfgang Amadeus Mozart \u2013 Koncert klarnetowy A-dur KV 622<\/li><li>Wolfgang Amadeus Mozart \u2013 Symfonia nr 39 Es-dur KV 543<\/li><li>Ludwig van Beethoven \u2013 VIII Symfonia F-dur op. 93<\/li><\/ul><\/li><\/ul><p>\u00a0<\/p><p><strong data-start=\"2083\" data-end=\"2128\">Nagroda dla wyr\u00f3\u017cniaj\u0105cego si\u0119 uczestnika<\/strong><br data-start=\"2128\" data-end=\"2131\" \/>Maestro Christopher Warren-Green na podstawie merytorycznych przes\u0142anek, przyzna jednemu z uczestnik\u00f3w kursu <strong data-start=\"2232\" data-end=\"2343\">automatyczn\u0105 kwalifikacj\u0119 do\u00a0I\u00a0etapu XII Mi\u0119dzynarodowego Konkursu Dyrygent\u00f3w im.\u00a0Grzegorza Fitelberga 2028<\/strong>.<\/p><p><strong data-start=\"2348\" data-end=\"2382\"><br \/>Rekrutacja do Masterclass 2026<\/strong><br data-start=\"2382\" data-end=\"2385\" \/>Aby wzi\u0105\u0107 udzia\u0142 w\u00a0kursie, nale\u017cy spe\u0142ni\u0107 nast\u0119puj\u0105ce warunki:<\/p><ul><li>mie\u0107 uko\u0144czone 18 lat (najp\u00f3\u017aniej do dnia 13 lipca 2026 r.),<\/li><li>posiada\u0107 wykszta\u0142cenie muzyczne lub status ucznia\/studenta kierunku muzycznego,<\/li><li>zna\u0107 j\u0119zyk angielski w\u00a0stopniu komunikatywnym,<\/li><li>wykaza\u0107 do\u015bwiadczenie w\u00a0prowadzeniu orkiestr symfonicznych.<\/li><\/ul><p data-start=\"2709\" data-end=\"3093\">\u00a0<\/p><p data-start=\"2709\" data-end=\"3093\">Zg\u0142oszenie obejmuje:<\/p><ul><li data-start=\"2709\" data-end=\"3093\">wype\u0142nienie formularza aplikacyjnego (dost\u0119pnego na\u00a0stronie fitelbergcompetition.com),<\/li><li data-start=\"2709\" data-end=\"3093\">CV wraz z\u00a0kr\u00f3tk\u0105 biografi\u0105,<br data-start=\"2854\" data-end=\"2857\" \/>fotografi\u0119 portretow\u0105 (600 dpi, format TIF lub JPG),<\/li><li data-start=\"2709\" data-end=\"3093\">skan dokumentu potwierdzaj\u0105cego wykszta\u0142cenie lub status ucznia\/studenta,<\/li><li data-start=\"2709\" data-end=\"3093\">link do\u00a0nagrania audio-wideo (3\u201310 minut, AVI lub MP4) ukazuj\u0105cego aplikanta w\u00a0roli dyrygenta.<\/li><\/ul><p data-start=\"3095\" data-end=\"3133\">\u00a0<\/p><p data-start=\"3095\" data-end=\"3133\"><strong data-start=\"3095\" data-end=\"3131\">Termin zg\u0142osze\u0144 up\u0142ywa 13 lipca 2026 r.<\/strong><\/p><p data-start=\"3135\" data-end=\"3283\">\u00a0<\/p><p data-start=\"3135\" data-end=\"3283\"><strong data-start=\"3138\" data-end=\"3161\">Koszt uczestnictwa:<\/strong><br data-start=\"3161\" data-end=\"3164\" \/><strong data-start=\"3167\" data-end=\"3183\">Forma czynna<\/strong>: 6 500 z\u0142 lub 1 550 \u20ac\u00a0<br data-start=\"3241\" data-end=\"3244\" \/><strong data-start=\"3247\" data-end=\"3263\">Forma bierna<\/strong>: 500 z\u0142 lub 120 \u20ac<\/p>\t\t\t\t\t\t<\/div>\n\t\t\t\t<\/div>\n\t\t\t\t\t<\/div>\n\t\t<\/div>\n\t\t\t\t\t\t\t<\/div>\n\t\t<\/section>\n\t\t\t\t<section class=\"elementor-section elementor-top-section elementor-element elementor-element-0553ed3 elementor-section-boxed elementor-section-height-default elementor-section-height-default\" data-id=\"0553ed3\" data-element_type=\"section\" data-settings=\"{&quot;jet_parallax_layout_list&quot;:[]}\">\n\t\t\t\t\t\t<div class=\"elementor-container elementor-column-gap-default\">\n\t\t\t\t\t<div class=\"elementor-column elementor-col-100 elementor-top-column elementor-element elementor-element-8a77ca6\" data-id=\"8a77ca6\" data-element_type=\"column\">\n\t\t\t<div class=\"elementor-widget-wrap elementor-element-populated\">\n\t\t\t\t\t\t\t\t<div class=\"elementor-element elementor-element-c790d27 elementor-widget elementor-widget-text-editor\" data-id=\"c790d27\" data-element_type=\"widget\" data-widget_type=\"text-editor.default\">\n\t\t\t\t<div class=\"elementor-widget-container\">\n\t\t\t\t\t\t\t\t\t\t\t\t\t<\/div>\n\t\t\t\t<\/div>\n\t\t\t\t\t<\/div>\n\t\t<\/div>\n\t\t\t\t\t\t\t<\/div>\n\t\t<\/section>\n\t\t\t\t<section class=\"elementor-section elementor-top-section elementor-element elementor-element-7ad2d6a elementor-section-boxed elementor-section-height-default elementor-section-height-default\" data-id=\"7ad2d6a\" data-element_type=\"section\" data-settings=\"{&quot;jet_parallax_layout_list&quot;:[]}\">\n\t\t\t\t\t\t<div class=\"elementor-container elementor-column-gap-default\">\n\t\t\t\t\t<div class=\"elementor-column elementor-col-100 elementor-top-column elementor-element elementor-element-911656d\" data-id=\"911656d\" data-element_type=\"column\">\n\t\t\t<div class=\"elementor-widget-wrap elementor-element-populated\">\n\t\t\t\t\t\t\t\t<div class=\"elementor-element elementor-element-8e52f0c elementor-widget elementor-widget-image\" data-id=\"8e52f0c\" data-element_type=\"widget\" data-widget_type=\"image.default\">\n\t\t\t\t<div class=\"elementor-widget-container\">\n\t\t\t<style>\/*! elementor - v3.11.1 - 15-02-2023 *\/\n.elementor-widget-image{text-align:center}.elementor-widget-image a{display:inline-block}.elementor-widget-image a img[src$=\".svg\"]{width:48px}.elementor-widget-image img{vertical-align:middle;display:inline-block}<\/style>\t\t\t\t\t\t\t\t\t\t\t\t<img loading=\"lazy\" decoding=\"async\" width=\"800\" height=\"419\" src=\"https:\/\/fitelbergcompetition.com\/wp-content\/uploads\/2026\/04\/1200-628-Masterclass-2026-EN-1024x536.png\" class=\"attachment-large size-large wp-image-5563\" alt=\"\" srcset=\"https:\/\/fitelbergcompetition.com\/wp-content\/uploads\/2026\/04\/1200-628-Masterclass-2026-EN-1024x536.png 1024w, https:\/\/fitelbergcompetition.com\/wp-content\/uploads\/2026\/04\/1200-628-Masterclass-2026-EN-300x157.png 300w, https:\/\/fitelbergcompetition.com\/wp-content\/uploads\/2026\/04\/1200-628-Masterclass-2026-EN-768x402.png 768w, https:\/\/fitelbergcompetition.com\/wp-content\/uploads\/2026\/04\/1200-628-Masterclass-2026-EN-1536x804.png 1536w, https:\/\/fitelbergcompetition.com\/wp-content\/uploads\/2026\/04\/1200-628-Masterclass-2026-EN-2048x1072.png 2048w\" sizes=\"auto, (max-width: 800px) 100vw, 800px\" \/>\t\t\t\t\t\t\t\t\t\t\t\t\t\t\t<\/div>\n\t\t\t\t<\/div>\n\t\t\t\t\t<\/div>\n\t\t<\/div>\n\t\t\t\t\t\t\t<\/div>\n\t\t<\/section>\n\t\t\t\t\t\t\t<\/div>\n\t\t","protected":false},"excerpt":{"rendered":"<p>International Conducting Masterclass Christopher Warren-Green poprowadzi V Mi\u0119dzynarodowy Kurs Dyrygencki im. Grzegorza Fitelberga \u2013 Masterclass 2026 Maestro Christopher Warren-Green, \u015bwiatowej s\u0142awy dyrygent, poprowadzi pi\u0105t\u0105 edycj\u0119 Mi\u0119dzynarodowego Kursu Dyrygenckiego im. Grzegorza Fitelberga \u2013 Masterclass 2026 w Filharmonii \u015al\u0105skiej. W sierpniu 2026 roku najzdolniejsi m\u0142odzi dyrygenci b\u0119d\u0105 mieli wyj\u0105tkow\u0105 okazj\u0119 pracowa\u0107 z tym wybitnym artyst\u0105, znanym z [&hellip;]<\/p>\n","protected":false},"author":10,"featured_media":1257,"parent":0,"menu_order":5,"comment_status":"closed","ping_status":"closed","template":"","meta":{"footnotes":""},"class_list":["post-5549","page","type-page","status-publish","has-post-thumbnail","hentry"],"_links":{"self":[{"href":"https:\/\/fitelbergcompetition.com\/pl\/wp-json\/wp\/v2\/pages\/5549","targetHints":{"allow":["GET"]}}],"collection":[{"href":"https:\/\/fitelbergcompetition.com\/pl\/wp-json\/wp\/v2\/pages"}],"about":[{"href":"https:\/\/fitelbergcompetition.com\/pl\/wp-json\/wp\/v2\/types\/page"}],"author":[{"embeddable":true,"href":"https:\/\/fitelbergcompetition.com\/pl\/wp-json\/wp\/v2\/users\/10"}],"replies":[{"embeddable":true,"href":"https:\/\/fitelbergcompetition.com\/pl\/wp-json\/wp\/v2\/comments?post=5549"}],"version-history":[{"count":9,"href":"https:\/\/fitelbergcompetition.com\/pl\/wp-json\/wp\/v2\/pages\/5549\/revisions"}],"predecessor-version":[{"id":5647,"href":"https:\/\/fitelbergcompetition.com\/pl\/wp-json\/wp\/v2\/pages\/5549\/revisions\/5647"}],"wp:featuredmedia":[{"embeddable":true,"href":"https:\/\/fitelbergcompetition.com\/pl\/wp-json\/wp\/v2\/media\/1257"}],"wp:attachment":[{"href":"https:\/\/fitelbergcompetition.com\/pl\/wp-json\/wp\/v2\/media?parent=5549"}],"curies":[{"name":"wp","href":"https:\/\/api.w.org\/{rel}","templated":true}]}}