{"id":5595,"date":"2026-04-19T20:57:33","date_gmt":"2026-04-19T18:57:33","guid":{"rendered":"https:\/\/fitelbergcompetition.com\/?page_id=5595"},"modified":"2026-04-22T08:15:36","modified_gmt":"2026-04-22T06:15:36","slug":"christopher-warren-green","status":"publish","type":"page","link":"https:\/\/fitelbergcompetition.com\/pl\/christopher-warren-green\/","title":{"rendered":"Christopher Warren-Green"},"content":{"rendered":"\t\t<div data-elementor-type=\"wp-page\" data-elementor-id=\"5595\" class=\"elementor elementor-5595\">\n\t\t\t\t\t\t\t\t\t<section class=\"elementor-section elementor-top-section elementor-element elementor-element-5198342 elementor-section-boxed elementor-section-height-default elementor-section-height-default\" data-id=\"5198342\" data-element_type=\"section\" data-settings=\"{&quot;jet_parallax_layout_list&quot;:[]}\">\n\t\t\t\t\t\t<div class=\"elementor-container elementor-column-gap-default\">\n\t\t\t\t\t<div class=\"elementor-column elementor-col-100 elementor-top-column elementor-element elementor-element-d73f4ed\" data-id=\"d73f4ed\" data-element_type=\"column\">\n\t\t\t<div class=\"elementor-widget-wrap elementor-element-populated\">\n\t\t\t\t\t\t\t\t<div class=\"elementor-element elementor-element-0a51f61 elementor-widget elementor-widget-heading\" data-id=\"0a51f61\" data-element_type=\"widget\" data-widget_type=\"heading.default\">\n\t\t\t\t<div class=\"elementor-widget-container\">\n\t\t\t<style>\/*! elementor - v3.11.1 - 15-02-2023 *\/\n.elementor-heading-title{padding:0;margin:0;line-height:1}.elementor-widget-heading .elementor-heading-title[class*=elementor-size-]>a{color:inherit;font-size:inherit;line-height:inherit}.elementor-widget-heading .elementor-heading-title.elementor-size-small{font-size:15px}.elementor-widget-heading .elementor-heading-title.elementor-size-medium{font-size:19px}.elementor-widget-heading .elementor-heading-title.elementor-size-large{font-size:29px}.elementor-widget-heading .elementor-heading-title.elementor-size-xl{font-size:39px}.elementor-widget-heading .elementor-heading-title.elementor-size-xxl{font-size:59px}<\/style><h1 class=\"elementor-heading-title elementor-size-default\"><b>Christopher Warren-Green <\/b><\/h1>\t\t<\/div>\n\t\t\t\t<\/div>\n\t\t\t\t\t<\/div>\n\t\t<\/div>\n\t\t\t\t\t\t\t<\/div>\n\t\t<\/section>\n\t\t\t\t<section class=\"elementor-section elementor-top-section elementor-element elementor-element-1e2c29b elementor-section-boxed elementor-section-height-default elementor-section-height-default\" data-id=\"1e2c29b\" data-element_type=\"section\" data-settings=\"{&quot;jet_parallax_layout_list&quot;:[]}\">\n\t\t\t\t\t\t<div class=\"elementor-container elementor-column-gap-default\">\n\t\t\t\t\t<div class=\"elementor-column elementor-col-100 elementor-top-column elementor-element elementor-element-458d216\" data-id=\"458d216\" data-element_type=\"column\">\n\t\t\t<div class=\"elementor-widget-wrap elementor-element-populated\">\n\t\t\t\t\t\t\t\t<div class=\"elementor-element elementor-element-da92c0d elementor-widget elementor-widget-text-editor\" data-id=\"da92c0d\" data-element_type=\"widget\" data-widget_type=\"text-editor.default\">\n\t\t\t\t<div class=\"elementor-widget-container\">\n\t\t\t<style>\/*! elementor - v3.11.1 - 15-02-2023 *\/\n.elementor-widget-text-editor.elementor-drop-cap-view-stacked .elementor-drop-cap{background-color:#818a91;color:#fff}.elementor-widget-text-editor.elementor-drop-cap-view-framed .elementor-drop-cap{color:#818a91;border:3px solid;background-color:transparent}.elementor-widget-text-editor:not(.elementor-drop-cap-view-default) .elementor-drop-cap{margin-top:8px}.elementor-widget-text-editor:not(.elementor-drop-cap-view-default) .elementor-drop-cap-letter{width:1em;height:1em}.elementor-widget-text-editor .elementor-drop-cap{float:left;text-align:center;line-height:1;font-size:50px}.elementor-widget-text-editor .elementor-drop-cap-letter{display:inline-block}<\/style>\t\t\t\t<p data-start=\"0\" data-end=\"408\">Brytyjski dyrygent Christopher Warren-Green jest g\u0142\u00f3wnym dyrygentem i dyrektorem muzycznym London Chamber Orchestra w Wielkiej Brytanii, a tak\u017ce honorowym dyrygentem Charlotte Symphony Orchestra w Karolinie P\u00f3\u0142nocnej, po dwunastoletniej kadencji na stanowisku jej dyrektora muzycznego. Pe\u0142ni funkcj\u0119 przewodnicz\u0105cego Foundation for Young Musicians, a w 2022 roku \u015bwi\u0119towa\u0142 50-lecie dzia\u0142alno\u015bci artystycznej.<\/p><p data-start=\"410\" data-end=\"1263\">Warren-Green wsp\u00f3\u0142pracowa\u0142 z czo\u0142owymi orkiestrami na ca\u0142ym \u015bwiecie, w tym z The Philadelphia Orchestra, Minnesota Orchestra, Macao Orchestra oraz orkiestrami symfonicznymi z Detroit, Houston, St. Louis, Toronto, Milwaukee, Seattle i Vancouver, a tak\u017ce z National Symphony Orchestra w Waszyngtonie. W Wielkiej Brytanii dyrygowa\u0142 m.in. Philharmonia Orchestra, London Philharmonic Orchestra, Royal Liverpool Philharmonic Orchestra oraz Royal Scottish National Orchestra. W Europie prowadzi\u0142 takie zespo\u0142y jak Orchestre National de Belgique, Beethoven Orchestra Bonn, Orchestre National de Montpellier, Z\u00fcrcher Kammerorchester, RT\u00c9 Symphony Orchestra czy Iceland Symphony Orchestra. W Azji wsp\u00f3\u0142pracowa\u0142 z Hong Kong Philharmonic Orchestra, NHK Symphony Orchestra, Yomiuri Nippon Symphony Orchestra oraz orkiestrami symfonicznymi z Singapuru, Sapporo i KBS.<\/p><p data-start=\"1265\" data-end=\"2041\">Obok dzia\u0142alno\u015bci mi\u0119dzynarodowej Warren-Green regularnie dyryguje podczas uroczysto\u015bci brytyjskiej rodziny kr\u00f3lewskiej. Prowadzi\u0142 m.in. ceremonie \u015blubne Jego Kr\u00f3lewskiej Mo\u015bci kr\u00f3la Karola III i kr\u00f3lowej Camilli, Ich Kr\u00f3lewskich Wysoko\u015bci ksi\u0119cia i ksi\u0119\u017cnej Walii oraz ksi\u0119cia i ksi\u0119\u017cnej Sussex. Dyrygowa\u0142 London Chamber Orchestra z okazji 80. urodzin kr\u00f3lowej El\u017cbiety II, a Philharmonia Orchestra podczas koncertu z okazji jej 90. urodzin w Theatre Royal przy Drury Lane. Prowadzi\u0142 r\u00f3wnie\u017c koncert z okazji 60. urodzin kr\u00f3la Karola w Pa\u0142acu Buckingham oraz inne wydarzenia o charakterze kr\u00f3lewskim. Jako dyrygent dokona\u0142 licznych nagra\u0144 dla wytw\u00f3rni Sony, Philips, Virgin, EMI, Chandos, Decca i Deutsche Grammophon, a z London Chamber Orchestra nagrywa dla Signum Classics.<\/p><p data-start=\"2043\" data-end=\"2229\">Jako solista nagra\u0142 koncerty Mendelssohna, Mozarta i Vivaldiego oraz wielokrotnie wyst\u0119powa\u0142 w Europie, szczeg\u00f3lnie z Academy of St Martin in the Fields, m.in. w berli\u0144skiej Filharmonii.<\/p><p data-start=\"2231\" data-end=\"2931\" data-is-last-node=\"\" data-is-only-node=\"\">Karier\u0119 rozpocz\u0105\u0142 w wieku siedemnastu lat, a ju\u017c jako dwudziestojednolatek zosta\u0142 koncertmistrzem BBC National Orchestra of Wales, nast\u0119pnie Philharmonia Orchestra pod dyrekcj\u0105 Riccarda Mutiego. W wieku dwudziestu pi\u0119ciu lat obj\u0105\u0142 stanowisko koncertmistrza Academy of St Martin in the Fields pod kierownictwem sir Neville\u2019a Marrinera. Zasiada\u0142 w jury wielu presti\u017cowych konkurs\u00f3w mi\u0119dzynarodowych, w tym Prague Spring Conducting Competition, Mi\u0119dzynarodowego Konkursu Skrzypcowego im. Wieniawskiego oraz Hong Kong Piano Competition. Jest cz\u0142onkiem Royal Academy of Music, gdzie przez osiem lat pe\u0142ni\u0142 funkcj\u0119 profesora. Wielokrotnie wyst\u0119powa\u0142 tak\u017ce w telewizji i radiu, zw\u0142aszcza w ramach BBC Proms.<\/p><div class=\"field field--name-field-media-grid field--type-entity-reference-revisions field--label-hidden field__item\"><div class=\"center mv5 paragraph paragraph--type--media-grid paragraph--view-mode--default\"><div class=\"flex-ns flex-wrap-ns overflow-hidden nr1-ns nl1-ns field field--name-field-media-grid-media field--type-entity-reference field__items\"><div class=\"w-100 mw8 center bt bb b--white bn-ns pa1-ns field__item\"><div class=\"relative media media--type-audio-clip media--view-mode-teaser\"><div class=\"aspect-ratio aspect-ratio--16x9\"><div class=\"aspect-ratio--object z-1 bg-light-gray\"><div class=\"h-100 bg-light-gray responsive-image responsive-image--banner\">\u00a0<\/div><\/div><\/div><\/div><\/div><\/div><\/div><\/div>\t\t\t\t\t\t<\/div>\n\t\t\t\t<\/div>\n\t\t\t\t\t<\/div>\n\t\t<\/div>\n\t\t\t\t\t\t\t<\/div>\n\t\t<\/section>\n\t\t\t\t<section class=\"elementor-section elementor-top-section elementor-element elementor-element-0553ed3 elementor-section-boxed elementor-section-height-default elementor-section-height-default\" data-id=\"0553ed3\" data-element_type=\"section\" data-settings=\"{&quot;jet_parallax_layout_list&quot;:[]}\">\n\t\t\t\t\t\t<div class=\"elementor-container elementor-column-gap-default\">\n\t\t\t\t\t<div class=\"elementor-column elementor-col-100 elementor-top-column elementor-element elementor-element-8a77ca6\" data-id=\"8a77ca6\" data-element_type=\"column\">\n\t\t\t<div class=\"elementor-widget-wrap elementor-element-populated\">\n\t\t\t\t\t\t\t\t<div class=\"elementor-element elementor-element-c790d27 elementor-widget elementor-widget-text-editor\" data-id=\"c790d27\" data-element_type=\"widget\" data-widget_type=\"text-editor.default\">\n\t\t\t\t<div class=\"elementor-widget-container\">\n\t\t\t\t\t\t\t\t\t\t\t\t\t<\/div>\n\t\t\t\t<\/div>\n\t\t\t\t\t<\/div>\n\t\t<\/div>\n\t\t\t\t\t\t\t<\/div>\n\t\t<\/section>\n\t\t\t\t<section class=\"elementor-section elementor-top-section elementor-element elementor-element-7ad2d6a elementor-section-boxed elementor-section-height-default elementor-section-height-default\" data-id=\"7ad2d6a\" data-element_type=\"section\" data-settings=\"{&quot;jet_parallax_layout_list&quot;:[]}\">\n\t\t\t\t\t\t<div class=\"elementor-container elementor-column-gap-default\">\n\t\t\t\t\t<div class=\"elementor-column elementor-col-100 elementor-top-column elementor-element elementor-element-911656d\" data-id=\"911656d\" data-element_type=\"column\">\n\t\t\t<div class=\"elementor-widget-wrap elementor-element-populated\">\n\t\t\t\t\t\t\t\t<div class=\"elementor-element elementor-element-8e52f0c elementor-widget elementor-widget-image\" data-id=\"8e52f0c\" data-element_type=\"widget\" data-widget_type=\"image.default\">\n\t\t\t\t<div class=\"elementor-widget-container\">\n\t\t\t<style>\/*! elementor - v3.11.1 - 15-02-2023 *\/\n.elementor-widget-image{text-align:center}.elementor-widget-image a{display:inline-block}.elementor-widget-image a img[src$=\".svg\"]{width:48px}.elementor-widget-image img{vertical-align:middle;display:inline-block}<\/style>\t\t\t\t\t\t\t\t\t\t\t\t<img loading=\"lazy\" decoding=\"async\" width=\"800\" height=\"419\" src=\"https:\/\/fitelbergcompetition.com\/wp-content\/uploads\/2026\/04\/1200-628-Masterclass-2026-EN-1024x536.png\" class=\"attachment-large size-large wp-image-5563\" alt=\"\" srcset=\"https:\/\/fitelbergcompetition.com\/wp-content\/uploads\/2026\/04\/1200-628-Masterclass-2026-EN-1024x536.png 1024w, https:\/\/fitelbergcompetition.com\/wp-content\/uploads\/2026\/04\/1200-628-Masterclass-2026-EN-300x157.png 300w, https:\/\/fitelbergcompetition.com\/wp-content\/uploads\/2026\/04\/1200-628-Masterclass-2026-EN-768x402.png 768w, https:\/\/fitelbergcompetition.com\/wp-content\/uploads\/2026\/04\/1200-628-Masterclass-2026-EN-1536x804.png 1536w, https:\/\/fitelbergcompetition.com\/wp-content\/uploads\/2026\/04\/1200-628-Masterclass-2026-EN-2048x1072.png 2048w\" sizes=\"auto, (max-width: 800px) 100vw, 800px\" \/>\t\t\t\t\t\t\t\t\t\t\t\t\t\t\t<\/div>\n\t\t\t\t<\/div>\n\t\t\t\t\t<\/div>\n\t\t<\/div>\n\t\t\t\t\t\t\t<\/div>\n\t\t<\/section>\n\t\t\t\t\t\t\t<\/div>\n\t\t","protected":false},"excerpt":{"rendered":"<p>Christopher Warren-Green Brytyjski dyrygent Christopher Warren-Green jest g\u0142\u00f3wnym dyrygentem i dyrektorem muzycznym London Chamber Orchestra w Wielkiej Brytanii, a tak\u017ce honorowym dyrygentem Charlotte Symphony Orchestra w Karolinie P\u00f3\u0142nocnej, po dwunastoletniej kadencji na stanowisku jej dyrektora muzycznego. Pe\u0142ni funkcj\u0119 przewodnicz\u0105cego Foundation for Young Musicians, a w 2022 roku \u015bwi\u0119towa\u0142 50-lecie dzia\u0142alno\u015bci artystycznej. Warren-Green wsp\u00f3\u0142pracowa\u0142 z czo\u0142owymi [&hellip;]<\/p>\n","protected":false},"author":10,"featured_media":1257,"parent":0,"menu_order":5,"comment_status":"closed","ping_status":"closed","template":"","meta":{"footnotes":""},"class_list":["post-5595","page","type-page","status-publish","has-post-thumbnail","hentry"],"_links":{"self":[{"href":"https:\/\/fitelbergcompetition.com\/pl\/wp-json\/wp\/v2\/pages\/5595","targetHints":{"allow":["GET"]}}],"collection":[{"href":"https:\/\/fitelbergcompetition.com\/pl\/wp-json\/wp\/v2\/pages"}],"about":[{"href":"https:\/\/fitelbergcompetition.com\/pl\/wp-json\/wp\/v2\/types\/page"}],"author":[{"embeddable":true,"href":"https:\/\/fitelbergcompetition.com\/pl\/wp-json\/wp\/v2\/users\/10"}],"replies":[{"embeddable":true,"href":"https:\/\/fitelbergcompetition.com\/pl\/wp-json\/wp\/v2\/comments?post=5595"}],"version-history":[{"count":7,"href":"https:\/\/fitelbergcompetition.com\/pl\/wp-json\/wp\/v2\/pages\/5595\/revisions"}],"predecessor-version":[{"id":5640,"href":"https:\/\/fitelbergcompetition.com\/pl\/wp-json\/wp\/v2\/pages\/5595\/revisions\/5640"}],"wp:featuredmedia":[{"embeddable":true,"href":"https:\/\/fitelbergcompetition.com\/pl\/wp-json\/wp\/v2\/media\/1257"}],"wp:attachment":[{"href":"https:\/\/fitelbergcompetition.com\/pl\/wp-json\/wp\/v2\/media?parent=5595"}],"curies":[{"name":"wp","href":"https:\/\/api.w.org\/{rel}","templated":true}]}}